{"id":12,"date":"2018-02-28T19:17:30","date_gmt":"2018-02-28T19:17:30","guid":{"rendered":"https:\/\/websitedemos.net\/alex02\/?page_id=4"},"modified":"2026-02-20T14:02:12","modified_gmt":"2026-02-20T13:02:12","slug":"1-page-2-2","status":"publish","type":"page","link":"https:\/\/xplore-berlin.de\/de\/","title":{"rendered":"Willkommen beim xplore-Erlebnis"},"content":{"rendered":"<div style=\"height:50px\" aria-hidden=\"true\" class=\"wp-block-spacer\"><\/div>\n\n\n\n<h2 class=\"ghostkit-custom-Z2u1spf\" id=\"xplore-2026-zur-rechten-zeit-when-the-time-is-right\"><strong>XPLORE 2026 \/ zur rechten Zeit &#8211; when the time is right<\/strong><\/h2>\n\n\n\n<div style=\"height:20px\" aria-hidden=\"true\" class=\"wp-block-spacer\"><\/div>\n\n\n\n<div class=\"ghostkit-divider ghostkit-divider-type-solid ghostkit-custom-afElM\"><\/div>\n\n\n\n<div style=\"height:20px\" aria-hidden=\"true\" class=\"wp-block-spacer\"><\/div>\n\n\n\n<h3 class=\"ghostkit-custom-ZsmPfI\" id=\"concept\"><strong>KONZEPT<\/strong><\/h3>\n\n\n\n<p class=\"ghostkit-custom-Z21p21H\">xplore (und ich) waren immer sehr stolz darauf, konzeptionell, experimentell und avantgardistisch zu sein. Die Schaffung eines fast - schon - manchmal  -  magischen Raums ist immerw\u00e4hrendes Bem\u00fchen. Es braucht ein gewisses Ma\u00df an Struktur und Anleitung, damit die Menschen sich sicher  genug f\u00fchlen, um sich auf Neues einzulassen und um zu wagen, sich frei auszudr\u00fccken: To xplore &amp; xpress. Es gilt einen bewussten Raum zu schaffen, einen kollektiven Code zu installieren, eine gemeinsame Vereinbarung zu treffen, ganz bestimmte Qualit\u00e4ten zu kultivieren und zu feiern, w\u00e4hrend man mit anderen interagiert: Pr\u00e4senz, Klarheit, Ehrlichkeit, Freundlichkeit und Humor, Entschlossenheit und Toleranz. Es braucht Erfahrung wie Konsens herzustellen ist, wie Kollaboration, Kommunikation und Kreativit\u00e4t funktionieren. Und wer beherrscht das schon zu 100%?<\/p>\n\n\n\n<p class=\"ghostkit-custom-Z28z2NY\">Dieses Wissen im K\u00f6rper ist die Voraussetzung daf\u00fcr, dass freier Ausdruck, emotionale Verbundenheit, sexuelle Freiheit und Akzeptanz entstehen k\u00f6nnen \u2013 und sich damit der magische Raum \u00f6ffnet.<\/p>\n\n\n\n<p class=\"ghostkit-custom-Z14u2LH\">Bei der Organisation der letzten beiden Ausgaben von xplore hatte ich mich f\u00fcr zwei Tage mit einem sehr strukturierten und fokussierten Programm entschieden, erg\u00e4nzt durch einen Tag mit unstrukturiertem Freiraum.<\/p>\n\n\n\n<p class=\"ghostkit-custom-ZCtTUu\">Dieses Jahr wird es eine neue Herausforderung geben \u2013 mehr Freiheit und Wahlm\u00f6glichkeiten, aber auch mehr Verantwortung und (Selbst-)Disziplin:<\/p>\n\n\n\n<p class=\"ghostkit-custom-Z20btRK\"><strong>Es wird keinen Zeitplan und keine Zeitvorgaben geben.<\/strong><\/p>\n\n\n\n<p class=\"ghostkit-custom-1HVFE6\">Keine Workshop-Listen und Ank\u00fcndigungen. Wir m\u00f6chten euch \u00fcberraschen, euch auf Entdeckungsreise schicken, euch entschleunigen, euch auch mal in die Irre f\u00fchren. Vergesst die Angst, etwas zu verpassen, wehrt euch gegen Vergangenheit und Zukunft, verweigert Verabredungen und Fristen, lasst euch treiben in unserem Zeitlabyrinth, geleitet vom gro\u00dfen JETZT.<br class=\"\"><br class=\"\"><strong>Alles wird geschehen, wenn die Zeit reif ist.<\/strong><\/p>\n\n\n\n<p class=\"ghostkit-custom-Z6MMDN\">Alle Workshop- und Spielr\u00e4ume sind permanent ge\u00f6ffnet und erm\u00f6glichen freies Herumschweifen. Einige R\u00e4ume sind f\u00fcr freies spontanes Spielen gedacht - die play spaces. Andere bieten locker strukturierte Umgebungen, in denen verschiedene Dozent*innen und K\u00fcnstler*innen Wellen gemeinsamer Aktivit\u00e4ten vorschlagen.<\/p>\n\n\n\n<p class=\"ghostkit-custom-ZgO2op\">Es liegt in der Verantwortung jedes Einzelnen zu verstehen, wann eine Aktivit\u00e4t aktive Teilnahme zul\u00e4sst, wann es angemessener ist, nur zu beobachten, und wann der richtige Zeitpunkt gekommen ist, bei einem bereits laufenden Prozess einzusteigen. <\/p>\n\n\n\n<p class=\"ghostkit-custom-Z1pFx0z\">Das Konzept bezieht sich auch auf die Instabilit\u00e4t und Unvorhersehbarkeitder Zeit, in der wir leben. Es ist eine Einladung, die Hoffnung aufzugeben, dass sich die Dinge zum Besseren wenden, ein Angebot Kontrolle und W\u00fcnsche loszulassen und einfach zu versuchen, das Beste aus dem zu machen, was gerade da ist...<\/p>\n\n\n\n<p class=\"ghostkit-custom-1kwKcb\"><em>Be water, my friend....<\/em><\/p>\n\n\n\n<p class=\"ghostkit-custom-wLOCQ\">Felix Ruckert, Februar 2026<\/p>\n\n\n\n<div style=\"height:50px\" aria-hidden=\"true\" class=\"wp-block-spacer\"><\/div>\n\n\n\n<figure class=\"wp-block-image aligncenter size-full\"><img width=\"570\" height=\"404\" src=\"https:\/\/xplore-berlin.de\/wp-content\/uploads\/Selection_200.png\" alt=\"\" class=\"wp-image-3456\" srcset=\"https:\/\/xplore-berlin.de\/wp-content\/uploads\/Selection_200.png 570w, https:\/\/xplore-berlin.de\/wp-content\/uploads\/Selection_200-300x213.png 300w, https:\/\/xplore-berlin.de\/wp-content\/uploads\/Selection_200-18x12.png 18w\" sizes=\"(max-width: 570px) 100vw, 570px\" \/><\/figure>\n\n\n\n<div style=\"height:50px\" aria-hidden=\"true\" class=\"wp-block-spacer\"><\/div>\n\n\n\n<div class=\"ghostkit-divider ghostkit-divider-type-solid ghostkit-custom-ZdLA3o\"><\/div>\n\n\n\n<div style=\"height:100px\" aria-hidden=\"true\" class=\"wp-block-spacer\"><\/div>","protected":false},"excerpt":{"rendered":"<p>XPLORE 2026 \/ zur rechten Zeit &#8211; when the time is right CONCEPT xplore always took great pride in being conceptual, experimental and avantgarde. Creating the almost-sometimes- often- so-called magical space is always a struggle. You need to provide a certain amount of structure and guidance for people to feel safe to xplore &amp; xpress, &hellip;<\/p>\n<p class=\"read-more\"> <a class=\"\" href=\"https:\/\/xplore-berlin.de\/de\/\"> <span class=\"screen-reader-text\">Willkommen beim xplore-Erlebnis<\/span> Weiterlesen \u00bb<\/a><\/p>","protected":false},"author":1,"featured_media":102,"parent":0,"menu_order":0,"comment_status":"closed","ping_status":"closed","template":"","meta":{"_uag_custom_page_level_css":"","ghostkit_customizer_options":"","ghostkit_custom_css":"","ghostkit_custom_js_head":"","ghostkit_custom_js_foot":"","ghostkit_typography":"","site-sidebar-layout":"no-sidebar","site-content-layout":"page-builder","ast-global-header-display":"","ast-main-header-display":"","ast-hfb-above-header-display":"","ast-hfb-below-header-display":"","ast-hfb-mobile-header-display":"","site-post-title":"disabled","ast-breadcrumbs-content":"","ast-featured-img":"disabled","footer-sml-layout":"","theme-transparent-header-meta":"default","adv-header-id-meta":"","stick-header-meta":"default","header-above-stick-meta":"","header-main-stick-meta":"","header-below-stick-meta":""},"uagb_featured_image_src":{"full":["https:\/\/xplore-berlin.de\/wp-content\/uploads\/roma00-logo-en_480bb.png",480,120,false],"thumbnail":["https:\/\/xplore-berlin.de\/wp-content\/uploads\/roma00-logo-en_480bb-150x120.png",150,120,true],"medium":["https:\/\/xplore-berlin.de\/wp-content\/uploads\/roma00-logo-en_480bb-300x75.png",300,75,true],"medium_large":["https:\/\/xplore-berlin.de\/wp-content\/uploads\/roma00-logo-en_480bb.png",480,120,false],"large":["https:\/\/xplore-berlin.de\/wp-content\/uploads\/roma00-logo-en_480bb.png",480,120,false],"1536x1536":["https:\/\/xplore-berlin.de\/wp-content\/uploads\/roma00-logo-en_480bb.png",480,120,false],"2048x2048":["https:\/\/xplore-berlin.de\/wp-content\/uploads\/roma00-logo-en_480bb.png",480,120,false],"trp-custom-language-flag":["https:\/\/xplore-berlin.de\/wp-content\/uploads\/roma00-logo-en_480bb.png",18,5,false]},"uagb_author_info":{"display_name":"xpad01","author_link":"https:\/\/xplore-berlin.de\/de\/author\/xpad01\/"},"uagb_comment_info":0,"uagb_excerpt":"XPLORE 2026 \/ zur rechten Zeit &#8211; when the time is right CONCEPT xplore always took great pride in being conceptual, experimental and avantgarde. Creating the almost-sometimes- often- so-called magical space is always a struggle. You need to provide a certain amount of structure and guidance for people to feel safe to xplore &amp; xpress,&hellip;","_links":{"self":[{"href":"https:\/\/xplore-berlin.de\/de\/wp-json\/wp\/v2\/pages\/12"}],"collection":[{"href":"https:\/\/xplore-berlin.de\/de\/wp-json\/wp\/v2\/pages"}],"about":[{"href":"https:\/\/xplore-berlin.de\/de\/wp-json\/wp\/v2\/types\/page"}],"author":[{"embeddable":true,"href":"https:\/\/xplore-berlin.de\/de\/wp-json\/wp\/v2\/users\/1"}],"replies":[{"embeddable":true,"href":"https:\/\/xplore-berlin.de\/de\/wp-json\/wp\/v2\/comments?post=12"}],"version-history":[{"count":385,"href":"https:\/\/xplore-berlin.de\/de\/wp-json\/wp\/v2\/pages\/12\/revisions"}],"predecessor-version":[{"id":4256,"href":"https:\/\/xplore-berlin.de\/de\/wp-json\/wp\/v2\/pages\/12\/revisions\/4256"}],"wp:featuredmedia":[{"embeddable":true,"href":"https:\/\/xplore-berlin.de\/de\/wp-json\/wp\/v2\/media\/102"}],"wp:attachment":[{"href":"https:\/\/xplore-berlin.de\/de\/wp-json\/wp\/v2\/media?parent=12"}],"curies":[{"name":"wp","href":"https:\/\/api.w.org\/{rel}","templated":true}]}}