{"id":135,"date":"2018-12-10T00:14:16","date_gmt":"2018-12-09T23:14:16","guid":{"rendered":"https:\/\/xplore-berlin.de\/?page_id=135"},"modified":"2026-03-31T12:35:22","modified_gmt":"2026-03-31T10:35:22","slug":"location-travelguide","status":"publish","type":"page","link":"https:\/\/xplore-berlin.de\/de\/location-travelguide\/","title":{"rendered":"Veranstaltungsort &amp; Anreise"},"content":{"rendered":"<h2 id=\"location\">Ort<\/h2>\n\n\n\n<figure class=\"wp-block-image alignright size-full is-resized ghostkit-custom-ZSe9LT\"><img src=\"https:\/\/xplore-berlin.de\/wp-content\/uploads\/Selection_158.png\" alt=\"\u00a9 2021 | IGG Malzfabrik mbH\" class=\"wp-image-3337\" width=\"300\" height=\"300\" srcset=\"https:\/\/xplore-berlin.de\/wp-content\/uploads\/Selection_158.png 788w, https:\/\/xplore-berlin.de\/wp-content\/uploads\/Selection_158-300x300.png 300w, https:\/\/xplore-berlin.de\/wp-content\/uploads\/Selection_158-150x150.png 150w, https:\/\/xplore-berlin.de\/wp-content\/uploads\/Selection_158-768x769.png 768w, https:\/\/xplore-berlin.de\/wp-content\/uploads\/Selection_158-12x12.png 12w\" sizes=\"(max-width: 300px) 100vw, 300px\" \/><figcaption>\u00a9 2021 | IGG Malzfabrik mbH<\/figcaption><\/figure>\n\n\n\n<p><\/p>\n\n\n\n<p><\/p>\n\n\n\n<p>Das<strong>&nbsp;Xplore Berlin Festival 2026 <\/strong>findet statt in: <\/p>\n\n\n\n<p><a href=\"https:\/\/www.malzfabrik.de\/en\">Malzfabrik<\/a><\/p>\n\n\n\n<p>Bessemerstr. 2-14<\/p>\n\n\n\n<p>D-12103 BERLIN (Sch\u00f6neberg\/Tempelhof)<\/p>\n\n\n\n<div style=\"height:50px\" aria-hidden=\"true\" class=\"wp-block-spacer\"><\/div>\n\n\n\n<div class=\"ghostkit-divider ghostkit-divider-type-solid ghostkit-custom-2nbG71\"><\/div>\n\n\n\n<h2 id=\"travelguide\">Reisef\u00fchrer<\/h2>\n\n\n\n<figure class=\"wp-block-image size-large is-resized\"><img src=\"https:\/\/xplore-berlin.de\/wp-content\/uploads\/Selection_160-1024x842.png\" alt=\"how to find Malzfabrik 1\" class=\"wp-image-3339\" width=\"1000\" srcset=\"https:\/\/xplore-berlin.de\/wp-content\/uploads\/Selection_160-1024x842.png 1024w, https:\/\/xplore-berlin.de\/wp-content\/uploads\/Selection_160-300x247.png 300w, https:\/\/xplore-berlin.de\/wp-content\/uploads\/Selection_160-768x631.png 768w, https:\/\/xplore-berlin.de\/wp-content\/uploads\/Selection_160-15x12.png 15w, https:\/\/xplore-berlin.de\/wp-content\/uploads\/Selection_160.png 1095w\" sizes=\"(max-width: 1024px) 100vw, 1024px\" \/><\/figure>\n\n\n\n<figure class=\"wp-block-image size-large is-resized\"><img src=\"https:\/\/xplore-berlin.de\/wp-content\/uploads\/Selection_159-1024x811.png\" alt=\"how to find Malzfabrik 2\" class=\"wp-image-3338\" width=\"1000\" srcset=\"https:\/\/xplore-berlin.de\/wp-content\/uploads\/Selection_159-1024x811.png 1024w, https:\/\/xplore-berlin.de\/wp-content\/uploads\/Selection_159-300x238.png 300w, https:\/\/xplore-berlin.de\/wp-content\/uploads\/Selection_159-768x608.png 768w, https:\/\/xplore-berlin.de\/wp-content\/uploads\/Selection_159-15x12.png 15w, https:\/\/xplore-berlin.de\/wp-content\/uploads\/Selection_159.png 1133w\" sizes=\"(max-width: 1024px) 100vw, 1024px\" \/><\/figure>\n\n\n\n<div style=\"height:50px\" aria-hidden=\"true\" class=\"wp-block-spacer\"><\/div>\n\n\n\n<div class=\"ghostkit-divider ghostkit-divider-type-solid ghostkit-custom-2ozUcG\"><\/div>\n\n\n\n<h2 id=\"site-map\">Lageplan<\/h2>\n\n\n\n<h4 id=\"on-the-premises-of-malzfabrik-we-have-exclusive-access-to\">Auf dem Gel\u00e4nde der Malzfabrik haben wir exklusiven Zugang zu:<\/h4>\n\n\n\n<ul><li>Teilen der Alten M\u00e4lzerei <\/li><li>Kachelhaus <\/li><li>angrenzende \u00fcberdachte Fl\u00e4che zwischen Kachelhaus und Kellerei<\/li><\/ul>\n\n\n\n<figure class=\"wp-block-image aligncenter size-full is-resized ghostkit-custom-FFrmz\"><img src=\"https:\/\/xplore-berlin.de\/wp-content\/uploads\/Selection_161.png\" alt=\"Lageplan Malzfabrik\" class=\"wp-image-3340\" width=\"500\" height=\"500\" srcset=\"https:\/\/xplore-berlin.de\/wp-content\/uploads\/Selection_161.png 904w, https:\/\/xplore-berlin.de\/wp-content\/uploads\/Selection_161-300x300.png 300w, https:\/\/xplore-berlin.de\/wp-content\/uploads\/Selection_161-150x150.png 150w, https:\/\/xplore-berlin.de\/wp-content\/uploads\/Selection_161-768x768.png 768w, https:\/\/xplore-berlin.de\/wp-content\/uploads\/Selection_161-12x12.png 12w\" sizes=\"(max-width: 500px) 100vw, 500px\" \/><figcaption>\u00a9 2021 | IGG Malzfabrik mbH<\/figcaption><\/figure>\n\n\n\n<div style=\"height:50px\" aria-hidden=\"true\" class=\"wp-block-spacer\"><\/div>\n\n\n\n<div class=\"ghostkit-divider ghostkit-divider-type-solid ghostkit-custom-1EeWGW\"><\/div>\n\n\n\n<h2 id=\"impressions\">Impressionen<\/h2>\n\n\n\n<h4 id=\"alte-malzerei\">Alte M\u00e4lzerei<\/h4>\n\n\n\n<div style=\"height:20px\" aria-hidden=\"true\" class=\"wp-block-spacer\"><\/div>\n\n\n\n<figure class=\"wp-block-image alignright size-full is-resized\"><img src=\"https:\/\/xplore-berlin.de\/wp-content\/uploads\/Selection_157.png\" alt=\"keimkasten\" class=\"wp-image-3349\" width=\"300\" srcset=\"https:\/\/xplore-berlin.de\/wp-content\/uploads\/Selection_157.png 817w, https:\/\/xplore-berlin.de\/wp-content\/uploads\/Selection_157-300x300.png 300w, https:\/\/xplore-berlin.de\/wp-content\/uploads\/Selection_157-150x150.png 150w, https:\/\/xplore-berlin.de\/wp-content\/uploads\/Selection_157-768x768.png 768w, https:\/\/xplore-berlin.de\/wp-content\/uploads\/Selection_157-12x12.png 12w\" sizes=\"(max-width: 817px) 100vw, 817px\" \/><figcaption>Keimkasten \/ \u00a9 2021 | IGG Malzfabrik mbH<\/figcaption><\/figure>\n\n\n\n<ul class=\"ghostkit-custom-ZoWJYR\"><li>Keimkasten I<\/li><li>Keimkasten II<\/li><\/ul>\n\n\n\n<div style=\"height:50px\" aria-hidden=\"true\" class=\"wp-block-spacer\"><\/div>\n\n\n\n<h4 id=\"kachelhaus\">Kachelhaus<\/h4>\n\n\n\n<div style=\"height:20px\" aria-hidden=\"true\" class=\"wp-block-spacer\"><\/div>\n\n\n\n<figure class=\"wp-block-image alignleft size-full is-resized ghostkit-custom-Z1ve6OL\"><img src=\"https:\/\/xplore-berlin.de\/wp-content\/uploads\/Selection_149.png\" alt=\"tankraum\" class=\"wp-image-3341\" width=\"300\" height=\"300\" srcset=\"https:\/\/xplore-berlin.de\/wp-content\/uploads\/Selection_149.png 501w, https:\/\/xplore-berlin.de\/wp-content\/uploads\/Selection_149-300x300.png 300w, https:\/\/xplore-berlin.de\/wp-content\/uploads\/Selection_149-150x150.png 150w, https:\/\/xplore-berlin.de\/wp-content\/uploads\/Selection_149-12x12.png 12w\" sizes=\"(max-width: 300px) 100vw, 300px\" \/><figcaption>Tankraum \/ \u00a9 2021 | IGG Malzfabrik mbH<\/figcaption><\/figure>\n\n\n\n<figure class=\"wp-block-image alignright size-full is-resized ghostkit-custom-2kWK8D\"><img src=\"https:\/\/xplore-berlin.de\/wp-content\/uploads\/Selection_153.png\" alt=\"lichtkeller\" class=\"wp-image-3345\" width=\"300\" height=\"300\" srcset=\"https:\/\/xplore-berlin.de\/wp-content\/uploads\/Selection_153.png 499w, https:\/\/xplore-berlin.de\/wp-content\/uploads\/Selection_153-300x300.png 300w, https:\/\/xplore-berlin.de\/wp-content\/uploads\/Selection_153-150x150.png 150w, https:\/\/xplore-berlin.de\/wp-content\/uploads\/Selection_153-12x12.png 12w\" sizes=\"(max-width: 300px) 100vw, 300px\" \/><figcaption>Lichtkeller \/ \u00a9 2021 | IGG Malzfabrik mbH<\/figcaption><\/figure>\n\n\n\n<p><\/p>\n\n\n\n<ul><li>Tankraum, Keller<\/li><li>Lichtkeller, Keller<\/li><\/ul>\n\n\n\n<div style=\"height:20px\" aria-hidden=\"true\" class=\"wp-block-spacer\"><\/div>\n\n\n\n<figure class=\"wp-block-image alignleft size-full is-resized ghostkit-custom-rH2og\"><img src=\"https:\/\/xplore-berlin.de\/wp-content\/uploads\/Selection_150.png\" alt=\"kachelhalle\" class=\"wp-image-3342\" width=\"300\" height=\"300\" srcset=\"https:\/\/xplore-berlin.de\/wp-content\/uploads\/Selection_150.png 500w, https:\/\/xplore-berlin.de\/wp-content\/uploads\/Selection_150-300x300.png 300w, https:\/\/xplore-berlin.de\/wp-content\/uploads\/Selection_150-150x150.png 150w, https:\/\/xplore-berlin.de\/wp-content\/uploads\/Selection_150-12x12.png 12w\" sizes=\"(max-width: 300px) 100vw, 300px\" \/><figcaption>Kachelhalle \/ \u00a9 2021 | IGG Malzfabrik mbH<\/figcaption><\/figure>\n\n\n\n<p><\/p>\n\n\n\n<ul class=\"ghostkit-custom-ZJIyhv\"><li>Kachelhalle, Erdgeschoss<\/li><\/ul>\n\n\n\n<div style=\"height:20px\" aria-hidden=\"true\" class=\"wp-block-spacer\"><\/div>\n\n\n\n<div style=\"height:10px\" aria-hidden=\"true\" class=\"wp-block-spacer\"><\/div>\n\n\n\n<figure class=\"wp-block-image alignright size-full is-resized ghostkit-custom-Z2oWL7c\"><img src=\"https:\/\/xplore-berlin.de\/wp-content\/uploads\/Selection_152.png\" alt=\"studio\" class=\"wp-image-3344\" width=\"300\" height=\"300\" srcset=\"https:\/\/xplore-berlin.de\/wp-content\/uploads\/Selection_152.png 500w, https:\/\/xplore-berlin.de\/wp-content\/uploads\/Selection_152-300x300.png 300w, https:\/\/xplore-berlin.de\/wp-content\/uploads\/Selection_152-150x150.png 150w, https:\/\/xplore-berlin.de\/wp-content\/uploads\/Selection_152-12x12.png 12w\" sizes=\"(max-width: 300px) 100vw, 300px\" \/><figcaption>Studio \/ \u00a9 2021 | IGG Malzfabrik mbH<\/figcaption><\/figure>\n\n\n\n<p><\/p>\n\n\n\n<ul class=\"ghostkit-custom-2sTcNj\"><li>Studio, Obergeschoss<\/li><\/ul>\n\n\n\n<div style=\"height:20px\" aria-hidden=\"true\" class=\"wp-block-spacer\"><\/div>\n\n\n\n<figure class=\"wp-block-image alignleft size-full is-resized ghostkit-custom-Z2oUyXA\"><img src=\"https:\/\/xplore-berlin.de\/wp-content\/uploads\/Selection_151.png\" alt=\"silent space\" class=\"wp-image-3343\" width=\"300\" height=\"300\" srcset=\"https:\/\/xplore-berlin.de\/wp-content\/uploads\/Selection_151.png 499w, https:\/\/xplore-berlin.de\/wp-content\/uploads\/Selection_151-300x300.png 300w, https:\/\/xplore-berlin.de\/wp-content\/uploads\/Selection_151-150x150.png 150w, https:\/\/xplore-berlin.de\/wp-content\/uploads\/Selection_151-12x12.png 12w\" sizes=\"(max-width: 300px) 100vw, 300px\" \/><figcaption>Speicher \/ \u00a9 2021 | IGG Malzfabrik mbH<\/figcaption><\/figure>\n\n\n\n<p><\/p>\n\n\n\n<ul class=\"ghostkit-custom-S08oc\"><li>Speicher, Dachboden<\/li><\/ul>\n\n\n\n<div style=\"height:50px\" aria-hidden=\"true\" class=\"wp-block-spacer\"><\/div>\n\n\n\n<h4 id=\"outdoor-areas\">Au\u00dfenbereiche<\/h4>\n\n\n\n<div style=\"height:20px\" aria-hidden=\"true\" class=\"wp-block-spacer\"><\/div>\n\n\n\n<figure class=\"wp-block-image alignright size-full is-resized ghostkit-custom-Zjjq2v\"><img src=\"https:\/\/xplore-berlin.de\/wp-content\/uploads\/Selection_154.png\" alt=\"outdoor\" class=\"wp-image-3346\" width=\"300\" height=\"300\" srcset=\"https:\/\/xplore-berlin.de\/wp-content\/uploads\/Selection_154.png 500w, https:\/\/xplore-berlin.de\/wp-content\/uploads\/Selection_154-300x300.png 300w, https:\/\/xplore-berlin.de\/wp-content\/uploads\/Selection_154-150x150.png 150w, https:\/\/xplore-berlin.de\/wp-content\/uploads\/Selection_154-12x12.png 12w\" sizes=\"(max-width: 300px) 100vw, 300px\" \/><figcaption>\u00a9 2021 | IGG Malzfabrik mbH<\/figcaption><\/figure>\n\n\n\n<p><\/p>\n\n\n\n<ul class=\"ghostkit-custom-18IEvb\"><li>Massage- &amp; K\u00f6rperarbeits-Lounge <\/li><li>Shibari Lounge <\/li><\/ul>\n\n\n\n<p><\/p>\n\n\n\n<div style=\"height:20px\" aria-hidden=\"true\" class=\"wp-block-spacer\"><\/div>\n\n\n\n<figure class=\"wp-block-image alignleft size-full is-resized ghostkit-custom-1qWTbS\"><img src=\"https:\/\/xplore-berlin.de\/wp-content\/uploads\/Selection_155.png\" alt=\"outdoor 2\" class=\"wp-image-3347\" width=\"300\" height=\"300\" srcset=\"https:\/\/xplore-berlin.de\/wp-content\/uploads\/Selection_155.png 498w, https:\/\/xplore-berlin.de\/wp-content\/uploads\/Selection_155-300x300.png 300w, https:\/\/xplore-berlin.de\/wp-content\/uploads\/Selection_155-150x150.png 150w, https:\/\/xplore-berlin.de\/wp-content\/uploads\/Selection_155-12x12.png 12w\" sizes=\"(max-width: 300px) 100vw, 300px\" \/><figcaption>\u00a9 2021 | IGG Malzfabrik mbH<\/figcaption><\/figure>\n\n\n\n<p><\/p>\n\n\n\n<ul class=\"ghostkit-custom-ZUEY1w\"><li>festivalbezogene Verpflegungsm\u00f6glichkeiten<\/li><\/ul>\n\n\n\n<div style=\"height:20px\" aria-hidden=\"true\" class=\"wp-block-spacer\"><\/div>\n\n\n\n<figure class=\"wp-block-image alignright size-full is-resized ghostkit-custom-Z1dzAsX\"><img src=\"https:\/\/xplore-berlin.de\/wp-content\/uploads\/Selection_156.png\" alt=\"outdoor 3\" class=\"wp-image-3348\" width=\"300\" height=\"300\" srcset=\"https:\/\/xplore-berlin.de\/wp-content\/uploads\/Selection_156.png 501w, https:\/\/xplore-berlin.de\/wp-content\/uploads\/Selection_156-300x300.png 300w, https:\/\/xplore-berlin.de\/wp-content\/uploads\/Selection_156-150x150.png 150w, https:\/\/xplore-berlin.de\/wp-content\/uploads\/Selection_156-12x12.png 12w\" sizes=\"(max-width: 300px) 100vw, 300px\" \/><figcaption>\u00a9 2021 | IGG Malzfabrik mbH<\/figcaption><\/figure>\n\n\n\n<p><\/p>\n\n\n\n<ul class=\"ghostkit-custom-8U4lU\"><li>Park und andere Au\u00dfenbereiche (\u00f6ffentlich zug\u00e4nglich, keine Spielbereiche)<\/li><\/ul>\n\n\n\n<div style=\"height:50px\" aria-hidden=\"true\" class=\"wp-block-spacer\"><\/div>\n\n\n\n<div class=\"ghostkit-divider ghostkit-divider-type-solid ghostkit-custom-Z1ebcxf\"><\/div>\n\n\n\n<h2 id=\"wheelchair-accessibility\">Barrierefreiheit f\u00fcr Rollstuhlfahrer*innen<\/h2>\n\n\n\n<p>Leider sind nicht alle Bereiche bei xplore rollstuhlgerecht\u2026<\/p>\n\n\n\n<div style=\"height:20px\" aria-hidden=\"true\" class=\"wp-block-spacer\"><\/div>\n\n\n\n<h4 id=\"kachelhaus-1\">Kachelhaus<\/h4>\n\n\n\n<ul><li>Tankraum (Keller) \u2013 fast barrierefrei \u00fcber den Aufzug vom Erdgeschoss aus \/ eine Stufe zu navigieren<\/li><li>Lichtkeller (Keller) \u2013 fast barrierefrei \u00fcber den Aufzug vom Erdgeschoss aus \/ eine Stufe zu navigieren<\/li><li>Kachelhalle (Erdgeschoss) \u2013 barrierefrei <\/li><li>Behindertengerechte Toilette (Erdgeschoss) \u2013 barrierefrei <\/li><li>Studio (Obergeschoss) \u2013 barrierefrei \u00fcber den Aufzug vom Erdgeschoss aus<\/li><li>Speicher (Dachgeschoss) \u2013 nicht barrierefrei \/ steile, schmale Wendeltreppe zu navigieren<\/li><\/ul>\n\n\n\n<div style=\"height:20px\" aria-hidden=\"true\" class=\"wp-block-spacer\"><\/div>\n\n\n\n<h4 id=\"alte-malzerei-1\">Alte M\u00e4lzerei<\/h4>\n\n\n\n<ul><li>Keimkasten I \u2013 nicht barrierefrei \/ lange, schmale Treppe zu \u00fcberwinden \/ Beobachtung des Raums von einer angrenzenden Plattform aus m\u00f6glich<\/li><li>Keimkasten II \u2013 nicht barrierefrei \/ lange, schmale Treppe zu \u00fcberwinden <\/li><\/ul>\n\n\n\n<div style=\"height:20px\" aria-hidden=\"true\" class=\"wp-block-spacer\"><\/div>\n\n\n\n<h4 id=\"outdoor-areas-1\">Au\u00dfenbereiche<\/h4>\n\n\n\n<ul><li>Gastronomiebereich \u2013 barrierefrei <\/li><li>Massage- &amp; K\u00f6rperarbeits-Lounge \u2013 barrierefrei <\/li><li>Shibari-Lounge \u2013 barrierefrei <\/li><li>Park &amp; weitere Au\u00dfenbereiche \u2013 barrierefrei <\/li><\/ul>\n\n\n\n<div style=\"height:20px\" aria-hidden=\"true\" class=\"wp-block-spacer\"><\/div>\n\n\n\n<p>Solltest du weitere konkrete Fragen zur Barrierefreiheit oder zu speziellen Ticketkategorien f\u00fcr Menschen mit Beeintr\u00e4chtigungen haben, kontaktiere uns gerne unter: <strong>jana.felixruckert@gmx.de<\/strong>!<\/p>\n\n\n\n<div style=\"height:50px\" aria-hidden=\"true\" class=\"wp-block-spacer\"><\/div>","protected":false},"excerpt":{"rendered":"<p>Location The&nbsp;Xplore Berlin Festival 2026 takes place at: Malzfabrik Bessemerstr. 2-14 D-12103 BERLIN (Sch\u00f6neberg\/Tempelhof) Travelguide Site Map On the premises of Malzfabrik, we have exclusive access to: parts of Alte M\u00e4lzerei Kachelhaus adjoining covered area between Kachelhaus and Kellerei Impressions Alte M\u00e4lzerei Keimkasten I Keimkasten II Kachelhaus Tankraum, basement Lichtkeller, basement Kachelhalle, ground floor Studio, &hellip;<\/p>\n<p class=\"read-more\"> <a class=\"\" href=\"https:\/\/xplore-berlin.de\/de\/location-travelguide\/\"> <span class=\"screen-reader-text\">Veranstaltungsort &amp; Anreise<\/span> Weiterlesen \u00bb<\/a><\/p>","protected":false},"author":1,"featured_media":0,"parent":0,"menu_order":0,"comment_status":"closed","ping_status":"closed","template":"","meta":{"_uag_custom_page_level_css":"","ghostkit_customizer_options":"","ghostkit_custom_css":"","ghostkit_custom_js_head":"","ghostkit_custom_js_foot":"","ghostkit_typography":"","site-sidebar-layout":"no-sidebar","site-content-layout":"content-boxed-container","ast-global-header-display":"","ast-main-header-display":"","ast-hfb-above-header-display":"","ast-hfb-below-header-display":"","ast-hfb-mobile-header-display":"","site-post-title":"","ast-breadcrumbs-content":"","ast-featured-img":"","footer-sml-layout":"","theme-transparent-header-meta":"default","adv-header-id-meta":"","stick-header-meta":"default","header-above-stick-meta":"","header-main-stick-meta":"","header-below-stick-meta":""},"uagb_featured_image_src":{"full":false,"thumbnail":false,"medium":false,"medium_large":false,"large":false,"1536x1536":false,"2048x2048":false,"trp-custom-language-flag":false},"uagb_author_info":{"display_name":"xpad01","author_link":"https:\/\/xplore-berlin.de\/de\/author\/xpad01\/"},"uagb_comment_info":0,"uagb_excerpt":"Location The&nbsp;Xplore Berlin Festival 2026 takes place at: Malzfabrik Bessemerstr. 2-14 D-12103 BERLIN (Sch\u00f6neberg\/Tempelhof) Travelguide Site Map On the premises of Malzfabrik, we have exclusive access to: parts of Alte M\u00e4lzerei Kachelhaus adjoining covered area between Kachelhaus and Kellerei Impressions Alte M\u00e4lzerei Keimkasten I Keimkasten II Kachelhaus Tankraum, basement Lichtkeller, basement Kachelhalle, ground floor Studio,&hellip;","_links":{"self":[{"href":"https:\/\/xplore-berlin.de\/de\/wp-json\/wp\/v2\/pages\/135"}],"collection":[{"href":"https:\/\/xplore-berlin.de\/de\/wp-json\/wp\/v2\/pages"}],"about":[{"href":"https:\/\/xplore-berlin.de\/de\/wp-json\/wp\/v2\/types\/page"}],"author":[{"embeddable":true,"href":"https:\/\/xplore-berlin.de\/de\/wp-json\/wp\/v2\/users\/1"}],"replies":[{"embeddable":true,"href":"https:\/\/xplore-berlin.de\/de\/wp-json\/wp\/v2\/comments?post=135"}],"version-history":[{"count":35,"href":"https:\/\/xplore-berlin.de\/de\/wp-json\/wp\/v2\/pages\/135\/revisions"}],"predecessor-version":[{"id":4407,"href":"https:\/\/xplore-berlin.de\/de\/wp-json\/wp\/v2\/pages\/135\/revisions\/4407"}],"wp:attachment":[{"href":"https:\/\/xplore-berlin.de\/de\/wp-json\/wp\/v2\/media?parent=135"}],"curies":[{"name":"wp","href":"https:\/\/api.w.org\/{rel}","templated":true}]}}