{"id":1358,"date":"2020-02-21T10:59:41","date_gmt":"2020-02-21T09:59:41","guid":{"rendered":"https:\/\/xplore-berlin.de\/?page_id=1358"},"modified":"2020-07-06T12:22:00","modified_gmt":"2020-07-06T10:22:00","slug":"workshops-2","status":"publish","type":"page","link":"https:\/\/xplore-berlin.de\/de\/workshops-2\/","title":{"rendered":"Workshops"},"content":{"rendered":"<p>Wir werden Anfang August unser Workshop-Programm f\u00fcr xplore 2020 Berlin (Spitzm\u00fchle) bekannt geben. <br><br>Bitte \u00fcberpr\u00fcfen Sie unsere FB-Seite oder unseren Newsletter f\u00fcr Updates. <br><br>Felix &amp; Caprice &amp; Team<\/p>","protected":false},"excerpt":{"rendered":"<p>Wir werden unser Workshop-Programm f\u00fcr die xplore 2020 Berlin (Spitzm\u00fchle) Anfang August bekannt geben. Bitte \u00fcberpr\u00fcfen Sie unsere FB-Seite oder unseren Newsletter auf Updates. Felix &amp; Caprice &amp; Team<\/p>","protected":false},"author":1,"featured_media":0,"parent":0,"menu_order":0,"comment_status":"closed","ping_status":"closed","template":"","meta":{"_uag_custom_page_level_css":"","ghostkit_customizer_options":"","ghostkit_custom_css":"","ghostkit_custom_js_head":"","ghostkit_custom_js_foot":"","ghostkit_typography":"","site-sidebar-layout":"default","site-content-layout":"default","ast-global-header-display":"","ast-main-header-display":"","ast-hfb-above-header-display":"","ast-hfb-below-header-display":"","ast-hfb-mobile-header-display":"","site-post-title":"","ast-breadcrumbs-content":"","ast-featured-img":"","footer-sml-layout":"","theme-transparent-header-meta":"default","adv-header-id-meta":"","stick-header-meta":"default","header-above-stick-meta":"","header-main-stick-meta":"","header-below-stick-meta":""},"uagb_featured_image_src":{"full":false,"thumbnail":false,"medium":false,"medium_large":false,"large":false,"1536x1536":false,"2048x2048":false,"trp-custom-language-flag":false},"uagb_author_info":{"display_name":"xpad01","author_link":"https:\/\/xplore-berlin.de\/de\/author\/xpad01\/"},"uagb_comment_info":0,"uagb_excerpt":"We will announce our workshop program for xplore 2020 Berlin (Spitzm\u00fchle) beginning of August. Please check our FB page or our newsletter for updates. Felix &amp; Caprice &amp; Team","_links":{"self":[{"href":"https:\/\/xplore-berlin.de\/de\/wp-json\/wp\/v2\/pages\/1358"}],"collection":[{"href":"https:\/\/xplore-berlin.de\/de\/wp-json\/wp\/v2\/pages"}],"about":[{"href":"https:\/\/xplore-berlin.de\/de\/wp-json\/wp\/v2\/types\/page"}],"author":[{"embeddable":true,"href":"https:\/\/xplore-berlin.de\/de\/wp-json\/wp\/v2\/users\/1"}],"replies":[{"embeddable":true,"href":"https:\/\/xplore-berlin.de\/de\/wp-json\/wp\/v2\/comments?post=1358"}],"version-history":[{"count":41,"href":"https:\/\/xplore-berlin.de\/de\/wp-json\/wp\/v2\/pages\/1358\/revisions"}],"predecessor-version":[{"id":2680,"href":"https:\/\/xplore-berlin.de\/de\/wp-json\/wp\/v2\/pages\/1358\/revisions\/2680"}],"wp:attachment":[{"href":"https:\/\/xplore-berlin.de\/de\/wp-json\/wp\/v2\/media?parent=1358"}],"curies":[{"name":"wp","href":"https:\/\/api.w.org\/{rel}","templated":true}]}}