{"id":140,"date":"2018-12-10T00:16:51","date_gmt":"2018-12-09T23:16:51","guid":{"rendered":"https:\/\/xplore-berlin.de\/?page_id=140"},"modified":"2024-04-22T00:36:01","modified_gmt":"2024-04-21T22:36:01","slug":"producers","status":"publish","type":"page","link":"https:\/\/xplore-berlin.de\/de\/producers\/","title":{"rendered":"Produzent*innen"},"content":{"rendered":"<div style=\"height:50px\" aria-hidden=\"true\" class=\"wp-block-spacer\"><\/div>\n\n\n\n<h2 id=\"felix\">Felix Ruckert<\/h2>\n\n\n\n<div style=\"height:30px\" aria-hidden=\"true\" class=\"wp-block-spacer\"><\/div>\n\n\n\n<figure class=\"wp-block-image alignleft size-full is-resized ghostkit-custom-1xQVQI\"><img src=\"https:\/\/xplore-berlin.de\/wp-content\/uploads\/Felix_prod_quad.jpg\" alt=\"felix\" class=\"wp-image-3299\" width=\"300\" srcset=\"https:\/\/xplore-berlin.de\/wp-content\/uploads\/Felix_prod_quad.jpg 354w, https:\/\/xplore-berlin.de\/wp-content\/uploads\/Felix_prod_quad-300x300.jpg 300w, https:\/\/xplore-berlin.de\/wp-content\/uploads\/Felix_prod_quad-150x150.jpg 150w, https:\/\/xplore-berlin.de\/wp-content\/uploads\/Felix_prod_quad-12x12.jpg 12w\" sizes=\"(max-width: 354px) 100vw, 354px\" \/><\/figure>\n\n\n\n<p><strong>Felix<\/strong> ist T\u00e4nzer, Choreograf und Kurator. Er gestaltet Events, tritt auf, h\u00e4lt Vortr\u00e4ge und leitet Workshops \u2013 oft verbindet er sein Wissen aus dem Tanz mit einem einzigartigen Ansatz zu BDSM-Praktiken und bewusster Sexualit\u00e4t. Au\u00dferdem macht er gerne Musik.<br>Er begann als T\u00e4nzer und arbeitete mit verschiedenen renommierten Kompanien (<strong>Mathilde Monnier, Wuppertaler Tanztheater von Pina Bausch)<\/strong> bevor er begann sich auf Choreografie, konzeptuelle Arbeiten und choreographische Installationen zu konzentrieren. Zwischen 1993 und 2008 schuf er mehr als 30 abendf\u00fcllende Performances f\u00fcr seine Berliner Company. Einige davon tourten weltweit. Er beeinflusste die darstellenden K\u00fcnste stark, indem er die B\u00fchne auf die physischen K\u00f6rper des Publikums ausdehnte und diesem damit eine aktive Rolle in seinen Performances verlieh. Seine experimentellen Tanzst\u00fccke, seine partizipativen Werke und seine Choreographien f\u00fcr Ballettkompanien machten ihn international bekannt als einen der vielseitigsten und innovativsten zeitgen\u00f6ssischen Choreographen.<\/p>\n\n\n\n<p> Felix Hauptinteresse sind die unendlichen M\u00f6glichkeiten des menschlichen K\u00f6rpers. Er studierte Ballett, modernen und zeitgen\u00f6ssischer Tanz, Improvisation, Feldenkrais, Pilates, Continuum Movement, Yoga, Chi Kung, Kinomichi, Kyudo, Tao Yoga, verschiedene Massagetechniken, Tantra, Kinbaku, Chor- und Solo-Gesang und vieles mehr. In den letzten zwanzig Jahren wurde er bekannt durch seine praktische und theoretische Erforschung des BDSM und die Untersuchung der Verbindungen zwischen BDSM-Techniken und k\u00fcnstlerischen Praktiken, wobei er eine Kunst der Ber\u00fchrung und eine Philosophie der sinnlichen Kommunikation entwickelte.<br>Von 2007 bis 2016 leitete er den Kunstort <strong>schwelle7<\/strong> in Berlin. Eine Fusion aus Kinky Club, Tanzstudio, Theater und privatem Wohnzimmer. Eine dauerhafte Performance an der Schwelle zwischen Privatem und Publikum. schwelle7 produzierte auch zahlreiche Auff\u00fchrungen und Workshops mit japanischen Bondage Meistern und spielte daher eine wichtige Rolle bei der Popularisierung von Kinbaku - dem japanischen Seil Bondage - in Europa. Eine Dokumentation \u00fcber schwelle7,&nbsp;<strong>Violently Happy von Paola Calvo<\/strong>, wurde im Jahr 2017 ver\u00f6ffentlicht.<br>Seit 2004 leitet Felix das j\u00e4hrliche Festival <strong>xplore<\/strong> in Berlin und kuratiert seine internationalen Ableger mit 28 Ausgaben in bisher sieben L\u00e4ndern. Seit 2012 leitet er auch <strong>EURIX - The European Rigger&amp;Model Exchange<\/strong>, ein halbj\u00e4hrliches Festival in Berlin, das sich der Entwicklung von Seilfesselung als Kunstform widmet.<\/p>\n\n\n\n<p>Im Oktober 2020 er\u00f6ffnete Felix einen neuen Standort in Berlin am Holzmarkt 25, dem<a href=\"https:\/\/www.iksk-berlin.de\/\"> IKSK \u2013 Institut f\u00fcr K\u00f6rperforschung und sexuelle Kultur<\/a>.<\/p>\n\n\n\n<p><a href=\"http:\/\/www.felixruckert.de\/\">www.felixruckert.de<\/a><\/p>\n\n\n\n<div style=\"height:30px\" aria-hidden=\"true\" class=\"wp-block-spacer\"><\/div>\n\n\n\n<div class=\"ghostkit-divider ghostkit-divider-type-solid ghostkit-custom-2fgsmx\"><\/div>\n\n\n\n<div style=\"height:50px\" aria-hidden=\"true\" class=\"wp-block-spacer\"><\/div>\n\n\n\n<h2 id=\"felix\">Jana Scherle<\/h2>\n\n\n\n<div style=\"height:30px\" aria-hidden=\"true\" class=\"wp-block-spacer\"><\/div>\n\n\n\n<figure class=\"wp-block-image alignleft size-large is-resized ghostkit-custom-Z1MOx1z\"><img src=\"https:\/\/xplore-berlin.de\/wp-content\/uploads\/Jana_prod_quad-1024x1024.jpg\" alt=\"jana\" class=\"wp-image-3301\" width=\"300\" srcset=\"https:\/\/xplore-berlin.de\/wp-content\/uploads\/Jana_prod_quad-1024x1024.jpg 1024w, https:\/\/xplore-berlin.de\/wp-content\/uploads\/Jana_prod_quad-300x300.jpg 300w, https:\/\/xplore-berlin.de\/wp-content\/uploads\/Jana_prod_quad-150x150.jpg 150w, https:\/\/xplore-berlin.de\/wp-content\/uploads\/Jana_prod_quad-768x768.jpg 768w, https:\/\/xplore-berlin.de\/wp-content\/uploads\/Jana_prod_quad-1536x1536.jpg 1536w, https:\/\/xplore-berlin.de\/wp-content\/uploads\/Jana_prod_quad-12x12.jpg 12w, https:\/\/xplore-berlin.de\/wp-content\/uploads\/Jana_prod_quad.jpg 1992w\" sizes=\"(max-width: 1024px) 100vw, 1024px\" \/><\/figure>\n\n\n\n<p><strong>Jana<\/strong> schloss aufgrund jugendlicher Orientierungslosigkeit in den 1980er Jahren eine Ausbildung zur Buchhalterin in Mecklenburg ab, entschied sich sp\u00e4ter f\u00fcr ein Studium an der FU Berlin und arbeitet heute als systemische Familientherapeutin. Sie lebt seit 30 Jahren in Berlin und interessiert sich vor allem f\u00fcr die postmoderne Ausgestaltung von Loyalit\u00e4t und emotionaler Bindung in alternativen Beziehungsformen wie Polyamorie, Patchwork und anderen Formen selbstgew\u00e4hlter Familienstrukturen.<\/p>\n\n\n\n<p>Sie engagiert sich seit 2010 ehrenamtlich im gemeinn\u00fctzigen Verein Compagnie Felix Ruckert Berlin e.V. und hat 2018 ihren langj\u00e4hrigen Vorg\u00e4nger Delta im Bereich Vereinsbuchhaltung und Finanzen abgel\u00f6st. Bei der diesj\u00e4hrigen xplore ist sie f\u00fcr die Registrierung der Teilnehmende, die Abrechnung und die Leitung des Insecurity Teams verantwortlich.<\/p>\n\n\n\n<div style=\"height:30px\" aria-hidden=\"true\" class=\"wp-block-spacer\"><\/div>\n\n\n\n<div class=\"ghostkit-divider ghostkit-divider-type-solid ghostkit-custom-Z1tiKQ7\"><\/div>\n\n\n\n<div style=\"height:50px\" aria-hidden=\"true\" class=\"wp-block-spacer\"><\/div>\n\n\n\n<h2 id=\"felix\">Anna Lysee<\/h2>\n\n\n\n<div style=\"height:30px\" aria-hidden=\"true\" class=\"wp-block-spacer\"><\/div>\n\n\n\n<figure class=\"wp-block-image alignleft size-full is-resized ghostkit-custom-2eeMYw\"><img src=\"https:\/\/xplore-berlin.de\/wp-content\/uploads\/Anna_producers.png\" alt=\"\" class=\"wp-image-2919\" width=\"300\" srcset=\"https:\/\/xplore-berlin.de\/wp-content\/uploads\/Anna_producers.png 602w, https:\/\/xplore-berlin.de\/wp-content\/uploads\/Anna_producers-300x300.png 300w, https:\/\/xplore-berlin.de\/wp-content\/uploads\/Anna_producers-150x150.png 150w, https:\/\/xplore-berlin.de\/wp-content\/uploads\/Anna_producers-12x12.png 12w\" sizes=\"(max-width: 602px) 100vw, 602px\" \/><\/figure>\n\n\n\n<p><strong>Anna<\/strong> arbeitet seit 2007 im p\u00e4dagogischen Bereich in sozialen Einrichtungen, mit besonderem Schwerpunkt in station\u00e4ren Wohneinrichtungen. Seit 2018 studiert sie zudem Psychologie an der HU Berlin und hat Weiterbildungen in integrativer Traumatherapie und Sexualtherapie absolviert. Ihr besonderes Interesse gilt der Entwicklung und Aufrechterhaltung traumainformierter Spieldynamiken und der Erforschung neurokognitiver, biologischer und psychologischer Einfl\u00fcsse auf Machtdynamiken und Rollenspiele.<\/p>\n\n\n\n<p>Anna ist seit 2015 freiberuflich in den Bereichen K\u00f6rperarbeit, japanische Seilkunst und Sexualerziehung t\u00e4tig. Seit 2016 ist sie kontinuierlich in die Organisation der European Rigger and Model Exchange (EURIX) und in die Organisation des Instituts f\u00fcr K\u00f6rperforschung und Sexualkultur involviert (IKSK) seit 2021. Bei der diesj\u00e4hrigen xplore ist sie f\u00fcr die unterschiedlichen Bereiche der praktischen Umsetzung des Festivals verantwortlich.<\/p>\n\n\n\n<div style=\"height:30px\" aria-hidden=\"true\" class=\"wp-block-spacer\"><\/div>\n\n\n\n<div class=\"ghostkit-divider ghostkit-divider-type-solid ghostkit-custom-ZKCzWq\"><\/div>\n\n\n\n<div style=\"height:50px\" aria-hidden=\"true\" class=\"wp-block-spacer\"><\/div>","protected":false},"excerpt":{"rendered":"<p>Felix Ruckert Felix ist T\u00e4nzer, Choreograf und Kurator. Er gestaltet Events, tritt auf, h\u00e4lt Vortr\u00e4ge und gibt Workshops \u2013 oft verbindet er sein Wissen aus dem Tanz mit einem einzigartigen Ansatz zu BDSM-Praktiken und bewusster Sexualit\u00e4t. Au\u00dferdem macht er gerne Musik. Er begann als T\u00e4nzer und arbeitete mit mehreren renommierten Kompanien (Mathilde Monnier, Pina Bauschs Wuppertaler \u2026<\/p>\n<p class=\"read-more\"> <a class=\"\" href=\"https:\/\/xplore-berlin.de\/de\/producers\/\"> <span class=\"screen-reader-text\">Produzent*innen<\/span> Weiterlesen \u00bb<\/a><\/p>","protected":false},"author":1,"featured_media":0,"parent":0,"menu_order":0,"comment_status":"closed","ping_status":"closed","template":"","meta":{"_uag_custom_page_level_css":"","ghostkit_customizer_options":"","ghostkit_custom_css":"","ghostkit_custom_js_head":"","ghostkit_custom_js_foot":"","ghostkit_typography":"","site-sidebar-layout":"default","site-content-layout":"content-boxed-container","ast-global-header-display":"","ast-main-header-display":"","ast-hfb-above-header-display":"","ast-hfb-below-header-display":"","ast-hfb-mobile-header-display":"","site-post-title":"","ast-breadcrumbs-content":"","ast-featured-img":"","footer-sml-layout":"","theme-transparent-header-meta":"default","adv-header-id-meta":"","stick-header-meta":"default","header-above-stick-meta":"","header-main-stick-meta":"","header-below-stick-meta":""},"uagb_featured_image_src":{"full":false,"thumbnail":false,"medium":false,"medium_large":false,"large":false,"1536x1536":false,"2048x2048":false,"trp-custom-language-flag":false},"uagb_author_info":{"display_name":"xpad01","author_link":"https:\/\/xplore-berlin.de\/de\/author\/xpad01\/"},"uagb_comment_info":0,"uagb_excerpt":"Felix Ruckert Felix is a dancer, choreographer and curator. He creates events, performs, gives lectures and teaches workshops \u2013 often fusing his knowledge from dance with an unique approach to practices of BDSM and conscious sexuality. He also enjoys making music.He started as a dancer working with several renowned companies (Mathilde Monnier, Pina Bausch\u2019s Wuppertaler&hellip;","_links":{"self":[{"href":"https:\/\/xplore-berlin.de\/de\/wp-json\/wp\/v2\/pages\/140"}],"collection":[{"href":"https:\/\/xplore-berlin.de\/de\/wp-json\/wp\/v2\/pages"}],"about":[{"href":"https:\/\/xplore-berlin.de\/de\/wp-json\/wp\/v2\/types\/page"}],"author":[{"embeddable":true,"href":"https:\/\/xplore-berlin.de\/de\/wp-json\/wp\/v2\/users\/1"}],"replies":[{"embeddable":true,"href":"https:\/\/xplore-berlin.de\/de\/wp-json\/wp\/v2\/comments?post=140"}],"version-history":[{"count":49,"href":"https:\/\/xplore-berlin.de\/de\/wp-json\/wp\/v2\/pages\/140\/revisions"}],"predecessor-version":[{"id":3960,"href":"https:\/\/xplore-berlin.de\/de\/wp-json\/wp\/v2\/pages\/140\/revisions\/3960"}],"wp:attachment":[{"href":"https:\/\/xplore-berlin.de\/de\/wp-json\/wp\/v2\/media?parent=140"}],"curies":[{"name":"wp","href":"https:\/\/api.w.org\/{rel}","templated":true}]}}