{"id":142,"date":"2018-12-10T00:18:49","date_gmt":"2018-12-09T23:18:49","guid":{"rendered":"https:\/\/xplore-berlin.de\/?page_id=142"},"modified":"2024-04-22T01:38:45","modified_gmt":"2024-04-21T23:38:45","slug":"xplore-what-is-ist-about","status":"publish","type":"page","link":"https:\/\/xplore-berlin.de\/de\/xplore-what-is-ist-about\/","title":{"rendered":"Xplore - worum geht es?"},"content":{"rendered":"<h2 id=\"xplore\">erkunden\u2026<\/h2>\n\n\n\n<div style=\"height:30px\" aria-hidden=\"true\" class=\"wp-block-spacer\"><\/div>\n\n\n\n<figure class=\"wp-block-image alignright is-resized ghostkit-custom-ZozE4K\"><img src=\"https:\/\/xplore-berlin.de\/wp-content\/uploads\/about-xp-festival.jpg\" alt=\"xplore - The Festival on the Art of Lust\" class=\"wp-image-114\" width=\"630\" height=\"447\" srcset=\"https:\/\/xplore-berlin.de\/wp-content\/uploads\/about-xp-festival.jpg 840w, https:\/\/xplore-berlin.de\/wp-content\/uploads\/about-xp-festival-300x213.jpg 300w, https:\/\/xplore-berlin.de\/wp-content\/uploads\/about-xp-festival-768x545.jpg 768w\" sizes=\"(max-width: 630px) 100vw, 630px\" \/><\/figure>\n\n\n\n<p>..... ist eine dreit\u00e4gige, immersive Veranstaltung mit Fokus auf den sexuellen K\u00f6rper und Sexualit\u00e4t als k\u00fcnstlerischer Ausdruck.<\/p>\n\n\n\n<div class=\"ghostkit-divider ghostkit-divider-type-solid ghostkit-custom-wPUbF\"><\/div>\n\n\n\n<p>\u2026bietet mehr als 60 Workshops, Performances und Vortr\u00e4ge an der Schnittstelle von Kunst und Sexualit\u00e4t, sowie drei kuratierte Spielr\u00e4ume f\u00fcr individuelle Erfahrungen.<\/p>\n\n\n\n<div class=\"ghostkit-divider ghostkit-divider-type-solid ghostkit-custom-omKIu\"><\/div>\n\n\n\n<p>\u2026 beherbergt eine breite Palette von Vortragenden, die mit dem Ph\u00e4nomen Sexualit\u00e4t spielen, arbeiten und es erforschen. Individuen, die auf ihrem Weg kraftvolle Techniken und Rituale entwickelt haben. Diese Formen und Ausdrucksformen sind so vielf\u00e4ltig wie die Sexualit\u00e4t selbst. Manche sind therapeutischer Natur, manche entspringen \u00e4sthetischen Absichten, andere sind die Suche nach Grenzerfahrungen. Viele von ihnen zielen einfach auf pure Lust ab. Ihre Gemeinsamkeiten sind Verspieltheit, Kommunikation, Kreativit\u00e4t. Sie erweitern Sexualit\u00e4t jenseits pornografischer Stereotypen, Heteronormativit\u00e4t und der traditionellen Paarbeziehung. Sie repr\u00e4sentieren eine andere Sexualkultur. Sie sind Kunst mit Leib und Seele.\u00a0<\/p>\n\n\n\n<div class=\"ghostkit-divider ghostkit-divider-type-solid ghostkit-custom-1tHJkt\"><\/div>\n\n\n\n<p>\u2026 kreiert ein aussergew\u00f6hnliches soziales Feld mit einem ungew\u00f6hnlichen Kommunikationscode: Offenheit und Direktheit, Empathie und Freundlichkeit sind die Regel.<\/p>\n\n\n\n<div class=\"ghostkit-divider ghostkit-divider-type-solid ghostkit-custom-ZQ0AdJ\"><\/div>\n\n\n\n<p>\u2026 ist eine Idee des Choreografen und Konzeptk\u00fcnstlers Felix R\u00fcckert und findet seit 2004 j\u00e4hrlich in Berlin statt. <\/p>\n\n\n\n<div style=\"height:30px\" aria-hidden=\"true\" class=\"wp-block-spacer\"><\/div>\n\n\n\n<p class=\"has-medium-font-size\">Willkommen auf unserem Spielplatz!<\/p>\n\n\n\n<div style=\"height:30px\" aria-hidden=\"true\" class=\"wp-block-spacer\"><\/div>\n\n\n\n<div class=\"ghostkit-divider ghostkit-divider-type-solid ghostkit-custom-ZG9ez4\"><\/div>\n\n\n\n<div style=\"height:30px\" aria-hidden=\"true\" class=\"wp-block-spacer\"><\/div>\n\n\n\n<p><strong>Bitte wirf auch einen Blick auf die Berichte<\/strong>:<\/p>\n\n\n\n<div style=\"height:30px\" aria-hidden=\"true\" class=\"wp-block-spacer\"><\/div>\n\n\n\n<ul><li><a href=\"https:\/\/xplore-berlin.de\/de\/the-xplore-innovation\/\" data-type=\"URL\" data-id=\"https:\/\/xplore-berlin.de\/the-xplore-innovation\/\">Die Xplore-Innovation \u2013 Peter Banki (2018)<\/a><\/li><li><a href=\"https:\/\/xplore-berlin.de\/de\/xplore-berlin-2023-report\/\" data-type=\"URL\" data-id=\"https:\/\/xplore-berlin.de\/xplore-berlin-2023-report\/\">Wie das Xplore Festival die Normen der Sexualit\u00e4t hinterfragt, ein Cumdump nach dem anderen - Good Girl Gone Bad Bitch Reporting (2023) <\/a><\/li><li><a href=\"https:\/\/xplore-berlin.de\/de\/xplore-berlin-2022-report\/\" data-type=\"URL\" data-id=\"https:\/\/xplore-berlin.de\/xplore-berlin-2022-report\/\">Xplore Berlin 2022 Bericht von I.d.S, mit Oz und Anali (2022)<\/a><\/li><\/ul>\n\n\n\n<div style=\"height:30px\" aria-hidden=\"true\" class=\"wp-block-spacer\"><\/div>\n\n\n\n<div class=\"ghostkit-divider ghostkit-divider-type-solid ghostkit-custom-Z1kAwUt\"><\/div>\n\n\n\n<div style=\"height:30px\" aria-hidden=\"true\" class=\"wp-block-spacer\"><\/div>\n\n\n\n<p><strong>Weitere Rezensionen und Informationen zu fr\u00fcheren xplore-Ausgaben sind zu finden unter <a href=\"https:\/\/xplore-festival.com\/\" data-type=\"URL\" data-id=\"https:\/\/xplore-festival.com\/\">www.xplorefestival.de<\/a>.<\/strong><\/p>\n\n\n\n<div style=\"height:30px\" aria-hidden=\"true\" class=\"wp-block-spacer\"><\/div>\n\n\n\n<div class=\"ghostkit-divider ghostkit-divider-type-solid ghostkit-custom-Z1eFXX3\"><\/div>\n\n\n\n<div style=\"height:50px\" aria-hidden=\"true\" class=\"wp-block-spacer\"><\/div>","protected":false},"excerpt":{"rendered":"<p>xplore\u2026 \u2026 ist eine dreit\u00e4gige immersive Veranstaltung mit Fokus auf den sexuellen K\u00f6rper und Sexualit\u00e4t als k\u00fcnstlerischen Ausdruck. \u2026 bietet \u00fcber 60 Workshops, Happenings, Performances und Vortr\u00e4ge an der Schnittstelle zwischen Kunst und Sexualit\u00e4t, sowie drei kuratierte Spielr\u00e4ume f\u00fcr individuelle Erfahrungen. \u2026 beherbergt eine gro\u00dfe Bandbreite an Vortragenden, die mit \u2026 spielen, arbeiten \u2026<\/p>\n<p class=\"read-more\"> <a class=\"\" href=\"https:\/\/xplore-berlin.de\/de\/xplore-what-is-ist-about\/\"> <span class=\"screen-reader-text\">Xplore - worum geht es?<\/span> Weiterlesen \u00bb<\/a><\/p>","protected":false},"author":1,"featured_media":0,"parent":0,"menu_order":0,"comment_status":"closed","ping_status":"closed","template":"","meta":{"_uag_custom_page_level_css":"","ghostkit_customizer_options":"","ghostkit_custom_css":"","ghostkit_custom_js_head":"","ghostkit_custom_js_foot":"","ghostkit_typography":"","site-sidebar-layout":"default","site-content-layout":"default","ast-global-header-display":"","ast-main-header-display":"","ast-hfb-above-header-display":"","ast-hfb-below-header-display":"","ast-hfb-mobile-header-display":"","site-post-title":"","ast-breadcrumbs-content":"","ast-featured-img":"","footer-sml-layout":"","theme-transparent-header-meta":"default","adv-header-id-meta":"","stick-header-meta":"default","header-above-stick-meta":"","header-main-stick-meta":"","header-below-stick-meta":""},"uagb_featured_image_src":{"full":false,"thumbnail":false,"medium":false,"medium_large":false,"large":false,"1536x1536":false,"2048x2048":false,"trp-custom-language-flag":false},"uagb_author_info":{"display_name":"xpad01","author_link":"https:\/\/xplore-berlin.de\/de\/author\/xpad01\/"},"uagb_comment_info":0,"uagb_excerpt":"xplore&#8230; \u2026\u00a0is a three-day immersive event with a focus on the sexual body and sexuality as artistic expression. \u2026 offers more than 60 workshops, happenings, performances and lectures at the intersection between art and sexuality, as well as three curated play spaces for individual experiences. \u2026\u00a0hosts a wide range of presenters who play with, work&hellip;","_links":{"self":[{"href":"https:\/\/xplore-berlin.de\/de\/wp-json\/wp\/v2\/pages\/142"}],"collection":[{"href":"https:\/\/xplore-berlin.de\/de\/wp-json\/wp\/v2\/pages"}],"about":[{"href":"https:\/\/xplore-berlin.de\/de\/wp-json\/wp\/v2\/types\/page"}],"author":[{"embeddable":true,"href":"https:\/\/xplore-berlin.de\/de\/wp-json\/wp\/v2\/users\/1"}],"replies":[{"embeddable":true,"href":"https:\/\/xplore-berlin.de\/de\/wp-json\/wp\/v2\/comments?post=142"}],"version-history":[{"count":39,"href":"https:\/\/xplore-berlin.de\/de\/wp-json\/wp\/v2\/pages\/142\/revisions"}],"predecessor-version":[{"id":3979,"href":"https:\/\/xplore-berlin.de\/de\/wp-json\/wp\/v2\/pages\/142\/revisions\/3979"}],"wp:attachment":[{"href":"https:\/\/xplore-berlin.de\/de\/wp-json\/wp\/v2\/media?parent=142"}],"curies":[{"name":"wp","href":"https:\/\/api.w.org\/{rel}","templated":true}]}}