{"id":2692,"date":"2020-07-18T17:24:30","date_gmt":"2020-07-18T15:24:30","guid":{"rendered":"https:\/\/xplore-berlin.de\/?page_id=2692"},"modified":"2020-08-04T22:49:07","modified_gmt":"2020-08-04T20:49:07","slug":"concept","status":"publish","type":"page","link":"https:\/\/xplore-berlin.de\/de\/concept\/","title":{"rendered":"Konzept"},"content":{"rendered":"<div class=\"wp-container-4 wp-block-columns\">\n<div class=\"wp-container-1 wp-block-column\" style=\"flex-basis:10%\"><\/div>\n\n\n\n<div class=\"wp-container-2 wp-block-column\" style=\"flex-basis:79.97%\">\n<div class=\"wp-block-uagb-advanced-heading uagb-block-6b65074f\" id=\"uagb-adv-heading-b9e088b1-9b87-4b59-bef1-1fbba86125ad\"><h2 class=\"uagb-heading-text\">Xplore 2020:<br>DIE INTIME XPLORE - FREUNDE UND FAMILIE<\/h2><div class=\"uagb-separator-wrap\"><div class=\"uagb-separator\"><\/div><\/div><p class=\"uagb-desc-text\">Dieses Jahr ist die xplore eine kleine und intime Veranstaltung in seltsamen Zeiten. Wir k\u00f6nnen jetzt noch nicht genau sagen, wie das Festival genau aussehen wird. Aber wir vertrauen auf Eure Lust am Abenteuer.<br><br><br>Ich werde nur engere Freunde und die Wahlfamilie als Dozent*innen einladen, und das Programm wird ziemlich spontan, Tag f\u00fcr Tag, festgelegt. Es werden keine Workshop-Themen oder Titel vor der eigentlichen Veranstaltung bekannt gegeben. Da der Ort rundherum sch\u00f6ne Natur bietet, k\u00f6nnt Ihr aber damit rechnen, dass auch Vieles drau\u00dfen und am See passieren wird.<br><br><br>Wir werden dort sehr viele Menschen in eher kleinen R\u00e4umen sein, eine Gelegenheit mehr um Sanftheit, Flexibilit\u00e4t, Respekt, F\u00fcrsorge und Zusammenarbeit zu \u00fcben.<\/p><\/div>\n\n\n\n<p><\/p>\n<\/div>\n\n\n\n<div class=\"wp-container-3 wp-block-column\" style=\"flex-basis:10.02%\"><\/div>\n<\/div>\n\n\n\n<div style=\"height:40px\" aria-hidden=\"true\" class=\"wp-block-spacer\" data-ghostkit-sr=\"zoom\"><\/div>\n\n\n\n<hr class=\"wp-block-separator\"\/>\n\n\n\n<h3 class=\"has-text-align-center\" data-ghostkit-sr=\"zoom\">&nbsp;Willkommen bei der intimen xplore!<\/h3>\n\n\n\n<p class=\"has-text-align-center\" data-ghostkit-sr=\"zoom\">&nbsp;Felix, Juli 2020 <\/p>","protected":false},"excerpt":{"rendered":"<p>&nbsp;Willkommen in der intimen xplore! Felix, Juli 2020<\/p>","protected":false},"author":1,"featured_media":0,"parent":0,"menu_order":0,"comment_status":"closed","ping_status":"closed","template":"","meta":{"_uag_custom_page_level_css":"","ghostkit_customizer_options":"","ghostkit_custom_css":"","ghostkit_custom_js_head":"","ghostkit_custom_js_foot":"","ghostkit_typography":"","site-sidebar-layout":"default","site-content-layout":"default","ast-global-header-display":"","ast-main-header-display":"","ast-hfb-above-header-display":"","ast-hfb-below-header-display":"","ast-hfb-mobile-header-display":"","site-post-title":"","ast-breadcrumbs-content":"","ast-featured-img":"","footer-sml-layout":"","theme-transparent-header-meta":"default","adv-header-id-meta":"","stick-header-meta":"default","header-above-stick-meta":"","header-main-stick-meta":"","header-below-stick-meta":""},"uagb_featured_image_src":{"full":false,"thumbnail":false,"medium":false,"medium_large":false,"large":false,"1536x1536":false,"2048x2048":false,"trp-custom-language-flag":false},"uagb_author_info":{"display_name":"xpad01","author_link":"https:\/\/xplore-berlin.de\/de\/author\/xpad01\/"},"uagb_comment_info":0,"uagb_excerpt":"&nbsp;Welcome to the intimate xplore! &nbsp;Felix, July 2020","_links":{"self":[{"href":"https:\/\/xplore-berlin.de\/de\/wp-json\/wp\/v2\/pages\/2692"}],"collection":[{"href":"https:\/\/xplore-berlin.de\/de\/wp-json\/wp\/v2\/pages"}],"about":[{"href":"https:\/\/xplore-berlin.de\/de\/wp-json\/wp\/v2\/types\/page"}],"author":[{"embeddable":true,"href":"https:\/\/xplore-berlin.de\/de\/wp-json\/wp\/v2\/users\/1"}],"replies":[{"embeddable":true,"href":"https:\/\/xplore-berlin.de\/de\/wp-json\/wp\/v2\/comments?post=2692"}],"version-history":[{"count":6,"href":"https:\/\/xplore-berlin.de\/de\/wp-json\/wp\/v2\/pages\/2692\/revisions"}],"predecessor-version":[{"id":2712,"href":"https:\/\/xplore-berlin.de\/de\/wp-json\/wp\/v2\/pages\/2692\/revisions\/2712"}],"wp:attachment":[{"href":"https:\/\/xplore-berlin.de\/de\/wp-json\/wp\/v2\/media?parent=2692"}],"curies":[{"name":"wp","href":"https:\/\/api.w.org\/{rel}","templated":true}]}}