{"id":2724,"date":"2020-08-06T13:54:51","date_gmt":"2020-08-06T11:54:51","guid":{"rendered":"https:\/\/xplore-berlin.de\/?page_id=2724"},"modified":"2020-08-10T17:56:49","modified_gmt":"2020-08-10T15:56:49","slug":"covid-19-guideline","status":"publish","type":"page","link":"https:\/\/xplore-berlin.de\/de\/covid-19-guideline\/","title":{"rendered":"Covid-19-Guideline"},"content":{"rendered":"<div style=\"height:20px\" aria-hidden=\"true\" class=\"wp-block-spacer\"><\/div>\n\n\n\n<div class=\"wp-container-1 wp-block-group has-very-light-gray-background-color has-background ghostkit-has-frame ghostkit-custom-24FpHs\"><div class=\"wp-block-group__inner-container\">\n<h3 class=\"is-style-default\">Liebe Festivalbesucher * und Leute, die in Betracht ziehen, ein Ticket zu buchen.<\/h3>\n\n\n\n<p>In den letzten Wochen und Monaten haben wir sehr genau beobachtet, wie sich die Situation in Bezug auf die Corona-Pandemie entwickelt. Und nat\u00fcrlich auch, wie sich die gesetzlichen Bestimmungen entsprechend \u00e4ndern.<\/p>\n\n\n\n<p>Im Moment (Stand 30. Juli 2020) gibt es immer mehr Lockerungen. Wir freuen uns sehr dar\u00fcber!<\/p>\n\n\n\n<p>Veranstaltungen, insbesondere Veranstaltungen im Freien, sind wieder gestattet.<\/p>\n\n\n\n<p>K\u00f6rperkontakt bei Kontaktsportarten ist wieder erlaubt.<\/p>\n<\/div><\/div>\n\n\n\n<div style=\"height:40px\" aria-hidden=\"true\" class=\"wp-block-spacer\"><\/div>\n\n\n\n<h4><strong>Bei xplore 2020 werden wir alle gesetzlichen Bestimmungen befolgen.<\/strong><\/h4>\n\n\n\n<ul class=\"is-style-styled\"><li>xplore Berlin findet mit weniger Teilnehmern statt als alle bisherigen xplores. Wir werden maximal 100 Personen am Veranstaltungsort sein, sowie Tagesg\u00e4ste haben.<\/li><li>Viele Workshops finden im Freien statt, um mehr Abstand und bessere Bel\u00fcftung zu erreichen<\/li><li>Die Schlafs\u00e4le werden bel\u00fcftet<\/li><li><strong>Wir passen unser Workshopangebot an die gesetzlichen Bestimmungen an<\/strong>, die einige Tage vor Veranstaltungsbeginn klar definiert und kommuniziert werden.<\/li><\/ul>\n\n\n\n<h4>Registrierung der E-Mail-Adresse<\/h4>\n\n\n\n<ul class=\"is-style-styled\"><li>Bei der Registrierung <strong>sammeln wir von allen Teilnehmern*innen die Email-Adresse ein<\/strong> um Dich zu informieren, falls die Erkrankung eines Gastes sp\u00e4ter bekannt werden sollte. <br>In diesem Fall leiten wir die Adressen an die zust\u00e4ndige Gesundheitsbeh\u00f6rde weiter. Andernfalls werden sie nach 4 Wochen gel\u00f6scht. Unter keinen Umst\u00e4nden werden wir sie an andere weitergeben oder verkaufen.<\/li><li>Um das Sammeln von Adressen zu beschleunigen, haben wir eine E-Mail-Adresse eingerichtet, an die jeder bei der Ankunft eine E-Mail senden kann. <strong>Wir \u00fcberpr\u00fcfen dies, indem wir eine automatische Antwort von unserem Computer mit Informationen zu Corona senden<\/strong>. Wir bitten Dich auch, an dieselbe Adresse zu schreiben, falls sich bei Dir sp\u00e4ter eine Corona-Infektion herausstellt.<\/li><li>Diese Informationen sind f\u00fcr uns sehr wichtig! So kann jeder Teilnehmer und Helfer selbst entscheiden, ob er aus Sicherheitsgr\u00fcnden einen Test durchf\u00fchren m\u00f6chte, wenn er einen engeren Kontakt hatte.<\/li><li>Ungef\u00e4hr eine Woche vor der xplore <strong>bieten wir Dir die M\u00f6glichkeit, Dich vorab zu registrieren.<\/strong> Bitte nutze diese M\u00f6glichkeit, da die Internetverbindung in der Spitzm\u00fchle sehr schlecht ist. Jeder Gast muss mit einer eigenen E-Mail-Adresse registriert sein.<\/li><\/ul>\n\n\n\n<h4>Tests vor dem Festival<\/h4>\n\n\n\n<ul class=\"is-style-styled\"><li>Alle G\u00e4ste, die aus einem Dorf, einer Kleinstadt, einem Bundesland oder einem anderen europ\u00e4ischen Land mit einer hohen Infektionsrate kommen \u2013 d\u00fcrfen das xplore Gel\u00e4nde nur betreten, wenn sie bereits einen Test gemacht haben und diesen Test vorweisen (nicht \u00e4lter als 3 Tage) &amp; sicher sind, dass sie kein \u00dcbertr\u00e4ger sind. An dieser Stelle appellieren wir an die Ehrlichkeit jedes Einzelnen!<\/li><li><strong>Teilnehmer mit Symptomen einer Erk\u00e4ltung oder Atemwegsinfektion<\/strong> <strong>sind von der Veranstaltung ausgeschlossen<\/strong>, es sei denn, sie k\u00f6nnen mit einem aktuellen Test (nicht \u00e4lter als 3 Tage) nachweisen, dass sie kein Covid-19 haben.<\/li><\/ul>\n\n\n\n<div style=\"height:30px\" aria-hidden=\"true\" class=\"wp-block-spacer\"><\/div>\n\n\n\n<div class=\"wp-container-2 wp-block-group has-very-light-gray-background-color has-background ghostkit-has-frame ghostkit-custom-1MTfPu\"><div class=\"wp-block-group__inner-container\">\n<p style=\"font-size:18px\" class=\"has-text-align-center\">Dies sind die Ma\u00dfnahmen f\u00fcr jetzt von unserer Seite.<br>Aber fast wichtiger ist die <strong>pers\u00f6nliche Verantwortung der Teilnehmer<\/strong>.<\/p>\n\n\n\n<p class=\"has-text-color has-text-align-center has-medium-font-size has-vivid-red-color\"><strong>DU m\u00f6chtest<\/strong> <strong>gesund bleiben? Dann tu etwas daf\u00fcr!<\/strong><\/p>\n<\/div><\/div>\n\n\n\n<div style=\"height:20px\" aria-hidden=\"true\" class=\"wp-block-spacer\"><\/div>\n\n\n\n<ul class=\"is-style-styled\"><li>Wichtigste Regel:<br><strong>Zuerst denken, dann handeln.<\/strong><br>Gerade in einem sinnlichen, offenen Umfeld, wie es die xplore bietet, wird man manchmal f\u00f6rmlich \u201eweggesp\u00fclt\u201c. Nimm Dir kleine Auszeiten, um Dir selbst bewusst zu machen was Du m\u00f6chtest, und was nicht.<\/li><li>Bevor du den vorgeschriebenen Abstand zu anderen unterschreitest, frage Dein Gegen\u00fcber ob es ihm\/ihr Recht ist. Vielleicht gehst du damit ganz locker um, aber andere f\u00fchlen sich m\u00f6glicherweise gestresst, wenn alle um sie herum ihnen zu nahe kommen.<\/li><li>Enger physischer Kontakt ist offiziell nur mit dem\/den Partner\/n erlaubt. Wir m\u00f6chten Euch dazu anregen einen <strong>LOVE Cluster<\/strong>zu bilden. Finde bis zu 9 andere Menschen, mit denen Du w\u00e4hrend der gesamten xplore exklusiv auch im engeren Kontakt agieren m\u00f6chtest.<br><strong>Macht ein Ritual daraus, findet Eure Stammeskennzeichen f\u00fcr Euren Love-Tribe.<\/strong>.<\/li><li>Beachte die \u00fcblichen Hygiene-Hinweise. WASCH DEINE H\u00c4NDE!  - Oft! <br>Bringe Handdesinfektion mit und f\u00fchre sie immer mit Dir. <br>Leg Dir IMMER ein Tuch oder eine Decke unter \u2013 egal wo Du dich hinsetzt.<\/li><\/ul>\n\n\n\n<p><\/p>","protected":false},"excerpt":{"rendered":"<p>Liebe Festivalbesucher*innen und Interessenten, die eine Eintrittskarte buchen m\u00f6chten. In den vergangenen Wochen und Monaten haben wir sehr genau beobachtet, wie sich die Situation bez\u00fcglich der Corona-Pandemie entwickelt. Und nat\u00fcrlich auch, wie sich die gesetzlichen Regelungen entsprechend \u00e4ndern. Derzeit (Stand 30. Juli 2020) gibt es \u2026<\/p>\n<p class=\"read-more\"> <a class=\"\" href=\"https:\/\/xplore-berlin.de\/de\/covid-19-guideline\/\"> <span class=\"screen-reader-text\">Covid-19-Guideline<\/span> Weiterlesen \u00bb<\/a><\/p>","protected":false},"author":1,"featured_media":0,"parent":0,"menu_order":0,"comment_status":"closed","ping_status":"closed","template":"","meta":{"_uag_custom_page_level_css":"","ghostkit_customizer_options":"","ghostkit_custom_css":"","ghostkit_custom_js_head":"","ghostkit_custom_js_foot":"","ghostkit_typography":"","site-sidebar-layout":"default","site-content-layout":"default","ast-global-header-display":"","ast-main-header-display":"","ast-hfb-above-header-display":"","ast-hfb-below-header-display":"","ast-hfb-mobile-header-display":"","site-post-title":"","ast-breadcrumbs-content":"","ast-featured-img":"","footer-sml-layout":"","theme-transparent-header-meta":"default","adv-header-id-meta":"","stick-header-meta":"default","header-above-stick-meta":"","header-main-stick-meta":"","header-below-stick-meta":""},"uagb_featured_image_src":{"full":false,"thumbnail":false,"medium":false,"medium_large":false,"large":false,"1536x1536":false,"2048x2048":false,"trp-custom-language-flag":false},"uagb_author_info":{"display_name":"xpad01","author_link":"https:\/\/xplore-berlin.de\/de\/author\/xpad01\/"},"uagb_comment_info":0,"uagb_excerpt":"Dear festival visitors* and people who take into consideration to book a ticket. Over the past weeks and months we have been watching very closely how the situation regarding the Corona pandemic is developing. And of course also how the legal regulations are changing accordingly. At the moment (as of July 30, 2020) there are&hellip;","_links":{"self":[{"href":"https:\/\/xplore-berlin.de\/de\/wp-json\/wp\/v2\/pages\/2724"}],"collection":[{"href":"https:\/\/xplore-berlin.de\/de\/wp-json\/wp\/v2\/pages"}],"about":[{"href":"https:\/\/xplore-berlin.de\/de\/wp-json\/wp\/v2\/types\/page"}],"author":[{"embeddable":true,"href":"https:\/\/xplore-berlin.de\/de\/wp-json\/wp\/v2\/users\/1"}],"replies":[{"embeddable":true,"href":"https:\/\/xplore-berlin.de\/de\/wp-json\/wp\/v2\/comments?post=2724"}],"version-history":[{"count":23,"href":"https:\/\/xplore-berlin.de\/de\/wp-json\/wp\/v2\/pages\/2724\/revisions"}],"predecessor-version":[{"id":2880,"href":"https:\/\/xplore-berlin.de\/de\/wp-json\/wp\/v2\/pages\/2724\/revisions\/2880"}],"wp:attachment":[{"href":"https:\/\/xplore-berlin.de\/de\/wp-json\/wp\/v2\/media?parent=2724"}],"curies":[{"name":"wp","href":"https:\/\/api.w.org\/{rel}","templated":true}]}}