{"id":2735,"date":"2020-08-07T11:56:18","date_gmt":"2020-08-07T09:56:18","guid":{"rendered":"https:\/\/xplore-berlin.de\/?page_id=2735"},"modified":"2020-08-30T10:02:33","modified_gmt":"2020-08-30T08:02:33","slug":"beata","status":"publish","type":"page","link":"https:\/\/xplore-berlin.de\/de\/beata\/","title":{"rendered":"Beate Absalon"},"content":{"rendered":"<div class=\"wp-block-image\"><figure class=\"alignleft size-large\"><img src=\"https:\/\/2019.xplore-berlin.de\/wp-content\/uploads\/beata_photo-roman-hagenbrock.jpeg\" alt=\"\" class=\"wp-image-2463\"\/><figcaption>Foto von Roman Hagenbrock<\/figcaption><\/figure><\/div>\n\n\n\n<p>erforscht als Kulturwissenschaftlerin \u201aandere Zust\u00e4nde\u2018, wie Geb\u00e4ren, Trauerarbeit, Hysterie, Schlaf, radical happiness &amp; collective joy oder sadomasochistische Praktiken. Nachdem sie zun\u00e4chst untersuchte, wie Seile in aktive Passivit\u00e4t versetzen k\u00f6nnen \u2013 durch Bondage, aber auch im Marionettenspiel oder politischen Aktivismus \u2013 promoviert sie derzeit \u00fcber erfinderische Formen der Sexualbildung jenseits klarer Instruktionen, in welchen mit eigensinnigen Lebensentw\u00fcrfen experimentiert wird, die Unsicherheit, Verwundbarkeit, Widerspr\u00fcche und lustvoll \u00dcbersch\u00e4umendes nicht ausschlie\u00dfen. Ihre Essays erscheinen auf&nbsp;<a href=\"https:\/\/luhmendarc.blog\/\" target=\"_blank\" rel=\"noreferrer noopener\">www.luhmendarc.blog<\/a> Ihr theoretisches Interesse speist sich aus der Praxis, da sie sich und andere gerne in ekstatische Zust\u00e4nde versetzt. Ihre Workshops und Sessions gestaltet sie als gemeinsame Erfahrung, in welchen scheinbar dumme Fragen erw\u00fcnscht und Scheitern erlaubt sind, in welchen die Suche nach eigenem Stil und nach Verbindungen gef\u00f6rdert wird - unddagegen gewehrt, sich einen B\u00e4ren aufbinden zu lassen.<\/p>\n\n\n\n<p>Mehr Informationen: <a rel=\"noreferrer noopener\" href=\"http:\/\/www.luhmendarc.de\" target=\"_blank\"><strong>www.luhmendarc.de<\/strong><\/a><\/p>","protected":false},"excerpt":{"rendered":"<p>Als Kulturtheoretikerin erforscht sie \u201eandere Seinszust\u00e4nde\u201c wie Geburt, Trauer, Hysterie, Schlaf, radikales Gl\u00fcck und kollektive Freude oder sadomasochistische Praktiken. Nachdem sie untersucht hat, wie Seile Menschen in aktive Passivit\u00e4t versetzen k\u00f6nnen - durch Knechtschaft, aber auch durch Puppenspiel oder politischen Aktivismus -, promoviert sie derzeit \u00fcber erfinderische Formen von\u2026<\/p>\n<p class=\"read-more\"> <a class=\"\" href=\"https:\/\/xplore-berlin.de\/de\/beata\/\"> <span class=\"screen-reader-text\">Beate Absalon<\/span> Weiterlesen \u00bb<\/a><\/p>","protected":false},"author":1,"featured_media":0,"parent":0,"menu_order":0,"comment_status":"closed","ping_status":"closed","template":"","meta":{"_uag_custom_page_level_css":"","ghostkit_customizer_options":"","ghostkit_custom_css":"","ghostkit_custom_js_head":"","ghostkit_custom_js_foot":"","ghostkit_typography":"","site-sidebar-layout":"default","site-content-layout":"default","ast-global-header-display":"","ast-main-header-display":"","ast-hfb-above-header-display":"","ast-hfb-below-header-display":"","ast-hfb-mobile-header-display":"","site-post-title":"","ast-breadcrumbs-content":"","ast-featured-img":"","footer-sml-layout":"","theme-transparent-header-meta":"default","adv-header-id-meta":"","stick-header-meta":"default","header-above-stick-meta":"","header-main-stick-meta":"","header-below-stick-meta":""},"uagb_featured_image_src":{"full":false,"thumbnail":false,"medium":false,"medium_large":false,"large":false,"1536x1536":false,"2048x2048":false,"trp-custom-language-flag":false},"uagb_author_info":{"display_name":"xpad01","author_link":"https:\/\/xplore-berlin.de\/de\/author\/xpad01\/"},"uagb_comment_info":0,"uagb_excerpt":"As a cultural theorist she explores &#8216;other states of being&#8217;, such as birth, mourning, hysteria, sleep, radical happiness &amp; collective joy or sadomasochistic practices. After investigating how ropes can put people into active passivity &#8211; through bondage, but also puppet play or political activism &#8211; she is currently doing her doctorate on inventive forms of&hellip;","_links":{"self":[{"href":"https:\/\/xplore-berlin.de\/de\/wp-json\/wp\/v2\/pages\/2735"}],"collection":[{"href":"https:\/\/xplore-berlin.de\/de\/wp-json\/wp\/v2\/pages"}],"about":[{"href":"https:\/\/xplore-berlin.de\/de\/wp-json\/wp\/v2\/types\/page"}],"author":[{"embeddable":true,"href":"https:\/\/xplore-berlin.de\/de\/wp-json\/wp\/v2\/users\/1"}],"replies":[{"embeddable":true,"href":"https:\/\/xplore-berlin.de\/de\/wp-json\/wp\/v2\/comments?post=2735"}],"version-history":[{"count":5,"href":"https:\/\/xplore-berlin.de\/de\/wp-json\/wp\/v2\/pages\/2735\/revisions"}],"predecessor-version":[{"id":2805,"href":"https:\/\/xplore-berlin.de\/de\/wp-json\/wp\/v2\/pages\/2735\/revisions\/2805"}],"wp:attachment":[{"href":"https:\/\/xplore-berlin.de\/de\/wp-json\/wp\/v2\/media?parent=2735"}],"curies":[{"name":"wp","href":"https:\/\/api.w.org\/{rel}","templated":true}]}}