{"id":2773,"date":"2020-08-10T23:39:16","date_gmt":"2020-08-10T21:39:16","guid":{"rendered":"https:\/\/xplore-berlin.de\/?page_id=2773"},"modified":"2020-08-10T23:39:17","modified_gmt":"2020-08-10T21:39:17","slug":"uscha","status":"publish","type":"page","link":"https:\/\/xplore-berlin.de\/de\/uscha\/","title":{"rendered":"Uscha"},"content":{"rendered":"<div class=\"wp-block-image\"><figure class=\"alignleft size-large is-resized\"><img src=\"https:\/\/xplore-berlin.de\/wp-content\/uploads\/Caprice_20200722_export85_final-26_web-1024x682.jpg\" alt=\"\" class=\"wp-image-2771\" width=\"368\" height=\"245\" srcset=\"https:\/\/xplore-berlin.de\/wp-content\/uploads\/Caprice_20200722_export85_final-26_web-1024x682.jpg 1024w, https:\/\/xplore-berlin.de\/wp-content\/uploads\/Caprice_20200722_export85_final-26_web-300x200.jpg 300w, https:\/\/xplore-berlin.de\/wp-content\/uploads\/Caprice_20200722_export85_final-26_web-768x512.jpg 768w, https:\/\/xplore-berlin.de\/wp-content\/uploads\/Caprice_20200722_export85_final-26_web.jpg 1276w\" sizes=\"(max-width: 368px) 100vw, 368px\" \/><\/figure><\/div>\n\n\n\n<p>Uscha traf Felix im Jahr 2002. Sie performte bei seinen Produktionen <strong>Secret Service<\/strong> durch Europa und <strong>SM - Sensual Magic <\/strong>in der <strong>Schwelle 7<\/strong>.<br>Zusammen mit Felix hat Uscha 2004 begonnen, die Community f\u00fcr <strong>xplore Berlin\u00a0<\/strong>aufzubauen. Als Produzentin arbeitet sie f\u00fcr xplore Berlin und Rom.<\/p>\n\n\n\n<p>Daneben ist Uscha Besitzerin und Leiterin eines Yoga-Studios, und sie ist ausgebildet in <strong>Schmerz-Therapie<\/strong>. Sie studierte klassisches Ballett, zeitgen\u00f6ssischen Tanz und verschiedene Massagetechniken. Als systemische <strong>Paar- und Sexualtherapeutin<\/strong>\u00a0betreibt Uscha zusammen mit ihrem Partner Steff Huber <strong>Liberation &amp; Healing<\/strong> (<a href=\"http:\/\/www.liberationhealing.de\" target=\"_blank\" rel=\"noreferrer noopener\">www.liberationhealing.de<\/a>) - mit Fokus auf Paar- und Sexualtherapie sowie Gruppenworkshops zu verschiedenen Themen der Sexualit\u00e4t in Frankfurt und Wiesbaden.<\/p>","protected":false},"excerpt":{"rendered":"<p>Uscha lernte Felix 2002 kennen und trat in seinen Produktionen Secret Service durch Europa und SM - Sensual Magic bei Schwelle 7 auf. Zusammen mit Felix begann sie 2004, die Community f\u00fcr xplore Berlin aufzubauen. Als Produzentin arbeitet sie f\u00fcr xplore Berlin und Rom. Au\u00dferdem ist Uscha Inhaber und Schulleiter eines\u2026<\/p>\n<p class=\"read-more\"> <a class=\"\" href=\"https:\/\/xplore-berlin.de\/de\/uscha\/\"> <span class=\"screen-reader-text\">Uscha<\/span> Weiterlesen \u00bb<\/a><\/p>","protected":false},"author":1,"featured_media":0,"parent":0,"menu_order":0,"comment_status":"closed","ping_status":"closed","template":"","meta":{"_uag_custom_page_level_css":"","ghostkit_customizer_options":"","ghostkit_custom_css":"","ghostkit_custom_js_head":"","ghostkit_custom_js_foot":"","ghostkit_typography":"","site-sidebar-layout":"default","site-content-layout":"default","ast-global-header-display":"","ast-main-header-display":"","ast-hfb-above-header-display":"","ast-hfb-below-header-display":"","ast-hfb-mobile-header-display":"","site-post-title":"","ast-breadcrumbs-content":"","ast-featured-img":"","footer-sml-layout":"","theme-transparent-header-meta":"default","adv-header-id-meta":"","stick-header-meta":"default","header-above-stick-meta":"","header-main-stick-meta":"","header-below-stick-meta":""},"uagb_featured_image_src":{"full":false,"thumbnail":false,"medium":false,"medium_large":false,"large":false,"1536x1536":false,"2048x2048":false,"trp-custom-language-flag":false},"uagb_author_info":{"display_name":"xpad01","author_link":"https:\/\/xplore-berlin.de\/de\/author\/xpad01\/"},"uagb_comment_info":0,"uagb_excerpt":"Uscha met Felix in 2002 and performed in his productions Secret Service through europe and SM \u2013 Sensual Magic at Schwelle 7.Together with Felix she started to rise the community for xplore Berlin\u00a0in 2004. As a producer she is working for xplore Berlin and Rome. Besides that, Uscha is owner and head teacher of a&hellip;","_links":{"self":[{"href":"https:\/\/xplore-berlin.de\/de\/wp-json\/wp\/v2\/pages\/2773"}],"collection":[{"href":"https:\/\/xplore-berlin.de\/de\/wp-json\/wp\/v2\/pages"}],"about":[{"href":"https:\/\/xplore-berlin.de\/de\/wp-json\/wp\/v2\/types\/page"}],"author":[{"embeddable":true,"href":"https:\/\/xplore-berlin.de\/de\/wp-json\/wp\/v2\/users\/1"}],"replies":[{"embeddable":true,"href":"https:\/\/xplore-berlin.de\/de\/wp-json\/wp\/v2\/comments?post=2773"}],"version-history":[{"count":1,"href":"https:\/\/xplore-berlin.de\/de\/wp-json\/wp\/v2\/pages\/2773\/revisions"}],"predecessor-version":[{"id":2774,"href":"https:\/\/xplore-berlin.de\/de\/wp-json\/wp\/v2\/pages\/2773\/revisions\/2774"}],"wp:attachment":[{"href":"https:\/\/xplore-berlin.de\/de\/wp-json\/wp\/v2\/media?parent=2773"}],"curies":[{"name":"wp","href":"https:\/\/api.w.org\/{rel}","templated":true}]}}