{"id":2806,"date":"2020-08-30T10:13:57","date_gmt":"2020-08-30T08:13:57","guid":{"rendered":"https:\/\/xplore-berlin.de\/?page_id=2806"},"modified":"2020-08-30T10:30:43","modified_gmt":"2020-08-30T08:30:43","slug":"valentin-rion","status":"publish","type":"page","link":"https:\/\/xplore-berlin.de\/de\/valentin-rion\/","title":{"rendered":"Valentin Rion"},"content":{"rendered":"<div class=\"wp-block-image\"><figure class=\"alignleft size-large is-resized\"><img src=\"https:\/\/xplore-berlin.de\/wp-content\/uploads\/PC170834_1280x720-576x1024.jpg\" alt=\"\" class=\"wp-image-2809\" width=\"259\" height=\"460\" srcset=\"https:\/\/xplore-berlin.de\/wp-content\/uploads\/PC170834_1280x720-576x1024.jpg 576w, https:\/\/xplore-berlin.de\/wp-content\/uploads\/PC170834_1280x720-169x300.jpg 169w, https:\/\/xplore-berlin.de\/wp-content\/uploads\/PC170834_1280x720-rotated.jpg 720w\" sizes=\"(max-width: 259px) 100vw, 259px\" \/><\/figure><\/div>\n\n\n\n<p><strong>Valentin Rion<\/strong> ist Performer und Kulturaktivist. Er ist Mitbegr\u00fcnder des Kollektivs Objects of Desire \u2013  einer Plattform, auf der Sexarbeiter_innen ihre Geschichten durch Objekte teilen, Ausstellungen kuratieren und Workshops zum Thema professioneller Intimit\u00e4t halten. <br><br>Seine soziokulturellen, interdisziplin\u00e4ren und interkulturellen Projekte, an denen Jugendliche und \u00e4ltere Menschen beteiligt sind, verweben k\u00fcnstlerische, soziale und wissenschaftliche Praktiken. Er arbeitet f\u00fcr die Other Music Academy in Weimar und gestaltet die Vision einer neuen Form sozialer Institution, eines Empowerment Centers, mit. Als Performer und T\u00e4nzer arbeitet er international in einem interdisziplin\u00e4ren Umfeld f\u00fcr B\u00fchne und Film und h\u00e4lt Workshops zu Intimit\u00e4t, Improvisation und intersektioneller Kulturgeschichte. Seit 2016 besch\u00e4ftigt er sich mit der Erforschung und Entwicklung einer Improvisationsmethode, die auf kognitiven Studien und kompositorischem Wissen basiert und diese in bewegungsbasierte Improvisation in Bezug auf Sex und Sinnlichkeit umsetzt.<\/p>\n\n\n\n<p><strong>Mehr Informationen: <\/strong><br><a href=\"http:\/\/www.projectofdesire.co.uk\">www.projectofdesire.co.uk<\/a><br><a href=\"http:\/\/www.othermusicacademy.eu\">www.othermusicacademy.eu<\/a><br><a href=\"http:\/\/www.valentinschmehl.eu\">www.valentinschmehl.eu<\/a><br><a href=\"http:\/\/www.valentinschmehl.eu\/ptcdanceresearch\">www.valentinschmehl.eu\/ptcdanceresearch<\/a><\/p>","protected":false},"excerpt":{"rendered":"<p>Valentin Rion ist Performer und Kulturaktivist. Im Rahmen des Kollektivs Objects of Desire wird eine Plattform geschaffen, auf der Sexarbeiterinnen ihre Geschichten durch Objekte teilen, Ausstellungen kuratieren und Workshops zum Thema professionelle Intimit\u00e4t erstellen k\u00f6nnen. Seine soziokulturellen, interdisziplin\u00e4ren und interkulturellen Projekte, an denen Jugendliche und \u00e4ltere Menschen auf der anderen Seite beteiligt sind, verweben k\u00fcnstlerische, soziale und wissenschaftliche\u2026<\/p>\n<p class=\"read-more\"> <a class=\"\" href=\"https:\/\/xplore-berlin.de\/de\/valentin-rion\/\"> <span class=\"screen-reader-text\">Valentin Rion<\/span> Weiterlesen \u00bb<\/a><\/p>","protected":false},"author":1,"featured_media":0,"parent":0,"menu_order":0,"comment_status":"closed","ping_status":"closed","template":"","meta":{"_uag_custom_page_level_css":"","ghostkit_customizer_options":"","ghostkit_custom_css":"","ghostkit_custom_js_head":"","ghostkit_custom_js_foot":"","ghostkit_typography":"","site-sidebar-layout":"default","site-content-layout":"default","ast-global-header-display":"","ast-main-header-display":"","ast-hfb-above-header-display":"","ast-hfb-below-header-display":"","ast-hfb-mobile-header-display":"","site-post-title":"","ast-breadcrumbs-content":"","ast-featured-img":"","footer-sml-layout":"","theme-transparent-header-meta":"default","adv-header-id-meta":"","stick-header-meta":"default","header-above-stick-meta":"","header-main-stick-meta":"","header-below-stick-meta":""},"uagb_featured_image_src":{"full":false,"thumbnail":false,"medium":false,"medium_large":false,"large":false,"1536x1536":false,"2048x2048":false,"trp-custom-language-flag":false},"uagb_author_info":{"display_name":"xpad01","author_link":"https:\/\/xplore-berlin.de\/de\/author\/xpad01\/"},"uagb_comment_info":0,"uagb_excerpt":"Valentin Rion is a performer and cultural activist. As part of the collective Objects of Desire co-creates a platform for sexworkers to share their stories through objects, curates exhibitions and creates workshops around professional intimacy. His sociocultural, interdisciplinary and intercultural projects involving youth and older people on the other side interweave artistic, social and scientific&hellip;","_links":{"self":[{"href":"https:\/\/xplore-berlin.de\/de\/wp-json\/wp\/v2\/pages\/2806"}],"collection":[{"href":"https:\/\/xplore-berlin.de\/de\/wp-json\/wp\/v2\/pages"}],"about":[{"href":"https:\/\/xplore-berlin.de\/de\/wp-json\/wp\/v2\/types\/page"}],"author":[{"embeddable":true,"href":"https:\/\/xplore-berlin.de\/de\/wp-json\/wp\/v2\/users\/1"}],"replies":[{"embeddable":true,"href":"https:\/\/xplore-berlin.de\/de\/wp-json\/wp\/v2\/comments?post=2806"}],"version-history":[{"count":4,"href":"https:\/\/xplore-berlin.de\/de\/wp-json\/wp\/v2\/pages\/2806\/revisions"}],"predecessor-version":[{"id":2815,"href":"https:\/\/xplore-berlin.de\/de\/wp-json\/wp\/v2\/pages\/2806\/revisions\/2815"}],"wp:attachment":[{"href":"https:\/\/xplore-berlin.de\/de\/wp-json\/wp\/v2\/media?parent=2806"}],"curies":[{"name":"wp","href":"https:\/\/api.w.org\/{rel}","templated":true}]}}