{"id":2824,"date":"2020-08-31T19:24:38","date_gmt":"2020-08-31T17:24:38","guid":{"rendered":"https:\/\/xplore-berlin.de\/?page_id=2824"},"modified":"2020-08-31T19:24:50","modified_gmt":"2020-08-31T17:24:50","slug":"tua-und-lea","status":"publish","type":"page","link":"https:\/\/xplore-berlin.de\/de\/tua-und-lea\/","title":{"rendered":"Tua &amp; Lea"},"content":{"rendered":"<figure class=\"wp-block-image size-large\"><img width=\"524\" height=\"425\" src=\"https:\/\/xplore-berlin.de\/wp-content\/uploads\/Tua_Lea1.jpeg\" alt=\"\" class=\"wp-image-2825\" srcset=\"https:\/\/xplore-berlin.de\/wp-content\/uploads\/Tua_Lea1.jpeg 524w, https:\/\/xplore-berlin.de\/wp-content\/uploads\/Tua_Lea1-300x243.jpeg 300w\" sizes=\"(max-width: 524px) 100vw, 524px\" \/><\/figure>\n\n\n\n<p><strong>Tua<\/strong> besch\u00e4ftigt sich seit 1990 intensiv\u00a0 mit BDSM. Mehrere Ver\u00f6ffentlichungen von Storys und Fotos in der SM Zeitschrift Schlagzeilen, Mitarbeit am SM Handbuch und Autor der Kurzgeschichten-Sammlung \u201eUngezogen - intime Erlebnisse einer TV Zofe\u201c\u00a0<br>Er nahm teil an Felix Ruckerts Performances \u201eUnited Kingdom\u201c 2006 im\u00a0Tacheles in der Gilde der Fussw\u00e4scher und \u201eSM - Sensual Magic\u201c 2016 in der Schwelle 7 und wirkte an den Playspaces \"Guru Supermarket\", \"Monsters &amp; Demons\" und \"The School of Love\" auf den Xplore Festivals Berlin von 2016 bis 2018 mit. Zusammen mit seiner Frau Rosa leitete er seit 2015 bei den Xplores in Rom, Barcelona und Berlin Workshops zu Themen wie \u201eGolden Shower\u201c \u201eSchwanzdressur\u201c und \u201eEmbrace your inner Slut\u201c Nach Rosas Tod und seinem Herzinfarkt besch\u00e4ftigt er sich intensiv mit Alter, Tod und Trauer, in Bezug auf BDSM. Zusammen mit Lea, seiner neuen Partnerin, wird er mehrere Workshops auf der diesj\u00e4hrigen Xplore Berlin leiten.<\/p>\n\n\n\n<p><strong>Lea -\u00a0<\/strong>Nach dem Abitur in Niedersachsen ging ich nach Berlin, machte ein Diplom und arbeitete mehr als 15 Jahre in B\u00fcros. Ich habe Karriere gemacht, aber auf Dauer war das nicht das Richtige f\u00fcr mich. Als ich anfing, mich selbst und Berlin mit seinem Kinky Life zu erkunden, sammelte ich grundlegende Erfahrungen in verschiedenen Techniken der Selbsterfahrung, K\u00f6rperarbeit, Energiearbeit, Kampfkunst, Tai Chi, Qi Gong, Contact Improvisation, BDSM und vielem mehr.\u00a0<\/p>\n\n\n\n<p>Mein \"zweites Leben\" begann 2004 mit der Ausbildung zur Heilpraktikerin, anschlie\u00dfendem Studium der Traditionellen Chinesischen Medizin, Akupunktur, westlichen Kr\u00e4uterkunde, gesunden Ern\u00e4hrung sowie unterschiedlichen Therapieverfahren und Psychotherapie. Dabei war mir immer die enge Verbindung zwischen K\u00f6rper und Psyche wichtig, die sich im Energetischen Funktionalismus (nach Wilhelm Reich) ebenso wiederfindet wie in Akupressur, Reiki und Aufstellungsarbeit.\n\nMeine spirituelle Seite fand ich in der Arbeit mit Michael Barnett und ich lebe sie mit der Praxis von Meditation, Qi Gong und Yoga.\n\nSeit 2011 besuche ich regelm\u00e4\u00dfig Fortbildungen am Z\u00fcrcher Institut f\u00fcr klinische Sexologie und Sexualtherapie und habe inzwischen die Ausbildung zur klinischen Sexologin (sexualtherapeutische Methode Sexocorporel) in Berlin erfolgreich durchlaufen. Letztes Jahr waren Workshops zu den Themen Selbstf\u00fcrsorge und Selbstmitgef\u00fchl  aktuell, dieses Jahr sind spielerisches BDSM und radikal offene Gespr\u00e4che \u00fcber Sexualit\u00e4t meine Themen - und meine Liebe zu Tua.<\/p>\n\n\n\n<p>Aus der Kombination eines vielschichtigen Sexlebens, meinem medizinischen und heilerischen Wissen sowie dem Wunsch, Leben und Sexualit\u00e4t anderer Menschen zu bereichern, entwickle ich mein Konzept von Beratungen und Workshops. Meine spezielle F\u00e4higkeit ist es, offen und klar \u00fcber Sexualit\u00e4t, intime Dinge, Gef\u00fchle und Emotionen zu sprechen. Mein Ziel ist es, meine Klienten zu ebensolcher Offenheit zu ermuntern und sie damit anzunehmen.<\/p>","protected":false},"excerpt":{"rendered":"<p>Tua besch\u00e4ftigt sich seit 1990 intensiv mit BDSM. Mehrere Ver\u00f6ffentlichungen von Geschichten und Fotos in den Schlagzeilen des SM-Magazins, Zusammenarbeit beim SM-Handbuch und Autor der Kurzgeschichtensammlung \u201eNaughty - Intime Erlebnisse eines TV-Dienstm\u00e4dchens\u201c. Er nahm an Felix Ruckerts teil Auff\u00fchrungen \u201eGro\u00dfbritannien\u201c 2006 in Tacheles in den Fu\u00dfwaschmaschinen\u2026<\/p>\n<p class=\"read-more\"> <a class=\"\" href=\"https:\/\/xplore-berlin.de\/de\/tua-und-lea\/\"> <span class=\"screen-reader-text\">Tua &amp; Lea<\/span> Weiterlesen \u00bb<\/a><\/p>","protected":false},"author":1,"featured_media":0,"parent":0,"menu_order":0,"comment_status":"closed","ping_status":"closed","template":"","meta":{"_uag_custom_page_level_css":"","ghostkit_customizer_options":"","ghostkit_custom_css":"","ghostkit_custom_js_head":"","ghostkit_custom_js_foot":"","ghostkit_typography":"","site-sidebar-layout":"default","site-content-layout":"default","ast-global-header-display":"","ast-main-header-display":"","ast-hfb-above-header-display":"","ast-hfb-below-header-display":"","ast-hfb-mobile-header-display":"","site-post-title":"","ast-breadcrumbs-content":"","ast-featured-img":"","footer-sml-layout":"","theme-transparent-header-meta":"default","adv-header-id-meta":"","stick-header-meta":"default","header-above-stick-meta":"","header-main-stick-meta":"","header-below-stick-meta":""},"uagb_featured_image_src":{"full":false,"thumbnail":false,"medium":false,"medium_large":false,"large":false,"1536x1536":false,"2048x2048":false,"trp-custom-language-flag":false},"uagb_author_info":{"display_name":"xpad01","author_link":"https:\/\/xplore-berlin.de\/de\/author\/xpad01\/"},"uagb_comment_info":0,"uagb_excerpt":"Tua has been intensively involved with BDSM since 1990. Several publications of stories and photos in the SM magazine headlines, collaboration on the SM handbook and author of the short story collection &#8220;Naughty &#8211; intimate experiences of a TV maid&#8221;He took part in Felix Ruckert&#8217;s performances \u201cUnited Kingdom\u201d in 2006 in Tacheles in the footwashers&#8217;&hellip;","_links":{"self":[{"href":"https:\/\/xplore-berlin.de\/de\/wp-json\/wp\/v2\/pages\/2824"}],"collection":[{"href":"https:\/\/xplore-berlin.de\/de\/wp-json\/wp\/v2\/pages"}],"about":[{"href":"https:\/\/xplore-berlin.de\/de\/wp-json\/wp\/v2\/types\/page"}],"author":[{"embeddable":true,"href":"https:\/\/xplore-berlin.de\/de\/wp-json\/wp\/v2\/users\/1"}],"replies":[{"embeddable":true,"href":"https:\/\/xplore-berlin.de\/de\/wp-json\/wp\/v2\/comments?post=2824"}],"version-history":[{"count":2,"href":"https:\/\/xplore-berlin.de\/de\/wp-json\/wp\/v2\/pages\/2824\/revisions"}],"predecessor-version":[{"id":2827,"href":"https:\/\/xplore-berlin.de\/de\/wp-json\/wp\/v2\/pages\/2824\/revisions\/2827"}],"wp:attachment":[{"href":"https:\/\/xplore-berlin.de\/de\/wp-json\/wp\/v2\/media?parent=2824"}],"curies":[{"name":"wp","href":"https:\/\/api.w.org\/{rel}","templated":true}]}}