{"id":3005,"date":"2022-03-28T22:28:14","date_gmt":"2022-03-28T20:28:14","guid":{"rendered":"https:\/\/xplore-berlin.de\/?page_id=3005"},"modified":"2025-07-24T12:40:56","modified_gmt":"2025-07-24T10:40:56","slug":"sharka-rey-body-ritual-voice","status":"publish","type":"page","link":"https:\/\/xplore-berlin.de\/de\/sharka-rey-body-ritual-voice\/","title":{"rendered":"Sharka Rey"},"content":{"rendered":"<figure class=\"wp-block-image alignleft size-full is-resized ghostkit-custom-ZnmBbd\"><img src=\"https:\/\/xplore-berlin.de\/wp-content\/uploads\/Selection_214-1.png\" alt=\"\" class=\"wp-image-3994\" width=\"300\" height=\"300\" srcset=\"https:\/\/xplore-berlin.de\/wp-content\/uploads\/Selection_214-1.png 480w, https:\/\/xplore-berlin.de\/wp-content\/uploads\/Selection_214-1-300x300.png 300w, https:\/\/xplore-berlin.de\/wp-content\/uploads\/Selection_214-1-150x150.png 150w, https:\/\/xplore-berlin.de\/wp-content\/uploads\/Selection_214-1-12x12.png 12w\" sizes=\"(max-width: 300px) 100vw, 300px\" \/><\/figure>\n\n\n\n<p><strong>Sharka Rey<\/strong> ist eine in Tschechien geborene und in der Schweiz lebende psychosomatische Sexualp\u00e4dagogin und Performancek\u00fcnstlerin, deren Arbeit die Schnittstellen zwischen Erotik, Politik und Pers\u00f6nlichem erforscht. Ihre Arbeit basiert auf verk\u00f6rperter Pr\u00e4senz, Ritual und radikaler Intimit\u00e4t und ist gepr\u00e4gt von akademischen Studien der Psychologie und Sozialwissenschaften sowie der intensiven Auseinandersetzung mit bewusstem BDSM, Yoga, Atemarbeit, Tantra, Qi Gong, Kontaktimprovisation, Theaterimprovisation, somatischer K\u00f6rperarbeit, experimenteller Stimmarbeit und Capoeira.<\/p>\n\n\n\n<p>Seit 2013 ist Sharka eng mit Schwelle7 in Berlin verbunden. Seit 2016 pr\u00e4sentiert sie beim Xplore Festival partizipatorische Performances und Workshops und ist seit 2024 Co-Kuratorin eines der Themenr\u00e4ume. Zu ihren internationalen Erfahrungen z\u00e4hlen ein Jahr in Indien (2014), wo sie Yoga studierte und unterrichtete, sowie die Gr\u00fcndung von Playground Sibulan auf den Philippinen (2015) \u2013 einem Gemeinschaftsraum f\u00fcr Yoga, Meditation und somatische Praktiken. Dar\u00fcber hinaus f\u00fchrte sie Contact Improvisation in die lokale Tanzszene ein und engagierte sich in sozialen Projekten zur Unterst\u00fctzung von \u00dcberlebenden sexueller Gewalt und inhaftierten Jugendlichen.<\/p>\n\n\n\n<p>Von 2016 bis 2019 war Sharka aktives Mitglied des Kollektivs Come&amp;Play (ehemals Touch&amp;Play) beim Nowhere Festival in Spanien und trug zu dessen queer-feministischer, einvernehmlicher und k\u00f6rperbefreiender Kultur bei.<\/p>\n\n\n\n<p>2019 gr\u00fcndete sie ThePlace2BE in Basel, Schweiz \u2013 einen multidisziplin\u00e4ren Raum f\u00fcr Veranstaltungen, Kunstprojekte und Diskurse zu bewusster Sexualit\u00e4t. Obwohl der Veranstaltungsort w\u00e4hrend der Pandemie pausierte, arbeitet Sharka weiterhin lokal und international mit Performances, Kooperationen und Bildungsprogrammen, darunter Workshops, Vortr\u00e4ge und Einzelcoaching.<\/p>\n\n\n\n<p>Seit Juni 2025 engagiert sich Sharka sozial gegen den V\u00f6lkermord in Gaza, beteiligt sich an direkten Aktionen und kreiert die langandauernde Protestperformance \u201eUndeniable\u201c (5- und 12-Stunden-Format). Dieser eindringliche Akt verk\u00f6rperten Widerstands wurde k\u00fcrzlich in Br\u00fcssel in der N\u00e4he des EU-Parlaments und in Genf vor den Vereinten Nationen pr\u00e4sentiert und verk\u00f6rpert Trauer, Wut und unersch\u00fctterliche Solidarit\u00e4t.<\/p>\n\n\n\n<p><a href=\"http:\/\/sharkarey.com\" data-type=\"URL\" data-id=\"sharkarey.com\">www.sharkarey.com<\/a><\/p>\n\n\n\n<div style=\"height:30px\" aria-hidden=\"true\" class=\"wp-block-spacer\"><\/div>\n\n\n\n<div class=\"ghostkit-divider ghostkit-divider-type-solid ghostkit-custom-ZpwtbO\"><\/div>\n\n\n\n<div style=\"height:30px\" aria-hidden=\"true\" class=\"wp-block-spacer\"><\/div>\n\n\n\n<h2 id=\"co-presented-by-vanessa-langer\">mitveranstaltet von: Vanessa Langer<\/h2>\n\n\n\n<figure class=\"wp-block-image alignright size-full is-resized ghostkit-custom-Z2v3g8e\"><img src=\"https:\/\/xplore-berlin.de\/wp-content\/uploads\/Selection_027-1.png\" alt=\"\" class=\"wp-image-4117\" width=\"300\" height=\"300\" srcset=\"https:\/\/xplore-berlin.de\/wp-content\/uploads\/Selection_027-1.png 455w, https:\/\/xplore-berlin.de\/wp-content\/uploads\/Selection_027-1-300x300.png 300w, https:\/\/xplore-berlin.de\/wp-content\/uploads\/Selection_027-1-150x150.png 150w, https:\/\/xplore-berlin.de\/wp-content\/uploads\/Selection_027-1-12x12.png 12w\" sizes=\"(max-width: 300px) 100vw, 300px\" \/><\/figure>\n\n\n\n<p>Vanessa Langer ist Psycho-Sex-Somatikerin, Anthropologin, Ausbilderin f\u00fcr Fachkr\u00e4fte und Lehrerin f\u00fcr Bewegung und Meditation. Sie arbeitet mit Intimit\u00e4t, Sexualit\u00e4t, Emotionen, Beziehungsdynamiken, Traumata und Kinks. Dar\u00fcber hinaus kreiert sie immersive Klanglandschaften und sp\u00fcrt Verbindungen zwischen dem Intimen, der Umwelt, dem Poetischen und dem Performativen nach.<\/p>\n\n\n\n<p>Als Somanautin h\u00e4lt sie transformative R\u00e4ume, die kollektive Narrative in Frage stellen und Reflexivit\u00e4t, verk\u00f6rperte Pr\u00e4senz und ver\u00e4nderte Bewusstseinszust\u00e4nde erforschen. Durch sinnesbasierte Erkundungen schafft sie Erfahrungsreisen, bei denen die Wahrnehmung zu einer Art und Weise wird, sich den K\u00f6rper und die Welt anzueignen.<\/p>\n\n\n\n<p><a class=\"\" href=\"http:\/\/www.vanessalanger.ch\">www.vanessalanger.ch<\/a><\/p>\n\n\n\n<div style=\"height:30px\" aria-hidden=\"true\" class=\"wp-block-spacer\"><\/div>\n\n\n\n<div class=\"ghostkit-divider ghostkit-divider-type-solid ghostkit-custom-ZAGkg0\"><\/div>\n\n\n\n<div style=\"height:50px\" aria-hidden=\"true\" class=\"wp-block-spacer\"><\/div>\n\n\n\n<h2 id=\"sex-magic-as-political-activism\">Sexmagie als politischer Aktivismus<\/h2>\n\n\n\n<div style=\"height:30px\" aria-hidden=\"true\" class=\"wp-block-spacer\"><\/div>\n\n\n\n<p>Sexmagie ist der bewusste Einsatz sexueller Energie \u2013 insbesondere im Moment des Orgasmus \u2013, sei es allein oder mit Partnern, um Ver\u00e4nderungen auf pers\u00f6nlicher, spiritueller oder politischer Ebene zu bewirken. In diesem Workshop erkunden wir Sexmagie nicht als isoliertes spirituelles Werkzeug, sondern als radikalen Akt des Widerstands und politischen Aktivismus.<\/p>\n\n\n\n<p>Gemeinsam setzen wir uns f\u00fcr Frieden, Gerechtigkeit und grundlegende Menschenrechte in Regionen ein, in denen diese systematisch verweigert werden \u2013 wie etwa im Gazastreifen.<\/p>\n\n\n\n<p>Dies ist ein Ort, um Trauer in Kraft, Schweigen in Absicht und erotische Energie in eine Kraft f\u00fcr Gerechtigkeit umzuwandeln.<\/p>","protected":false},"excerpt":{"rendered":"<p>Sharka Rey ist eine in Tschechien geborene und in der Schweiz lebende psychosomatische Sexualp\u00e4dagogin und Performancek\u00fcnstlerin, deren Arbeit die Schnittstellen von Erotik, Politik und Pers\u00f6nlichem erforscht. Ihre Praxis, die auf verk\u00f6rperter Pr\u00e4senz, Ritualen und radikaler Intimit\u00e4t basiert, ist gepr\u00e4gt von akademischen Studien in Psychologie und Sozialwissenschaften sowie einer tiefen Auseinandersetzung mit bewusstem BDSM, Yoga, Atemarbeit, Tantra und Qi.<\/p>\n<p class=\"read-more\"> <a class=\"\" href=\"https:\/\/xplore-berlin.de\/de\/sharka-rey-body-ritual-voice\/\"> <span class=\"screen-reader-text\">Sharka Rey<\/span> Weiterlesen \u00bb<\/a><\/p>","protected":false},"author":1,"featured_media":0,"parent":0,"menu_order":0,"comment_status":"closed","ping_status":"closed","template":"","meta":{"_uag_custom_page_level_css":"","ghostkit_customizer_options":"","ghostkit_custom_css":"","ghostkit_custom_js_head":"","ghostkit_custom_js_foot":"","ghostkit_typography":"","site-sidebar-layout":"default","site-content-layout":"default","ast-global-header-display":"","ast-main-header-display":"","ast-hfb-above-header-display":"","ast-hfb-below-header-display":"","ast-hfb-mobile-header-display":"","site-post-title":"","ast-breadcrumbs-content":"","ast-featured-img":"","footer-sml-layout":"","theme-transparent-header-meta":"default","adv-header-id-meta":"","stick-header-meta":"default","header-above-stick-meta":"","header-main-stick-meta":"","header-below-stick-meta":""},"uagb_featured_image_src":{"full":false,"thumbnail":false,"medium":false,"medium_large":false,"large":false,"1536x1536":false,"2048x2048":false,"trp-custom-language-flag":false},"uagb_author_info":{"display_name":"xpad01","author_link":"https:\/\/xplore-berlin.de\/de\/author\/xpad01\/"},"uagb_comment_info":0,"uagb_excerpt":"Sharka Rey is a Czech-born, Swiss-based psychosomatic sex educator and performance artist whose work explores the intersections of the erotic, the political, and the personal. Rooted in embodied presence, ritual, and radical intimacy, her practice is informed by academic studies in psychology and social sciences, alongside deep engagement with conscious bdsm, yoga, breathwork, tantra, qi&hellip;","_links":{"self":[{"href":"https:\/\/xplore-berlin.de\/de\/wp-json\/wp\/v2\/pages\/3005"}],"collection":[{"href":"https:\/\/xplore-berlin.de\/de\/wp-json\/wp\/v2\/pages"}],"about":[{"href":"https:\/\/xplore-berlin.de\/de\/wp-json\/wp\/v2\/types\/page"}],"author":[{"embeddable":true,"href":"https:\/\/xplore-berlin.de\/de\/wp-json\/wp\/v2\/users\/1"}],"replies":[{"embeddable":true,"href":"https:\/\/xplore-berlin.de\/de\/wp-json\/wp\/v2\/comments?post=3005"}],"version-history":[{"count":18,"href":"https:\/\/xplore-berlin.de\/de\/wp-json\/wp\/v2\/pages\/3005\/revisions"}],"predecessor-version":[{"id":4207,"href":"https:\/\/xplore-berlin.de\/de\/wp-json\/wp\/v2\/pages\/3005\/revisions\/4207"}],"wp:attachment":[{"href":"https:\/\/xplore-berlin.de\/de\/wp-json\/wp\/v2\/media?parent=3005"}],"curies":[{"name":"wp","href":"https:\/\/api.w.org\/{rel}","templated":true}]}}