{"id":3154,"date":"2022-04-10T21:32:50","date_gmt":"2022-04-10T19:32:50","guid":{"rendered":"https:\/\/xplore-berlin.de\/?page_id=3154"},"modified":"2022-04-10T21:33:27","modified_gmt":"2022-04-10T19:33:27","slug":"body-exchange-space","status":"publish","type":"page","link":"https:\/\/xplore-berlin.de\/de\/body-exchange-space\/","title":{"rendered":"K\u00f6rperaustauschraum"},"content":{"rendered":"<h2>Massageraum<\/h2>\n\n\n\n<div class=\"wp-block-image\"><figure class=\"alignright size-full\"><img width=\"350\" height=\"527\" src=\"https:\/\/xplore-berlin.de\/wp-content\/uploads\/Massage-space.jpg\" alt=\"\" class=\"wp-image-1654\" srcset=\"https:\/\/xplore-berlin.de\/wp-content\/uploads\/Massage-space.jpg 350w, https:\/\/xplore-berlin.de\/wp-content\/uploads\/Massage-space-199x300.jpg 199w\" sizes=\"(max-width: 350px) 100vw, 350px\" \/><figcaption>Foto: \u00a9 unbekannt<\/figcaption><\/figure><\/div>\n\n\n\n<p>Ein Raum in der Malzfabrik wird  f\u00fcr K\u00f6rperarbeit, Bondage und Massagen aller Art eingerichtet sein. Hier k\u00f6nnen&nbsp;<strong>xplore<\/strong>&nbsp;die g\u00e4ste sind eingeladen, an einem treffpunkt zu kommen und alle formen k\u00f6rperlicher behandlungen auszutauschen \u2013 von akademisch\/professionell bis improvisiert\/intuitiv, unterst\u00fctzt von einer gruppe von experten. Im selben Raum finden Sie auch M\u00f6glichkeiten f\u00fcr kreativen Ausdruck und Spiel mit Materialien. Ein Ort f\u00fcr manuelle T\u00e4tigkeiten und Entspannung, begleitet von sanfter elektronischer Musik und Fl\u00f6tenspiel.<\/p>\n\n\n\n<p>K\u00fcnstlerische Leitung:\u00a0<strong>Shadow<\/strong><br>Technische Leitung:\u00a0<strong>Wilhelmus F.<\/strong><br>Ton-Session:\u00a0<strong>Lorenzo C, Marco C, u.a.<\/strong><\/p>\n\n\n\n<div style=\"height:10px\" aria-hidden=\"true\" class=\"wp-block-spacer\"><\/div>\n\n\n\n<div class=\"ghostkit-divider ghostkit-divider-type-solid ghostkit-custom-Zz8kJI\"><\/div>\n\n\n\n<h2>Shibari-Raum<\/h2>\n\n\n\n<div class=\"wp-block-image\"><figure class=\"alignright size-large is-resized\"><img src=\"https:\/\/xplore-berlin.de\/wp-content\/uploads\/LillyAlex-Tube-1024x683.jpg\" alt=\"Bondage with seilartig &amp; Frl. Lilly\" class=\"wp-image-2314\" width=\"512\" height=\"342\" srcset=\"https:\/\/xplore-berlin.de\/wp-content\/uploads\/LillyAlex-Tube-1024x683.jpg 1024w, https:\/\/xplore-berlin.de\/wp-content\/uploads\/LillyAlex-Tube-300x200.jpg 300w, https:\/\/xplore-berlin.de\/wp-content\/uploads\/LillyAlex-Tube-768x512.jpg 768w, https:\/\/xplore-berlin.de\/wp-content\/uploads\/LillyAlex-Tube.jpg 1280w\" sizes=\"(max-width: 512px) 100vw, 512px\" \/><figcaption>Foto: \u00a9 unbekannt<\/figcaption><\/figure><\/div>\n\n\n\n<p>Lorem ipsum dolor sit amet, consetetur sadipscing elitr, sed diam nonumy eirmod tempor invidunt ut labore et dolore magna aliquyam erat, sed diam voluptua. Bei vero eos et accusam et justo duo dolores et ea rebum. Stet clita kasd gubergren, no sea takimata sanctus est Lorem ipsum dolor sit amet. Lorem ipsum dolor sit amet, consetetur sadipscing elitr, sed diam nonumy eirmod tempor invidunt ut labore et dolore magna aliquyam erat, sed diam voluptua. Bei vero eos et accusam et justo duo dolores et ea rebum. Stet clita kasd gubergren, no sea takimata sanctus est Lorem ipsum dolor sit amet.<\/p>","protected":false},"excerpt":{"rendered":"<p>Massageraum Es gibt einen Raum, der f\u00fcr K\u00f6rperarbeit, Seilbondage und alle Arten von Massagen ausgestattet ist. xplore-G\u00e4ste sind eingeladen, zu einem Treffpunkt zu kommen und alle Formen physikalischer Behandlungen auszutauschen \u2013 von akademisch\/professionell bis improvisiert\/intuitiv, unterst\u00fctzt von einer Gruppe von Experten. Im selben Raum finden Sie auch M\u00f6glichkeiten f\u00fcr kreativen Ausdruck und Spiel \u2026<\/p>\n<p class=\"read-more\"> <a class=\"\" href=\"https:\/\/xplore-berlin.de\/de\/body-exchange-space\/\"> <span class=\"screen-reader-text\">K\u00f6rperaustauschraum<\/span> Weiterlesen \u00bb<\/a><\/p>","protected":false},"author":1,"featured_media":0,"parent":0,"menu_order":0,"comment_status":"closed","ping_status":"closed","template":"","meta":{"_uag_custom_page_level_css":"","ghostkit_customizer_options":"","ghostkit_custom_css":"","ghostkit_custom_js_head":"","ghostkit_custom_js_foot":"","ghostkit_typography":"","site-sidebar-layout":"default","site-content-layout":"default","ast-global-header-display":"","ast-main-header-display":"","ast-hfb-above-header-display":"","ast-hfb-below-header-display":"","ast-hfb-mobile-header-display":"","site-post-title":"","ast-breadcrumbs-content":"","ast-featured-img":"","footer-sml-layout":"","theme-transparent-header-meta":"default","adv-header-id-meta":"","stick-header-meta":"default","header-above-stick-meta":"","header-main-stick-meta":"","header-below-stick-meta":""},"uagb_featured_image_src":{"full":false,"thumbnail":false,"medium":false,"medium_large":false,"large":false,"1536x1536":false,"2048x2048":false,"trp-custom-language-flag":false},"uagb_author_info":{"display_name":"xpad01","author_link":"https:\/\/xplore-berlin.de\/de\/author\/xpad01\/"},"uagb_comment_info":0,"uagb_excerpt":"Massage Space There is a space equipped for bodywork, rope bondage and all kinds of massage.&nbsp;xplore&nbsp;guests are invited to come to a meeting point and trade all forms of physical treatments \u2013 from academic\/professional to improvised\/intuitive, supported by a cast of experts. In the same space you also find opportunities for creative expression and play&hellip;","_links":{"self":[{"href":"https:\/\/xplore-berlin.de\/de\/wp-json\/wp\/v2\/pages\/3154"}],"collection":[{"href":"https:\/\/xplore-berlin.de\/de\/wp-json\/wp\/v2\/pages"}],"about":[{"href":"https:\/\/xplore-berlin.de\/de\/wp-json\/wp\/v2\/types\/page"}],"author":[{"embeddable":true,"href":"https:\/\/xplore-berlin.de\/de\/wp-json\/wp\/v2\/users\/1"}],"replies":[{"embeddable":true,"href":"https:\/\/xplore-berlin.de\/de\/wp-json\/wp\/v2\/comments?post=3154"}],"version-history":[{"count":2,"href":"https:\/\/xplore-berlin.de\/de\/wp-json\/wp\/v2\/pages\/3154\/revisions"}],"predecessor-version":[{"id":3157,"href":"https:\/\/xplore-berlin.de\/de\/wp-json\/wp\/v2\/pages\/3154\/revisions\/3157"}],"wp:attachment":[{"href":"https:\/\/xplore-berlin.de\/de\/wp-json\/wp\/v2\/media?parent=3154"}],"curies":[{"name":"wp","href":"https:\/\/api.w.org\/{rel}","templated":true}]}}