{"id":3199,"date":"2022-04-21T16:20:58","date_gmt":"2022-04-21T14:20:58","guid":{"rendered":"https:\/\/xplore-berlin.de\/?page_id=3199"},"modified":"2024-05-23T20:12:51","modified_gmt":"2024-05-23T18:12:51","slug":"body-work-exchange-space","status":"publish","type":"page","link":"https:\/\/xplore-berlin.de\/de\/body-work-exchange-space\/","title":{"rendered":"XPLORE K\u00d6RPERARBEITSB\u00d6RSE"},"content":{"rendered":"<h3 id=\"massage-space\">MASSAGE RAUM<\/h3>\n\n\n\n<div style=\"height:30px\" aria-hidden=\"true\" class=\"wp-block-spacer\"><\/div>\n\n\n\n<figure class=\"wp-block-image alignright size-full is-resized ghostkit-custom-Z1tND1q\"><img src=\"https:\/\/xplore-berlin.de\/wp-content\/uploads\/Selection_125.png\" alt=\"massage shadow\" class=\"wp-image-3202\" width=\"300\" srcset=\"https:\/\/xplore-berlin.de\/wp-content\/uploads\/Selection_125.png 347w, https:\/\/xplore-berlin.de\/wp-content\/uploads\/Selection_125-300x300.png 300w, https:\/\/xplore-berlin.de\/wp-content\/uploads\/Selection_125-150x150.png 150w, https:\/\/xplore-berlin.de\/wp-content\/uploads\/Selection_125-12x12.png 12w\" sizes=\"(max-width: 347px) 100vw, 347px\" \/><\/figure>\n\n\n\n<p>Dies ist ein Raum, der f\u00fcr K\u00f6rperarbeit, Seilbondage und alle Arten von Massagen ausgestattet ist. xplore-G\u00e4ste sind eingeladen, zu einem Treffpunkt zu kommen und alle m\u00f6glichen Formen von Behandlungen zu tauschen - von akademisch\/professionell bis hin zu improvisiert\/intuitiv, unterst\u00fctzt von einer Gruppe von Expert*innen. Ein Ort f\u00fcr sanfte Aktivit\u00e4ten und Entspannung, begleitet von elektronischer Musik und Fl\u00f6tenspiel.<\/p>\n\n\n\n<div class=\"ghostkit-divider ghostkit-divider-type-solid ghostkit-custom-IFsDa\"><\/div>\n\n\n\n<p>\u00d6ffnungszeiten: <strong>Freitag 11.00 \u2013 21.00 \/ Samstag 11.00 \u2013 21.00 \/ Sonntag 13.00 \u2013 21.00<\/strong><\/p>\n\n\n\n<div style=\"height:30px\" aria-hidden=\"true\" class=\"wp-block-spacer\"><\/div>\n\n\n\n<div class=\"ghostkit-divider ghostkit-divider-type-solid ghostkit-custom-ZWJcRL\"><\/div>\n\n\n\n<div style=\"height:30px\" aria-hidden=\"true\" class=\"wp-block-spacer\"><\/div>\n\n\n\n<div style=\"height:30px\" aria-hidden=\"true\" class=\"wp-block-spacer\"><\/div>\n\n\n\n<figure class=\"wp-block-image size-large\"><img width=\"1024\" height=\"683\" src=\"https:\/\/xplore-berlin.de\/wp-content\/uploads\/357EC021-8979-4416-9C68-7D12F135E36B_1_105_c-1024x683.jpeg\" alt=\"massage space\" class=\"wp-image-3203\" srcset=\"https:\/\/xplore-berlin.de\/wp-content\/uploads\/357EC021-8979-4416-9C68-7D12F135E36B_1_105_c-1024x683.jpeg 1024w, https:\/\/xplore-berlin.de\/wp-content\/uploads\/357EC021-8979-4416-9C68-7D12F135E36B_1_105_c-300x200.jpeg 300w, https:\/\/xplore-berlin.de\/wp-content\/uploads\/357EC021-8979-4416-9C68-7D12F135E36B_1_105_c-768x512.jpeg 768w, https:\/\/xplore-berlin.de\/wp-content\/uploads\/357EC021-8979-4416-9C68-7D12F135E36B_1_105_c-18x12.jpeg 18w, https:\/\/xplore-berlin.de\/wp-content\/uploads\/357EC021-8979-4416-9C68-7D12F135E36B_1_105_c.jpeg 1086w\" sizes=\"(max-width: 1024px) 100vw, 1024px\" \/><\/figure>\n\n\n\n<div style=\"height:30px\" aria-hidden=\"true\" class=\"wp-block-spacer\"><\/div>\n\n\n\n<div class=\"ghostkit-divider ghostkit-divider-type-solid ghostkit-custom-Z1KCXtY\"><\/div>\n\n\n\n<div style=\"height:50px\" aria-hidden=\"true\" class=\"wp-block-spacer\"><\/div>\n\n\n\n<h3 id=\"shibari-lounge\">SHIBARI-LOUNGE <\/h3>\n\n\n\n<div style=\"height:30px\" aria-hidden=\"true\" class=\"wp-block-spacer\"><\/div>\n\n\n\n<figure class=\"wp-block-image alignright size-full is-resized ghostkit-custom-Z1feLST\"><img src=\"https:\/\/xplore-berlin.de\/wp-content\/uploads\/Selection_162.png\" alt=\"shibari lounge lilly\" class=\"wp-image-3353\" width=\"300\" srcset=\"https:\/\/xplore-berlin.de\/wp-content\/uploads\/Selection_162.png 850w, https:\/\/xplore-berlin.de\/wp-content\/uploads\/Selection_162-300x300.png 300w, https:\/\/xplore-berlin.de\/wp-content\/uploads\/Selection_162-150x150.png 150w, https:\/\/xplore-berlin.de\/wp-content\/uploads\/Selection_162-768x768.png 768w, https:\/\/xplore-berlin.de\/wp-content\/uploads\/Selection_162-12x12.png 12w\" sizes=\"(max-width: 850px) 100vw, 850px\" \/><\/figure>\n\n\n\n<p>In der xplore K\u00f6rperarbeitsb\u00f6rse ist ein permanenter Ort eingerichtet, an dem Teilnehmer*innen ihre (ersten) Erfahrungen im Seil mit den Trainerinnen und Trainern des Osada Kinbaku e.V. machen k\u00f6nnen, der seit den Anf\u00e4ngen der xplore ein fester Bestandteil des Festivals ist.<\/p>\n\n\n\n<p>Wie sich die Session gestaltet, h\u00e4ngt von Deinen W\u00fcnschen und Vorstellungen ab. Ob am Boden oder in der Luft, das Spiel mit N\u00e4he und Distanz, Schmerz und Lust oder einfach eine technische Fesselung; Du kannst erleben, wie sich Seil an Deinem K\u00f6rper anf\u00fchlt und was es mit Dir macht. Ihr k\u00f6nnt die Trainer und Trainerinnen ansprechen, wenn sie gerade nicht fesseln und nach einem kurzen kl\u00e4renden Einweisungsgespr\u00e4ch kann es meist schon losgehen.<\/p>\n\n\n\n<p>Die Shibari Lounge l\u00e4dt ebenso diejenigen ein, die einen ruhigeren Ort zum Verweilen suchen, zusehen und die Eindr\u00fccke auf sich wirken lassen wollen.<\/p>\n\n\n\n<div class=\"ghostkit-divider ghostkit-divider-type-solid ghostkit-custom-18fkOM\"><\/div>\n\n\n\n<p>Trainer:&nbsp;<strong>Hagen, Arlis, Alex, Lilly<\/strong><\/p>\n\n\n\n<div style=\"height:30px\" aria-hidden=\"true\" class=\"wp-block-spacer\"><\/div>\n\n\n\n<div class=\"ghostkit-divider ghostkit-divider-type-solid ghostkit-custom-Z1ADggV\"><\/div>\n\n\n\n<div style=\"height:30px\" aria-hidden=\"true\" class=\"wp-block-spacer\"><\/div>\n\n\n\n<div style=\"height:30px\" aria-hidden=\"true\" class=\"wp-block-spacer\"><\/div>\n\n\n\n<figure class=\"wp-block-image size-full\"><img width=\"1024\" height=\"683\" src=\"https:\/\/xplore-berlin.de\/wp-content\/uploads\/PAUL-JUNG-berlin-xplore-1000706-1024x683-1.jpg\" alt=\"shibari space\" class=\"wp-image-3334\" srcset=\"https:\/\/xplore-berlin.de\/wp-content\/uploads\/PAUL-JUNG-berlin-xplore-1000706-1024x683-1.jpg 1024w, https:\/\/xplore-berlin.de\/wp-content\/uploads\/PAUL-JUNG-berlin-xplore-1000706-1024x683-1-300x200.jpg 300w, https:\/\/xplore-berlin.de\/wp-content\/uploads\/PAUL-JUNG-berlin-xplore-1000706-1024x683-1-768x512.jpg 768w, https:\/\/xplore-berlin.de\/wp-content\/uploads\/PAUL-JUNG-berlin-xplore-1000706-1024x683-1-18x12.jpg 18w\" sizes=\"(max-width: 1024px) 100vw, 1024px\" \/><\/figure>\n\n\n\n<div style=\"height:30px\" aria-hidden=\"true\" class=\"wp-block-spacer\"><\/div>\n\n\n\n<div class=\"ghostkit-divider ghostkit-divider-type-solid ghostkit-custom-h9qU3\"><\/div>\n\n\n\n<div style=\"height:50px\" aria-hidden=\"true\" class=\"wp-block-spacer\"><\/div>","protected":false},"excerpt":{"rendered":"<p>MASSAGERAUM Dies ist ein Raum, der f\u00fcr K\u00f6rperarbeit, Seilbondage und alle Arten von Massagen ausgestattet ist. Xplore-G\u00e4ste sind eingeladen, zu einem Treffpunkt zu kommen und alle Formen physikalischer Behandlungen auszutauschen \u2013 von akademisch\/professionell bis improvisiert\/intuitiv, unterst\u00fctzt von einer Gruppe von Experten. Ein Ort f\u00fcr sanfte Aktivit\u00e4ten und Entspannung, begleitet von sanfter elektronischer \u2026<\/p>\n<p class=\"read-more\"> <a class=\"\" href=\"https:\/\/xplore-berlin.de\/de\/body-work-exchange-space\/\"> <span class=\"screen-reader-text\">XPLORE K\u00d6RPERARBEITSB\u00d6RSE<\/span> Weiterlesen \u00bb<\/a><\/p>","protected":false},"author":1,"featured_media":0,"parent":0,"menu_order":0,"comment_status":"closed","ping_status":"closed","template":"","meta":{"_uag_custom_page_level_css":"","ghostkit_customizer_options":"","ghostkit_custom_css":"","ghostkit_custom_js_head":"","ghostkit_custom_js_foot":"","ghostkit_typography":"","site-sidebar-layout":"default","site-content-layout":"default","ast-global-header-display":"","ast-main-header-display":"","ast-hfb-above-header-display":"","ast-hfb-below-header-display":"","ast-hfb-mobile-header-display":"","site-post-title":"","ast-breadcrumbs-content":"","ast-featured-img":"","footer-sml-layout":"","theme-transparent-header-meta":"default","adv-header-id-meta":"","stick-header-meta":"default","header-above-stick-meta":"","header-main-stick-meta":"","header-below-stick-meta":""},"uagb_featured_image_src":{"full":false,"thumbnail":false,"medium":false,"medium_large":false,"large":false,"1536x1536":false,"2048x2048":false,"trp-custom-language-flag":false},"uagb_author_info":{"display_name":"xpad01","author_link":"https:\/\/xplore-berlin.de\/de\/author\/xpad01\/"},"uagb_comment_info":0,"uagb_excerpt":"MASSAGE SPACE This is a space equipped for bodywork, rope bondage and all kinds of massages. Xplore guests are invited to come to a meeting point and trade all forms of physical treatments \u2013 from academic\/professional to improvised\/intuitive, supported by a cast of experts. A place for gentle activities and relaxation, accompanied by gentle electronic&hellip;","_links":{"self":[{"href":"https:\/\/xplore-berlin.de\/de\/wp-json\/wp\/v2\/pages\/3199"}],"collection":[{"href":"https:\/\/xplore-berlin.de\/de\/wp-json\/wp\/v2\/pages"}],"about":[{"href":"https:\/\/xplore-berlin.de\/de\/wp-json\/wp\/v2\/types\/page"}],"author":[{"embeddable":true,"href":"https:\/\/xplore-berlin.de\/de\/wp-json\/wp\/v2\/users\/1"}],"replies":[{"embeddable":true,"href":"https:\/\/xplore-berlin.de\/de\/wp-json\/wp\/v2\/comments?post=3199"}],"version-history":[{"count":13,"href":"https:\/\/xplore-berlin.de\/de\/wp-json\/wp\/v2\/pages\/3199\/revisions"}],"predecessor-version":[{"id":3987,"href":"https:\/\/xplore-berlin.de\/de\/wp-json\/wp\/v2\/pages\/3199\/revisions\/3987"}],"wp:attachment":[{"href":"https:\/\/xplore-berlin.de\/de\/wp-json\/wp\/v2\/media?parent=3199"}],"curies":[{"name":"wp","href":"https:\/\/api.w.org\/{rel}","templated":true}]}}