{"id":3215,"date":"2022-04-21T18:09:41","date_gmt":"2022-04-21T16:09:41","guid":{"rendered":"https:\/\/xplore-berlin.de\/?page_id=3215"},"modified":"2024-05-23T20:10:41","modified_gmt":"2024-05-23T18:10:41","slug":"shadow","status":"publish","type":"page","link":"https:\/\/xplore-berlin.de\/de\/shadow\/","title":{"rendered":"Shadow"},"content":{"rendered":"<figure class=\"wp-block-image alignleft size-full is-resized ghostkit-custom-Z1DCuQQ\"><img src=\"https:\/\/xplore-berlin.de\/wp-content\/uploads\/Selection_125-3.png\" alt=\"shadow \" class=\"wp-image-3216\" width=\"300\" srcset=\"https:\/\/xplore-berlin.de\/wp-content\/uploads\/Selection_125-3.png 399w, https:\/\/xplore-berlin.de\/wp-content\/uploads\/Selection_125-3-300x300.png 300w, https:\/\/xplore-berlin.de\/wp-content\/uploads\/Selection_125-3-150x150.png 150w, https:\/\/xplore-berlin.de\/wp-content\/uploads\/Selection_125-3-12x12.png 12w\" sizes=\"(max-width: 399px) 100vw, 399px\" \/><\/figure>\n\n\n\n<p><strong>Shadow <\/strong>ist spezialisiert auf Projekte und Workshops, die sich auf Pr\u00e4senz, Selbstbewusstsein und subtile Interaktionen konzentrieren, basierend auf den physischen und energetischen Prinzipien des Taijiquan und unserer nat\u00fcrlichen Verbindung zur Natur. Aufgeschlossen und experimentell arbeitet sie mit Energie, Naturkl\u00e4ngen, K\u00f6rper und Geist.<\/p>\n\n\n\n<div style=\"height:30px\" aria-hidden=\"true\" class=\"wp-block-spacer\"><\/div>\n\n\n\n<div class=\"ghostkit-divider ghostkit-divider-type-solid ghostkit-custom-29h4As\"><\/div>\n\n\n\n<div style=\"height:50px\" aria-hidden=\"true\" class=\"wp-block-spacer\"><\/div>\n\n\n\n<h2 id=\"body-work-exchange-space\">K\u00d6RPERARBEITSB\u00d6RSE<\/h2>\n\n\n\n<h3 id=\"massage-space\">MASSAGE RAUM<\/h3>\n\n\n\n<div style=\"height:30px\" aria-hidden=\"true\" class=\"wp-block-spacer\"><\/div>\n\n\n\n<figure class=\"wp-block-image alignright size-full is-resized ghostkit-custom-1Ql4TK\"><img src=\"https:\/\/xplore-berlin.de\/wp-content\/uploads\/Selection_213-2.png\" alt=\"\" class=\"wp-image-3969\" width=\"300\" height=\"300\" srcset=\"https:\/\/xplore-berlin.de\/wp-content\/uploads\/Selection_213-2.png 661w, https:\/\/xplore-berlin.de\/wp-content\/uploads\/Selection_213-2-300x300.png 300w, https:\/\/xplore-berlin.de\/wp-content\/uploads\/Selection_213-2-150x150.png 150w, https:\/\/xplore-berlin.de\/wp-content\/uploads\/Selection_213-2-12x12.png 12w\" sizes=\"(max-width: 300px) 100vw, 300px\" \/><\/figure>\n\n\n\n<p>Shadow ist die k\u00fcnstlerische Leiterin der xplore <a href=\"https:\/\/xplore-berlin.de\/de\/body-work-exchange-space\/\" data-type=\"page\" data-id=\"3199\">K\u00f6rperarbeitsb\u00f6rse \/ Massage Raum.<\/a><\/p>\n\n\n\n<div style=\"height:30px\" aria-hidden=\"true\" class=\"wp-block-spacer\"><\/div>\n\n\n\n<div class=\"ghostkit-divider ghostkit-divider-type-solid ghostkit-custom-zJwBf\"><\/div>\n\n\n\n<div style=\"height:50px\" aria-hidden=\"true\" class=\"wp-block-spacer\"><\/div>\n\n\n\n<div style=\"height:50px\" aria-hidden=\"true\" class=\"wp-block-spacer\"><\/div>","protected":false},"excerpt":{"rendered":"<p>Shadow ist spezialisiert auf Projekte und Workshops, die sich auf Pr\u00e4senz, Selbstbewusstsein und subtile Interaktionen konzentrieren, basierend auf den physischen und energetischen Prinzipien des Taijiquan und unserer nat\u00fcrlichen Verbindung zur Natur. Sie arbeitet auf offene und experimentelle Weise mit Energie, nat\u00fcrlichen Kl\u00e4ngen, K\u00f6rpern und Geistern. K\u00d6RPERARBEIT AUSTAUSCHRAUM MASSAGERAUM Shadow ist die k\u00fcnstlerische Leiterin des \u2026<\/p>\n<p class=\"read-more\"> <a class=\"\" href=\"https:\/\/xplore-berlin.de\/de\/shadow\/\"> <span class=\"screen-reader-text\">Shadow<\/span> Weiterlesen \u00bb<\/a><\/p>","protected":false},"author":1,"featured_media":0,"parent":0,"menu_order":0,"comment_status":"closed","ping_status":"closed","template":"","meta":{"_uag_custom_page_level_css":"","ghostkit_customizer_options":"","ghostkit_custom_css":"","ghostkit_custom_js_head":"","ghostkit_custom_js_foot":"","ghostkit_typography":"","site-sidebar-layout":"default","site-content-layout":"default","ast-global-header-display":"","ast-main-header-display":"","ast-hfb-above-header-display":"","ast-hfb-below-header-display":"","ast-hfb-mobile-header-display":"","site-post-title":"","ast-breadcrumbs-content":"","ast-featured-img":"","footer-sml-layout":"","theme-transparent-header-meta":"default","adv-header-id-meta":"","stick-header-meta":"default","header-above-stick-meta":"","header-main-stick-meta":"","header-below-stick-meta":""},"uagb_featured_image_src":{"full":false,"thumbnail":false,"medium":false,"medium_large":false,"large":false,"1536x1536":false,"2048x2048":false,"trp-custom-language-flag":false},"uagb_author_info":{"display_name":"xpad01","author_link":"https:\/\/xplore-berlin.de\/de\/author\/xpad01\/"},"uagb_comment_info":0,"uagb_excerpt":"Shadow specializes in projects and workshops focused on presence, self-awareness and subtle interactions, based on the physical and energy principles of taijiquan, and our natural link to Nature. She works with energy, natural sounds, bodies and minds in open-minded and experimental ways. BODY WORK EXCHANGE SPACE MASSAGE SPACE Shadow is the artistic director of the&hellip;","_links":{"self":[{"href":"https:\/\/xplore-berlin.de\/de\/wp-json\/wp\/v2\/pages\/3215"}],"collection":[{"href":"https:\/\/xplore-berlin.de\/de\/wp-json\/wp\/v2\/pages"}],"about":[{"href":"https:\/\/xplore-berlin.de\/de\/wp-json\/wp\/v2\/types\/page"}],"author":[{"embeddable":true,"href":"https:\/\/xplore-berlin.de\/de\/wp-json\/wp\/v2\/users\/1"}],"replies":[{"embeddable":true,"href":"https:\/\/xplore-berlin.de\/de\/wp-json\/wp\/v2\/comments?post=3215"}],"version-history":[{"count":10,"href":"https:\/\/xplore-berlin.de\/de\/wp-json\/wp\/v2\/pages\/3215\/revisions"}],"predecessor-version":[{"id":3985,"href":"https:\/\/xplore-berlin.de\/de\/wp-json\/wp\/v2\/pages\/3215\/revisions\/3985"}],"wp:attachment":[{"href":"https:\/\/xplore-berlin.de\/de\/wp-json\/wp\/v2\/media?parent=3215"}],"curies":[{"name":"wp","href":"https:\/\/api.w.org\/{rel}","templated":true}]}}