{"id":3322,"date":"2022-06-18T11:18:42","date_gmt":"2022-06-18T09:18:42","guid":{"rendered":"https:\/\/xplore-berlin.de\/?page_id=3322"},"modified":"2026-03-24T12:19:38","modified_gmt":"2026-03-24T11:19:38","slug":"schedule-2026","status":"publish","type":"page","link":"https:\/\/xplore-berlin.de\/de\/schedule-2026\/","title":{"rendered":"Zeitplan"},"content":{"rendered":"<div style=\"height:50px\" aria-hidden=\"true\" class=\"wp-block-spacer\"><\/div>\n\n\n\n<div class=\"ghostkit-divider ghostkit-divider-type-solid ghostkit-custom-Zm80Qr\"><\/div>\n\n\n\n<div style=\"height:30px\" aria-hidden=\"true\" class=\"wp-block-spacer\"><\/div>\n\n\n\n<h4 id=\"the-festival-happens-friday-to-sunday\">Das Festival findet von Freitag bis Sonntag statt.<\/h4>\n\n\n\n<ul><li>Freitag und Samstag 11:00 \u2013 21:00<\/li><li>Sonntag 13:00 \u2013 21:00<\/li><\/ul>\n\n\n\n<div style=\"height:20px\" aria-hidden=\"true\" class=\"wp-block-spacer\"><\/div>\n\n\n\n<h4 id=\"apart-from-the-opening-hours-of-xplore-there-will-be-no-exact-schedule-in-the-different-spaces-you-have-to-visit-them-to-find-out\">Neben den \u00d6ffnungszeiten der xplore wird es keinerlei festen Zeitplan f\u00fcr die einzelnen R\u00e4ume geben. Du musst hingehen, um herauszufinden,  was stattfindet.<\/h4>\n\n\n\n<ul><li>Eine Einf\u00fchrung f\u00fcr XPLORE-NEULINGE von Felix Ruckert findet am Freitag um 11:00 statt in der <a href=\"https:\/\/xplore-berlin.de\/de\/central-hall-old-white-men\/\" data-type=\"URL\" data-id=\"https:\/\/xplore-berlin.de\/central-hall-old-white-men\/\">ZENTRALEN HALLE<\/a>.<\/li><li>Eine Liste und eine Beschreibung der verschiedenen R\u00e4ume findest du hier: <a href=\"https:\/\/xplore-berlin.de\/de\/presenters\/\" data-type=\"URL\" data-id=\"https:\/\/xplore-berlin.de\/presenters\/\">Dozent*innen &amp; R\u00e4ume<\/a><\/li><li>Alles wird zur rechten Zeit stattfinden\u2026<\/li><\/ul>\n\n\n\n<div style=\"height:20px\" aria-hidden=\"true\" class=\"wp-block-spacer\"><\/div>\n\n\n\n<h4 id=\"the-box-office-for-registration-and-last-minute-sign-up-is-open\">Die Kasse f\u00fcr Registrierung und Last-Minute-Anmeldungen ist ge\u00f6ffnet:<\/h4>\n\n\n\n<ul><li> Freitag, Samstag und Sonntag ab 9:30.<\/li><li>Nur Drei-Tages-Tickets!<\/li><\/ul>\n\n\n\n<div style=\"height:20px\" aria-hidden=\"true\" class=\"wp-block-spacer\"><\/div>\n\n\n\n<div class=\"ghostkit-divider ghostkit-divider-type-solid ghostkit-custom-Z8w8WA\"><\/div>\n\n\n\n<div style=\"height:50px\" aria-hidden=\"true\" class=\"wp-block-spacer\"><\/div>","protected":false},"excerpt":{"rendered":"<p>The festival happens Friday to Sunday. Friday and Saturday 11:00 &#8211; 21:00 Sunday 13:00 &#8211; 21:00 Apart from the opening hours of xplore there will be no exact schedule in the different spaces, you have to visit them to find out. An Introduction for XPLORE FIRST TIMERS, by Felix Ruckert&nbsp;will take place at 11:00 on &hellip;<\/p>\n<p class=\"read-more\"> <a class=\"\" href=\"https:\/\/xplore-berlin.de\/de\/schedule-2026\/\"> <span class=\"screen-reader-text\">Zeitplan<\/span> Weiterlesen \u00bb<\/a><\/p>","protected":false},"author":1,"featured_media":0,"parent":0,"menu_order":0,"comment_status":"closed","ping_status":"closed","template":"","meta":{"_uag_custom_page_level_css":"","ghostkit_customizer_options":"","ghostkit_custom_css":"","ghostkit_custom_js_head":"","ghostkit_custom_js_foot":"","ghostkit_typography":"","site-sidebar-layout":"default","site-content-layout":"default","ast-global-header-display":"","ast-main-header-display":"","ast-hfb-above-header-display":"","ast-hfb-below-header-display":"","ast-hfb-mobile-header-display":"","site-post-title":"","ast-breadcrumbs-content":"","ast-featured-img":"","footer-sml-layout":"","theme-transparent-header-meta":"default","adv-header-id-meta":"","stick-header-meta":"default","header-above-stick-meta":"","header-main-stick-meta":"","header-below-stick-meta":""},"uagb_featured_image_src":{"full":false,"thumbnail":false,"medium":false,"medium_large":false,"large":false,"1536x1536":false,"2048x2048":false,"trp-custom-language-flag":false},"uagb_author_info":{"display_name":"xpad01","author_link":"https:\/\/xplore-berlin.de\/de\/author\/xpad01\/"},"uagb_comment_info":0,"uagb_excerpt":"The festival happens Friday to Sunday. Friday and Saturday 11:00 &#8211; 21:00 Sunday 13:00 &#8211; 21:00 Apart from the opening hours of xplore there will be no exact schedule in the different spaces, you have to visit them to find out. An Introduction for XPLORE FIRST TIMERS, by Felix Ruckert&nbsp;will take place at 11:00 on&hellip;","_links":{"self":[{"href":"https:\/\/xplore-berlin.de\/de\/wp-json\/wp\/v2\/pages\/3322"}],"collection":[{"href":"https:\/\/xplore-berlin.de\/de\/wp-json\/wp\/v2\/pages"}],"about":[{"href":"https:\/\/xplore-berlin.de\/de\/wp-json\/wp\/v2\/types\/page"}],"author":[{"embeddable":true,"href":"https:\/\/xplore-berlin.de\/de\/wp-json\/wp\/v2\/users\/1"}],"replies":[{"embeddable":true,"href":"https:\/\/xplore-berlin.de\/de\/wp-json\/wp\/v2\/comments?post=3322"}],"version-history":[{"count":74,"href":"https:\/\/xplore-berlin.de\/de\/wp-json\/wp\/v2\/pages\/3322\/revisions"}],"predecessor-version":[{"id":4402,"href":"https:\/\/xplore-berlin.de\/de\/wp-json\/wp\/v2\/pages\/3322\/revisions\/4402"}],"wp:attachment":[{"href":"https:\/\/xplore-berlin.de\/de\/wp-json\/wp\/v2\/media?parent=3322"}],"curies":[{"name":"wp","href":"https:\/\/api.w.org\/{rel}","templated":true}]}}