{"id":3560,"date":"2023-04-26T20:55:58","date_gmt":"2023-04-26T18:55:58","guid":{"rendered":"https:\/\/xplore-berlin.de\/?page_id=3560"},"modified":"2023-06-27T17:03:46","modified_gmt":"2023-06-27T15:03:46","slug":"harshini-j-karunaratne","status":"publish","type":"page","link":"https:\/\/xplore-berlin.de\/de\/harshini-j-karunaratne\/","title":{"rendered":"Harshini J. Karunaratne"},"content":{"rendered":"<figure class=\"wp-block-image alignleft size-large is-resized ghostkit-custom-ZED8V1\"><img src=\"https:\/\/xplore-berlin.de\/wp-content\/uploads\/branding-headshot-2022-1024x1024.jpg\" alt=\"\" class=\"wp-image-3563\" width=\"300\" srcset=\"https:\/\/xplore-berlin.de\/wp-content\/uploads\/branding-headshot-2022-1024x1024.jpg 1024w, https:\/\/xplore-berlin.de\/wp-content\/uploads\/branding-headshot-2022-300x300.jpg 300w, https:\/\/xplore-berlin.de\/wp-content\/uploads\/branding-headshot-2022-150x150.jpg 150w, https:\/\/xplore-berlin.de\/wp-content\/uploads\/branding-headshot-2022-768x768.jpg 768w, https:\/\/xplore-berlin.de\/wp-content\/uploads\/branding-headshot-2022-12x12.jpg 12w, https:\/\/xplore-berlin.de\/wp-content\/uploads\/branding-headshot-2022.jpg 1455w\" sizes=\"(max-width: 1024px) 100vw, 1024px\" \/><\/figure>\n\n\n\n<p><strong>Harshini J. Karunaratne<\/strong> (she\/they) ist eine srilankisch-peruanische Digitalk\u00fcnstlerin, die an den Schnittstellen von Film, Theater und Technologie arbeitet. Ausgehend von einer Praxis der k\u00fcnstlerischen Forschung und Performance entwickelt sie Projekte, die sich mit Themen wie \u00d6ko-Trauer, Gender, K\u00f6rper und Leben nach dem Tod auseinandersetzen. Harshinis Arbeiten wurden bereits in den Vereinigten Arabischen Emiraten, Italien, Deutschland, Japan, Peru, Griechenland, beim FILE Festival in Sao Paulo und beim Burning Man in Black Rock City, Nevada, gezeigt. Von Berlin aus verfolgt Harshini ihre Leidenschaft f\u00fcr die Arbeit mit Live-Video, Projektionen und die Schaffung von Gelegenheiten zur Begegnung. Sie ist auch die Organisatorin und leitende Kuratorin von MANIFEST:IO, einem Symposium f\u00fcr neue Medien und elektronische Kunst, das im Februar 2023 startet.<br><a href=\"https:\/\/harshinijk.com\/\">https:\/\/harshinijk.com\/<\/a><br>Instagram: <a href=\"https:\/\/www.instagram.com\/harshinijk_\/\" data-type=\"URL\" data-id=\"https:\/\/www.instagram.com\/harshinijk_\/\">@harshinijk_<\/a><\/p>\n\n\n\n<div style=\"height:50px\" aria-hidden=\"true\" class=\"wp-block-spacer\"><\/div>\n\n\n\n<div class=\"ghostkit-divider ghostkit-divider-type-solid ghostkit-custom-29h4As\"><\/div>\n\n\n\n<h2 id=\"see-life-art-installation\">SEE \/ LIFE ART &amp; INSTALLATION<\/h2>\n\n\n\n<div style=\"height:50px\" aria-hidden=\"true\" class=\"wp-block-spacer\"><\/div>\n\n\n\n<h3 id=\"the-multiplicity-of-you\">DIE VIELF\u00c4LTIGKEIT VON DIR<\/h3>\n\n\n\n<figure class=\"wp-block-image size-large\"><img width=\"1024\" height=\"592\" src=\"https:\/\/xplore-berlin.de\/wp-content\/uploads\/LR_Edit-01-1024x592.jpg\" alt=\"\" class=\"wp-image-3609\" srcset=\"https:\/\/xplore-berlin.de\/wp-content\/uploads\/LR_Edit-01-1024x592.jpg 1024w, https:\/\/xplore-berlin.de\/wp-content\/uploads\/LR_Edit-01-300x173.jpg 300w, https:\/\/xplore-berlin.de\/wp-content\/uploads\/LR_Edit-01-768x444.jpg 768w, https:\/\/xplore-berlin.de\/wp-content\/uploads\/LR_Edit-01-1536x888.jpg 1536w, https:\/\/xplore-berlin.de\/wp-content\/uploads\/LR_Edit-01-18x10.jpg 18w, https:\/\/xplore-berlin.de\/wp-content\/uploads\/LR_Edit-01.jpg 2000w\" sizes=\"(max-width: 1024px) 100vw, 1024px\" \/><\/figure>\n\n\n\n<div style=\"height:50px\" aria-hidden=\"true\" class=\"wp-block-spacer\"><\/div>\n\n\n\n<p>Du hast Macht.<\/p>\n\n\n\n<p>Aber es kann leicht sein, das manchmal aus den Augen zu verlieren.<\/p>\n\n\n\n<p>Das Gewicht der Welt auf unseren Schultern<\/p>\n\n\n\n<p>Atmen, summen, krabbeln.<\/p>\n\n\n\n<p>Drehen, kratzen, schreien.<\/p>\n\n\n\n<p>Verzichte auf Perfektion. Lasst uns schmutzig werden.<\/p>\n\n\n\n<p>Unsere K\u00f6rper sind aus Fleisch, Knochen, Haut und Pixeln gemacht.&nbsp;<\/p>\n\n\n\n<p>Komm und verwandle dich mit mir.<\/p>\n\n\n\n<div class=\"ghostkit-divider ghostkit-divider-type-solid ghostkit-custom-ZtoKF7\"><\/div>\n\n\n\n<p>Ein Live-Projektions-Installation-Happening, das durch deinen K\u00f6rper und deine Bewegungen bestimmt wird. Mit Poesie und gesprochenem Wort, Musik und Nonsens. Eine Einladung, sich zu verwandeln und individuell und kollektiv Welten zu erschaffen.<\/p>\n\n\n\n<div class=\"ghostkit-divider ghostkit-divider-type-solid ghostkit-custom-1ews5z\"><\/div>\n\n\n\n<p>Diese Intervention kann Blinklichter beinhalten.<\/p>\n\n\n\n<div style=\"height:50px\" aria-hidden=\"true\" class=\"wp-block-spacer\"><\/div>\n\n\n\n<div class=\"ghostkit-divider ghostkit-divider-type-solid ghostkit-custom-Z2g8VgW\"><\/div>\n\n\n\n<h2 id=\"xplore-xtras\">XPLORE XTRAS<\/h2>\n\n\n\n<div style=\"height:50px\" aria-hidden=\"true\" class=\"wp-block-spacer\"><\/div>\n\n\n\n<h3 id=\"photography\">FOTOGRAFIE<\/h3>","protected":false},"excerpt":{"rendered":"<p>Harshini J. Karunaratne (sie\/sie) ist eine srilankisch-peruanische Digitalk\u00fcnstlerin, die an der Schnittstelle von Film, Theater und Technologie arbeitet. Basierend auf einer Praxis k\u00fcnstlerischer Forschung und Performance entwickeln sie Projekte, die sich mit Themen wie Umwelttrauer, Geschlecht, K\u00f6rper und Leben nach dem Tod befassen. Harshinis Arbeiten wurden in den Vereinigten Arabischen Emiraten, Italien, Deutschland, Japan, Peru, Griechenland usw. gezeigt.<\/p>\n<p class=\"read-more\"> <a class=\"\" href=\"https:\/\/xplore-berlin.de\/de\/harshini-j-karunaratne\/\"> <span class=\"screen-reader-text\">Harshini J. Karunaratne<\/span> Weiterlesen \u00bb<\/a><\/p>","protected":false},"author":13,"featured_media":0,"parent":0,"menu_order":0,"comment_status":"closed","ping_status":"closed","template":"","meta":{"_uag_custom_page_level_css":"","ghostkit_customizer_options":"","ghostkit_custom_css":"","ghostkit_custom_js_head":"","ghostkit_custom_js_foot":"","ghostkit_typography":"","site-sidebar-layout":"default","site-content-layout":"default","ast-global-header-display":"","ast-main-header-display":"","ast-hfb-above-header-display":"","ast-hfb-below-header-display":"","ast-hfb-mobile-header-display":"","site-post-title":"","ast-breadcrumbs-content":"","ast-featured-img":"","footer-sml-layout":"","theme-transparent-header-meta":"default","adv-header-id-meta":"","stick-header-meta":"default","header-above-stick-meta":"","header-main-stick-meta":"","header-below-stick-meta":""},"uagb_featured_image_src":{"full":false,"thumbnail":false,"medium":false,"medium_large":false,"large":false,"1536x1536":false,"2048x2048":false,"trp-custom-language-flag":false},"uagb_author_info":{"display_name":"anna","author_link":"https:\/\/xplore-berlin.de\/de\/author\/anna\/"},"uagb_comment_info":0,"uagb_excerpt":"Harshini J. Karunaratne (she\/they) is a Sri Lankan-Peruvian digital artist working at the intersections of film, theatre and technology. Rooted in a practice of artistic research and performance, they develop projects that explore themes of eco-grief, gender, the body and afterlife. Harshini has had their work shown in the UAE, Italy, Germany, Japan, Peru, Greece,&hellip;","_links":{"self":[{"href":"https:\/\/xplore-berlin.de\/de\/wp-json\/wp\/v2\/pages\/3560"}],"collection":[{"href":"https:\/\/xplore-berlin.de\/de\/wp-json\/wp\/v2\/pages"}],"about":[{"href":"https:\/\/xplore-berlin.de\/de\/wp-json\/wp\/v2\/types\/page"}],"author":[{"embeddable":true,"href":"https:\/\/xplore-berlin.de\/de\/wp-json\/wp\/v2\/users\/13"}],"replies":[{"embeddable":true,"href":"https:\/\/xplore-berlin.de\/de\/wp-json\/wp\/v2\/comments?post=3560"}],"version-history":[{"count":8,"href":"https:\/\/xplore-berlin.de\/de\/wp-json\/wp\/v2\/pages\/3560\/revisions"}],"predecessor-version":[{"id":3735,"href":"https:\/\/xplore-berlin.de\/de\/wp-json\/wp\/v2\/pages\/3560\/revisions\/3735"}],"wp:attachment":[{"href":"https:\/\/xplore-berlin.de\/de\/wp-json\/wp\/v2\/media?parent=3560"}],"curies":[{"name":"wp","href":"https:\/\/api.w.org\/{rel}","templated":true}]}}