{"id":3597,"date":"2023-05-15T21:59:57","date_gmt":"2023-05-15T19:59:57","guid":{"rendered":"https:\/\/xplore-berlin.de\/?page_id=3597"},"modified":"2023-07-24T11:47:32","modified_gmt":"2023-07-24T09:47:32","slug":"noises-play-space","status":"publish","type":"page","link":"https:\/\/xplore-berlin.de\/de\/noises-play-space\/","title":{"rendered":"XPLORE NOISES SPIELRAUM"},"content":{"rendered":"<figure class=\"wp-block-image alignright size-full is-resized\"><img src=\"https:\/\/xplore-berlin.de\/wp-content\/uploads\/E3F2688C-40FA-48C4-BFB9-8EE7A181BB94_1_201_a.jpeg\" alt=\"\" class=\"wp-image-3598\" width=\"300\" srcset=\"https:\/\/xplore-berlin.de\/wp-content\/uploads\/E3F2688C-40FA-48C4-BFB9-8EE7A181BB94_1_201_a.jpeg 960w, https:\/\/xplore-berlin.de\/wp-content\/uploads\/E3F2688C-40FA-48C4-BFB9-8EE7A181BB94_1_201_a-298x300.jpeg 298w, https:\/\/xplore-berlin.de\/wp-content\/uploads\/E3F2688C-40FA-48C4-BFB9-8EE7A181BB94_1_201_a-150x150.jpeg 150w, https:\/\/xplore-berlin.de\/wp-content\/uploads\/E3F2688C-40FA-48C4-BFB9-8EE7A181BB94_1_201_a-768x774.jpeg 768w, https:\/\/xplore-berlin.de\/wp-content\/uploads\/E3F2688C-40FA-48C4-BFB9-8EE7A181BB94_1_201_a-12x12.jpeg 12w\" sizes=\"(max-width: 960px) 100vw, 960px\" \/><\/figure>\n\n\n\n<p>Genuss, Geborgenheit, Angst, Lust, Einsamkeit, Gemeinschaft, Begehren, K\u00f6rper, Raum... ...alles klingt! T\u00f6nen, nicht sprechen! Zuh\u00f6ren, nicht h\u00f6ren! Ausschlie\u00dflich akustische Orientierung!!<\/p>\n\n\n\n<p>Herzlich wilkommen!<\/p>\n\n\n\n<div class=\"ghostkit-divider ghostkit-divider-type-solid ghostkit-custom-ZMQ7so\"><\/div>\n\n\n\n<p>K\u00fcnstlerische Leitung:&nbsp;<strong>R\u00fcdiger Wenk, alias Phonoschrank<\/strong><\/p>\n\n\n\n<p>Interventionen gestaltet von: <strong>Andy Buru &amp; Natasha; Marina Erler<\/strong>; <strong>R\u00fcdiger Wenk, alias Phonoschrank<\/strong><\/p>\n\n\n\n<div class=\"ghostkit-divider ghostkit-divider-type-solid ghostkit-custom-ZD4oGY\"><\/div>\n\n\n\n<p>\u00d6ffnungszeiten: <strong>Freitag 13.00 \u2013 21.00 \/ Samstag 13.00 \u2013 21.00 \/ Sonntag 13.00 \u2013 19.00<\/strong><\/p>\n\n\n\n<div style=\"height:30px\" aria-hidden=\"true\" class=\"wp-block-spacer\"><\/div>\n\n\n\n<figure class=\"wp-block-image size-large\"><img width=\"1024\" height=\"682\" src=\"https:\/\/xplore-berlin.de\/wp-content\/uploads\/eurix21-28-1024x682.jpeg\" alt=\"\" class=\"wp-image-3599\" srcset=\"https:\/\/xplore-berlin.de\/wp-content\/uploads\/eurix21-28-1024x682.jpeg 1024w, https:\/\/xplore-berlin.de\/wp-content\/uploads\/eurix21-28-300x200.jpeg 300w, https:\/\/xplore-berlin.de\/wp-content\/uploads\/eurix21-28-768x512.jpeg 768w, https:\/\/xplore-berlin.de\/wp-content\/uploads\/eurix21-28-18x12.jpeg 18w, https:\/\/xplore-berlin.de\/wp-content\/uploads\/eurix21-28.jpeg 1280w\" sizes=\"(max-width: 1024px) 100vw, 1024px\" \/><\/figure>\n\n\n\n<div style=\"height:30px\" aria-hidden=\"true\" class=\"wp-block-spacer\"><\/div>\n\n\n\n<div class=\"ghostkit-divider ghostkit-divider-type-solid ghostkit-custom-22dXjl\"><\/div>\n\n\n\n<div style=\"height:50px\" aria-hidden=\"true\" class=\"wp-block-spacer\"><\/div>\n\n\n\n<h2 id=\"tea-ceremony-at-noises-play-space-by-andy-buru-and-natasha\">TEE-ZEREMONIE IM NOISES SPIELRAUM von Andy Buru und Natasha<\/h2>\n\n\n\n<h3 id=\"a-perversion-of-tea\">Eine Perversion des Tees<\/h3>\n\n\n\n<p>Wasser gie\u00dfen. Bl\u00e4tter einweichen. Die Schalen werden an die wartenden G\u00e4ste verteilt. Zeremoniell gedreht, um einen Ritus des \u00dcbergangs zu markieren. Wieder und wieder. Das erfordert eine besondere Art von Mut und Hingabe. Und doch ist es reine Improvisation. Wof\u00fcr schaffen wir Platz in einer so delikaten Praxis? Eine zitternde Teeschale auf ausgestreckten Armen. Das Entkleiden eines Schl\u00fcsselbeins in Zeitlupe. Ein Tropfen Sabber, der auf die Zunge eines anderen tropft. Von Disziplin gezeichnete Haut. Ein bemaltes falsches Gesicht.<\/p>\n\n\n\n<p>\u201eEine Perversion des Tees\u201c ist ein sich wiederholendes sadomasochistisches Spielerlebnis in einem Meer aus Stille und L\u00e4rm, geleitet von Andy und Natasha. Sei unser zeitweiliger Zeuge oder verliere dich f\u00fcr Stunden, Tag f\u00fcr Tag.<\/p>\n\n\n\n<div style=\"height:30px\" aria-hidden=\"true\" class=\"wp-block-spacer\"><\/div>\n\n\n\n<div class=\"ghostkit-divider ghostkit-divider-type-solid ghostkit-custom-Z2dPKtH\"><\/div>\n\n\n\n<div style=\"height:50px\" aria-hidden=\"true\" class=\"wp-block-spacer\"><\/div>\n\n\n\n<h2 id=\"tenderness-and-violence-at-noises-play-space-by-marina-erler\">Z\u00c4RTLICHKEIT UND GEWALT IM NOISES SPIELRAUM von Marina Erler<\/h2>\n\n\n\n<h3 id=\"an-art-laboratory\">Ein Kunstlabor<\/h3>\n\n\n\n<p>Befleckt ein Kuss meine Haut? Wie lange dauert eine Umarmung? Wird mein Blick deine Haut durchdringen?<br>Das Labor Z\u00e4rtlichkeit und Gewalt sucht in jedem von uns nach Antworten. Wo speichert man W\u00e4rme, Feuchtigkeit und Klebrigkeit? Wo assimilieren sich die verschiedenen Arten der Ber\u00fchrung? Wann verschwinden die Grenzen?<\/p>\n\n\n\n<p>Der Workshop findet in Zehnergruppen statt.<br>Wir werden in einer Sequenz von Spielen forschen. Jede Einheit dauert eine Stunde.<br>Es ist nicht erforderlich, beides zu tun.<\/p>\n\n\n\n<p>Marina Erler hat dieses Labor f\u00fcr ihr aktuelles St\u00fcck \"f\u00fcr papa\" als Vorbereitung f\u00fcr ihre Schauspieler entwickelt.<\/p>\n\n\n\n<div style=\"height:30px\" aria-hidden=\"true\" class=\"wp-block-spacer\"><\/div>\n\n\n\n<div class=\"ghostkit-divider ghostkit-divider-type-solid ghostkit-custom-Z1poqgl\"><\/div>\n\n\n\n<div style=\"height:50px\" aria-hidden=\"true\" class=\"wp-block-spacer\"><\/div>\n\n\n\n<h2 id=\"white-noise-meditation-at-noises-play-space-by-rudiger-wenk-aka-phonoschrank\">WHITE NOISE MEDITATION IM NOISES SPIELRAUM von R\u00fcdiger Wenk aka Phonoschrank<\/h2>\n\n\n\n<h3 id=\"an-acoustic-self-reflection\">Eine akustische Selbstreflexion<\/h3>\n\n\n\n<p>Einmal pro Tag bieten wir eine White-Noise-Medition an.<\/p>\n\n\n\n<p>Alle Frequenzen zu gleichen Zeit wahrnehmen.<br>Spannungen im Kopf ausgleichen.<br>Nach der Mediation den Raum neu erkunden.\u2028\u2028<br>Sich selbst reflektieren.&nbsp;<\/p>\n\n\n\n<p>Endlich mal kein konkrete akustische Information.<br>Was Du w\u00e4hrende der Mediation \u201dh\u00f6rst\u201d ist eine akustische Selbstreflexion.<\/p>\n\n\n\n<p>Willkommen zur Meditation!<\/p>","protected":false},"excerpt":{"rendered":"<p>Freude, Geborgenheit, Angst, Lust, Einsamkeit, Gemeinschaft, Verlangen, K\u00f6rper, Raum\u2026 \u2026alles klingt! Klingen, nicht sprechen! Zuh\u00f6ren, nicht h\u00f6ren! Ausschlie\u00dflich akustische Ausrichtung!! Herzlich wilkommen! K\u00fcnstlerischer Leiter: R\u00fcdiger Wenk, alias Phonoschrank Interventionen gehalten von: Andy Buru &amp; Natasha; Marina Erler; R\u00fcdiger Wenk, alias Phonoschrank \u00d6ffnungszeiten: Freitag 13.00 \u2013 21.00 Uhr \/ Samstag 13.00 \u2013 21.00 Uhr \/ Sonntag 13.00 Uhr \u2026<\/p>\n<p class=\"read-more\"> <a class=\"\" href=\"https:\/\/xplore-berlin.de\/de\/noises-play-space\/\"> <span class=\"screen-reader-text\">XPLORE NOISES SPIELRAUM<\/span> Weiterlesen \u00bb<\/a><\/p>","protected":false},"author":13,"featured_media":0,"parent":0,"menu_order":0,"comment_status":"closed","ping_status":"closed","template":"","meta":{"_uag_custom_page_level_css":"","ghostkit_customizer_options":"","ghostkit_custom_css":"","ghostkit_custom_js_head":"","ghostkit_custom_js_foot":"","ghostkit_typography":"","site-sidebar-layout":"default","site-content-layout":"default","ast-global-header-display":"","ast-main-header-display":"","ast-hfb-above-header-display":"","ast-hfb-below-header-display":"","ast-hfb-mobile-header-display":"","site-post-title":"","ast-breadcrumbs-content":"","ast-featured-img":"","footer-sml-layout":"","theme-transparent-header-meta":"default","adv-header-id-meta":"","stick-header-meta":"default","header-above-stick-meta":"","header-main-stick-meta":"","header-below-stick-meta":""},"uagb_featured_image_src":{"full":false,"thumbnail":false,"medium":false,"medium_large":false,"large":false,"1536x1536":false,"2048x2048":false,"trp-custom-language-flag":false},"uagb_author_info":{"display_name":"anna","author_link":"https:\/\/xplore-berlin.de\/de\/author\/anna\/"},"uagb_comment_info":0,"uagb_excerpt":"Delight, security, fear, lust, loneliness, community, desire, body, space&#8230; &#8230;everything sounds! Sounding, not speaking! Listening, not hearing! Exclusively acoustic orientation!! A warm welcome! Artistic Director:&nbsp;R\u00fcdiger Wenk, aka Phonoschrank Interventions held by: Andy Buru &amp; Natasha; Marina Erler; R\u00fcdiger Wenk, aka Phonoschrank opening times: Friday 13.00 &#8211; 21.00 \/ Saturday 13.00 &#8211; 21.00 \/ Sunday 13.00&hellip;","_links":{"self":[{"href":"https:\/\/xplore-berlin.de\/de\/wp-json\/wp\/v2\/pages\/3597"}],"collection":[{"href":"https:\/\/xplore-berlin.de\/de\/wp-json\/wp\/v2\/pages"}],"about":[{"href":"https:\/\/xplore-berlin.de\/de\/wp-json\/wp\/v2\/types\/page"}],"author":[{"embeddable":true,"href":"https:\/\/xplore-berlin.de\/de\/wp-json\/wp\/v2\/users\/13"}],"replies":[{"embeddable":true,"href":"https:\/\/xplore-berlin.de\/de\/wp-json\/wp\/v2\/comments?post=3597"}],"version-history":[{"count":8,"href":"https:\/\/xplore-berlin.de\/de\/wp-json\/wp\/v2\/pages\/3597\/revisions"}],"predecessor-version":[{"id":3838,"href":"https:\/\/xplore-berlin.de\/de\/wp-json\/wp\/v2\/pages\/3597\/revisions\/3838"}],"wp:attachment":[{"href":"https:\/\/xplore-berlin.de\/de\/wp-json\/wp\/v2\/media?parent=3597"}],"curies":[{"name":"wp","href":"https:\/\/api.w.org\/{rel}","templated":true}]}}