{"id":3791,"date":"2023-07-19T00:04:27","date_gmt":"2023-07-18T22:04:27","guid":{"rendered":"https:\/\/xplore-berlin.de\/?page_id=3791"},"modified":"2023-07-24T15:43:02","modified_gmt":"2023-07-24T13:43:02","slug":"phonoschrank","status":"publish","type":"page","link":"https:\/\/xplore-berlin.de\/de\/phonoschrank\/","title":{"rendered":"R\u00fcdiger Wenk, alias Phonoschrank"},"content":{"rendered":"<figure class=\"wp-block-image alignleft size-full is-resized ghostkit-custom-Z1DCuQQ\"><img src=\"https:\/\/xplore-berlin.de\/wp-content\/uploads\/Selection_206-6.png\" alt=\"\" class=\"wp-image-3792\" width=\"300\" srcset=\"https:\/\/xplore-berlin.de\/wp-content\/uploads\/Selection_206-6.png 581w, https:\/\/xplore-berlin.de\/wp-content\/uploads\/Selection_206-6-300x300.png 300w, https:\/\/xplore-berlin.de\/wp-content\/uploads\/Selection_206-6-150x150.png 150w, https:\/\/xplore-berlin.de\/wp-content\/uploads\/Selection_206-6-12x12.png 12w\" sizes=\"(max-width: 581px) 100vw, 581px\" \/><\/figure>\n\n\n\n<p><strong>R\u00fcdiger Wenk alias Phonoschrank<\/strong> besch\u00e4ftigt sich k\u00fcnstlerisch und wissenschaftlich mit Klang im interdisziplin\u00e4ren Kontext.<\/p>\n\n\n\n<p>Er forscht und lehrt an verschieden Universit\u00e4ten in den Feldern der Kunst, der Philosophie und den Medientheorien.<\/p>\n\n\n\n<p>Seine pers\u00f6nlichen Pr\u00e4missen:<\/p>\n\n\n\n<p>Zuh\u00f6ren! und nicht nur h\u00f6ren.<\/p>\n\n\n\n<p>Erleben! und nicht unterhalten lassen.<\/p>\n\n\n\n<p>Im Jetzt sein mit der H\u00f6rhaltung.<\/p>\n\n\n\n<p>Wir alle haben eine ganz pers\u00f6nliche H\u00f6rbiografie.<\/p>\n\n\n\n<p>Wir orientieren uns \u00fcber das Geh\u00f6r im Raum.<\/p>\n\n\n\n<p>Unser gesamter K\u00f6rper ist unser H\u00f6rorgan.<\/p>\n\n\n\n<p>Mit dem gesamten K\u00f6rper gehen wir in der k\u00f6rperlichen Interaktion in Resonanz.<\/p>\n\n\n\n<p>Ich glaube an die Interdisziplinarit\u00e4t.<\/p>\n\n\n\n<p>Interdisziplin\u00e4re Interaktion beruht in erste Linie auf Kommunikation. Im performativen Kontext haben wir Menschen die M\u00f6glichkeit im gesch\u00fctzten Raum uns in die Interaktion zu begeben.<\/p>\n\n\n\n<div style=\"height:50px\" aria-hidden=\"true\" class=\"wp-block-spacer\"><\/div>\n\n\n\n<div class=\"ghostkit-divider ghostkit-divider-type-solid ghostkit-custom-o3z0m\"><\/div>\n\n\n\n<h2 id=\"noises-play-space\">NOISES SPIELRAUM<\/h2>\n\n\n\n<div style=\"height:50px\" aria-hidden=\"true\" class=\"wp-block-spacer\"><\/div>\n\n\n\n<figure class=\"wp-block-image size-large\"><img width=\"1024\" height=\"682\" src=\"https:\/\/xplore-berlin.de\/wp-content\/uploads\/eurix21-82-1024x682.jpeg\" alt=\"\" class=\"wp-image-3793\" srcset=\"https:\/\/xplore-berlin.de\/wp-content\/uploads\/eurix21-82-1024x682.jpeg 1024w, https:\/\/xplore-berlin.de\/wp-content\/uploads\/eurix21-82-300x200.jpeg 300w, https:\/\/xplore-berlin.de\/wp-content\/uploads\/eurix21-82-768x512.jpeg 768w, https:\/\/xplore-berlin.de\/wp-content\/uploads\/eurix21-82-18x12.jpeg 18w, https:\/\/xplore-berlin.de\/wp-content\/uploads\/eurix21-82.jpeg 1280w\" sizes=\"(max-width: 1024px) 100vw, 1024px\" \/><\/figure>\n\n\n\n<div style=\"height:50px\" aria-hidden=\"true\" class=\"wp-block-spacer\"><\/div>\n\n\n\n<p>R\u00fcdiger Wenk alias Phonoschrank ist der k\u00fcnstlerische Leiter des xplore <a href=\"https:\/\/xplore-berlin.de\/de\/noises-play-space\/\" data-type=\"URL\" data-id=\"https:\/\/xplore-berlin.de\/noises-play-space\/\">Noises Spielraums<\/a>.<\/p>\n\n\n\n<div class=\"ghostkit-divider ghostkit-divider-type-solid ghostkit-custom-zJwBf\"><\/div>","protected":false},"excerpt":{"rendered":"<p>R\u00fcdiger Wenk alias Phonoschrank besch\u00e4ftigt sich k\u00fcnstlerisch und wissenschaftlich mit Klang in einem interdisziplin\u00e4ren Kontext. Er forscht und lehrt an verschiedenen Universit\u00e4ten in den Bereichen Kunst, Philosophie und Medientheorien. Seine pers\u00f6nliche Pr\u00e4misse: H\u00f6ren Sie! und nicht nur h\u00f6ren. Erfahrung! und lass dich nicht unterhalten. Mit der Zuh\u00f6rerhaltung im Jetzt sein. Wir \u2026<\/p>\n<p class=\"read-more\"> <a class=\"\" href=\"https:\/\/xplore-berlin.de\/de\/phonoschrank\/\"> <span class=\"screen-reader-text\">R\u00fcdiger Wenk, alias Phonoschrank<\/span> Weiterlesen \u00bb<\/a><\/p>","protected":false},"author":13,"featured_media":0,"parent":0,"menu_order":0,"comment_status":"closed","ping_status":"closed","template":"","meta":{"_uag_custom_page_level_css":"","ghostkit_customizer_options":"","ghostkit_custom_css":"","ghostkit_custom_js_head":"","ghostkit_custom_js_foot":"","ghostkit_typography":"","site-sidebar-layout":"default","site-content-layout":"default","ast-global-header-display":"","ast-main-header-display":"","ast-hfb-above-header-display":"","ast-hfb-below-header-display":"","ast-hfb-mobile-header-display":"","site-post-title":"","ast-breadcrumbs-content":"","ast-featured-img":"","footer-sml-layout":"","theme-transparent-header-meta":"default","adv-header-id-meta":"","stick-header-meta":"default","header-above-stick-meta":"","header-main-stick-meta":"","header-below-stick-meta":""},"uagb_featured_image_src":{"full":false,"thumbnail":false,"medium":false,"medium_large":false,"large":false,"1536x1536":false,"2048x2048":false,"trp-custom-language-flag":false},"uagb_author_info":{"display_name":"anna","author_link":"https:\/\/xplore-berlin.de\/de\/author\/anna\/"},"uagb_comment_info":0,"uagb_excerpt":"R\u00fcdiger Wenk aka Phonoschrank is artistically and scientifically involved with sound in an interdisciplinary context. He researches and teaches at various universities in the fields of art, philosophy and media theories. His personal premises: Listen! and not just hear. Experience! and not let yourself be entertained. Being in the now with the listening attitude. We&hellip;","_links":{"self":[{"href":"https:\/\/xplore-berlin.de\/de\/wp-json\/wp\/v2\/pages\/3791"}],"collection":[{"href":"https:\/\/xplore-berlin.de\/de\/wp-json\/wp\/v2\/pages"}],"about":[{"href":"https:\/\/xplore-berlin.de\/de\/wp-json\/wp\/v2\/types\/page"}],"author":[{"embeddable":true,"href":"https:\/\/xplore-berlin.de\/de\/wp-json\/wp\/v2\/users\/13"}],"replies":[{"embeddable":true,"href":"https:\/\/xplore-berlin.de\/de\/wp-json\/wp\/v2\/comments?post=3791"}],"version-history":[{"count":2,"href":"https:\/\/xplore-berlin.de\/de\/wp-json\/wp\/v2\/pages\/3791\/revisions"}],"predecessor-version":[{"id":3864,"href":"https:\/\/xplore-berlin.de\/de\/wp-json\/wp\/v2\/pages\/3791\/revisions\/3864"}],"wp:attachment":[{"href":"https:\/\/xplore-berlin.de\/de\/wp-json\/wp\/v2\/media?parent=3791"}],"curies":[{"name":"wp","href":"https:\/\/api.w.org\/{rel}","templated":true}]}}