{"id":3947,"date":"2024-04-21T21:36:16","date_gmt":"2024-04-21T19:36:16","guid":{"rendered":"https:\/\/xplore-berlin.de\/?page_id=3947"},"modified":"2025-07-27T08:41:41","modified_gmt":"2025-07-27T06:41:41","slug":"julius-elo-roleplay-fantasy","status":"publish","type":"page","link":"https:\/\/xplore-berlin.de\/de\/julius-elo-roleplay-fantasy\/","title":{"rendered":"Julius Elo"},"content":{"rendered":"<figure class=\"wp-block-image alignleft size-full is-resized ghostkit-custom-Z1DCuQQ\"><img src=\"https:\/\/xplore-berlin.de\/wp-content\/uploads\/Selection_213-1.png\" alt=\"\" class=\"wp-image-3948\" width=\"300\" height=\"300\" srcset=\"https:\/\/xplore-berlin.de\/wp-content\/uploads\/Selection_213-1.png 251w, https:\/\/xplore-berlin.de\/wp-content\/uploads\/Selection_213-1-150x150.png 150w, https:\/\/xplore-berlin.de\/wp-content\/uploads\/Selection_213-1-12x12.png 12w\" sizes=\"(max-width: 300px) 100vw, 300px\" \/><\/figure>\n\n\n\n<p><strong>Julius<\/strong> ist ein Performancek\u00fcnstler, der im Bereich Live Art arbeitet. Sein Ziel ist es, Performancekonzepte zu entwickeln, bei denen die Zuschauer und ihre Interaktion mit den Performern im Mittelpunkt stehen. Seine aktuellen Interessen umfassen experimentelle Performances f\u00fcr jeweils eine Person, K\u00f6rperinstallationen, Rituale und Situationen, in denen Zuschauer radikale Schritte unternehmen m\u00fcssen, um zu Teilnehmern zu werden, sowie intime Begegnungen zwischen Teilnehmern und Performern. Sein besonderer Fokus liegt auf den Auswirkungen einer Performance auf das Bewusstsein und den K\u00f6rper des Zuschauers.<\/p>\n\n\n\n<p>Julius ist einer der Gr\u00fcnder des Reality Research Center, des Wonderlust Festivals und des Helsinki Shibari Collective. Er arbeitet seit \u00fcber 15 Jahren mit BDSM in Helsinki und Berlin.&nbsp;<\/p>\n\n\n\n<p><a href=\"https:\/\/www.helsinkishibari.com\/about-us\">https:\/\/www.helsinkishibari.com\/about-us<\/a> \/ <a href=\"https:\/\/todellisuus.fi\/info-2\/\">Reality Research Center<\/a><\/p>\n\n\n\n<p><\/p>\n\n\n\n<div style=\"height:30px\" aria-hidden=\"true\" class=\"wp-block-spacer\"><\/div>\n\n\n\n<div class=\"ghostkit-divider ghostkit-divider-type-solid ghostkit-custom-2tFpqh\"><\/div>\n\n\n\n<div style=\"height:30px\" aria-hidden=\"true\" class=\"wp-block-spacer\"><\/div>\n\n\n\n<h2 id=\"co-presented-by-ti-a-k-a-headmaster-mr-p-rick\">Mitpr\u00e4sentiert von: Ti (alias Schulleiter Mr. P. Rick)<\/h2>\n\n\n\n<figure class=\"wp-block-image alignright size-full is-resized ghostkit-custom-Z1eYFNp\"><img src=\"https:\/\/xplore-berlin.de\/wp-content\/uploads\/Selection_027-4.png\" alt=\"\" class=\"wp-image-4191\" width=\"300\" height=\"300\" srcset=\"https:\/\/xplore-berlin.de\/wp-content\/uploads\/Selection_027-4.png 565w, https:\/\/xplore-berlin.de\/wp-content\/uploads\/Selection_027-4-300x300.png 300w, https:\/\/xplore-berlin.de\/wp-content\/uploads\/Selection_027-4-150x150.png 150w, https:\/\/xplore-berlin.de\/wp-content\/uploads\/Selection_027-4-12x12.png 12w\" sizes=\"(max-width: 300px) 100vw, 300px\" \/><\/figure>\n\n\n\n<p>Du bist ihm schon einmal begegnet \u2013 als vision\u00e4rer Steve Blowjobs in \u201eGuru Supermarket\u201c, als r\u00e4tselhafter Dr. Freude in der wunderbaren \u201eWho-Who Clinic\u201c oder vielleicht als widerspenstiger Captain Jack-Ass in der ber\u00fcchtigten \u201eSchool of Love\u201c.<\/p>\n\n\n\n<p>Seit 2016 ist Ti eine unersch\u00fctterliche Instanz in unserem Rollenspielbereich \u2013 ein Meister der Verwandlung, ein Cham\u00e4leon der Charaktere.<\/p>\n\n\n\n<p>Im letzten Jahr hat er dich als unnachgiebiger Coach DicXipline an deine Grenzen gebracht.<\/p>\n\n\n\n<p>Aber dieses Jahr? Wer \u2013 oder was \u2013 wird aus ihm? Es gibt nur einen Weg, das herauszufinden \u2026<\/p>\n\n\n\n<div style=\"height:30px\" aria-hidden=\"true\" class=\"wp-block-spacer\"><\/div>\n\n\n\n<div class=\"ghostkit-divider ghostkit-divider-type-solid ghostkit-custom-29h4As\"><\/div>\n\n\n\n<div style=\"height:30px\" aria-hidden=\"true\" class=\"wp-block-spacer\"><\/div>\n\n\n\n<h2 id=\"co-presented-by-mareen-scholl\">mitveranstaltet von: Mareen Scholl<\/h2>\n\n\n\n<figure class=\"wp-block-image alignright size-full is-resized ghostkit-custom-M3z7l\"><img src=\"https:\/\/xplore-berlin.de\/wp-content\/uploads\/Selection_0273.png\" alt=\"\" class=\"wp-image-4198\" width=\"300\" height=\"300\" srcset=\"https:\/\/xplore-berlin.de\/wp-content\/uploads\/Selection_0273.png 670w, https:\/\/xplore-berlin.de\/wp-content\/uploads\/Selection_0273-300x300.png 300w, https:\/\/xplore-berlin.de\/wp-content\/uploads\/Selection_0273-150x150.png 150w, https:\/\/xplore-berlin.de\/wp-content\/uploads\/Selection_0273-12x12.png 12w\" sizes=\"(max-width: 300px) 100vw, 300px\" \/><\/figure>\n\n\n\n<p>Als somatischer Coach, traumaorientierte K\u00f6rpertherapeutin und pers\u00f6nliche Begleiterin f\u00fcr Sexualit\u00e4t, Intimit\u00e4t, Leben und verk\u00f6rperte Spiritualit\u00e4t interessiert sich Mareen f\u00fcr das, was im Inneren, darunter und dar\u00fcber hinaus liegt.&nbsp;&nbsp;<\/p>\n\n\n\n<p>Sie begleitet Menschen mit ihrem Herzenswunsch: ihre Visionen in die Welt zu bringen und ihr Wesen zu verk\u00f6rpern. Im Fokus steht dabei die Unterst\u00fctzung von Menschen, eine erf\u00fcllte Sexualit\u00e4t und bewusster in K\u00f6rper, Geist und Vision zu leben. Sie verf\u00fcgt \u00fcber 15 Jahre Erfahrung in Sexological Bodywork, Integraler Beckenarbeit, verschiedenen Formen der Massage &amp; K\u00f6rperarbeit, Tao Yoga &amp; Qi Gong, Kink &amp; BDSM, Kinky Sexwork und sex-positiven Experimentalr\u00e4umen.&nbsp;<\/p>\n\n\n\n<p>Im Laufe der Jahre hat sich ihre Arbeit immer mehr der Intuition, Magie und Heilkunst ge\u00f6ffnet, wo die physische und die energetische Welt verschmelzen. Wo alles m\u00f6glich wird und sich Realit\u00e4ten radikal ver\u00e4ndern. Mit intuitiver Aufstellungsarbeit und Channeling bringt sie innere Landschaften und Bilder ans Licht, bewegt sie und verortet Menschen in Magie, Raum und Zeitlosigkeit. Als Sch\u00fclerin der zweiten Generation der Heavenly Essence Qi Gong Linie bekennt sie sich zum Weg der taoistischen fortgeschrittenen inneren Alchemie. Dabei erlernt sie die Te Yi Spezialmedizin, eine kosmische Qi-Heilmethode.&nbsp;<\/p>\n\n\n\n<p>Nichtwissen und Ungewissheit, wissende Intuition, Poesie, Stille und Leere sind wichtige Begleiter f\u00fcr sie und integraler Bestandteil ihrer Arbeit. Wahrheiten widersetzt sie sich vehement, w\u00e4hrend Wahrhaftigkeit, die Feier von Gleichzeitigkeit und Vielfalt ihr gr\u00f6\u00dfter Fetisch ist. Sie war Mitbegr\u00fcnderin und Leiterin des Instituts f\u00fcr Somatische Bildung, Sexualit\u00e4t und K\u00f6rperarbeit ISBBerlin und baut gerade ihre eigene Plattform Visionary Body auf.<\/p>\n\n\n\n<div style=\"height:30px\" aria-hidden=\"true\" class=\"wp-block-spacer\"><\/div>\n\n\n\n<div class=\"ghostkit-divider ghostkit-divider-type-solid ghostkit-custom-LY1as\"><\/div>\n\n\n\n<div style=\"height:30px\" aria-hidden=\"true\" class=\"wp-block-spacer\"><\/div>\n\n\n\n<h2 id=\"co-presented-by-juliette-caryl-morgan\">mitveranstaltet von: Juliette Caryl Morgan<\/h2>\n\n\n\n<figure class=\"wp-block-image alignright size-full is-resized ghostkit-custom-2nMoUO\"><img src=\"https:\/\/xplore-berlin.de\/wp-content\/uploads\/Selection_028-1.png\" alt=\"\" class=\"wp-image-4199\" width=\"300\" height=\"300\" srcset=\"https:\/\/xplore-berlin.de\/wp-content\/uploads\/Selection_028-1.png 948w, https:\/\/xplore-berlin.de\/wp-content\/uploads\/Selection_028-1-300x300.png 300w, https:\/\/xplore-berlin.de\/wp-content\/uploads\/Selection_028-1-150x150.png 150w, https:\/\/xplore-berlin.de\/wp-content\/uploads\/Selection_028-1-768x767.png 768w, https:\/\/xplore-berlin.de\/wp-content\/uploads\/Selection_028-1-12x12.png 12w\" sizes=\"(max-width: 300px) 100vw, 300px\" \/><\/figure>\n\n\n\n<p>Juliette Caryl Morgan arbeitet als Somatic Sex Coach, Beckenbodentherapeutin, interaktive Erotikp\u00e4dagogin und Kinky-Rollenspiel-Expertin. Sie unterst\u00fctzt Menschen dabei, ihr erotisches Lustpotenzial zu erweitern und prozessorientierte Ans\u00e4tze f\u00fcr sexuelle Herausforderungen zu entdecken.<\/p>\n\n\n\n<p>Juliette hat eine Leidenschaft f\u00fcr Tanz und ver\u00e4ndert ihr Leben und ihre Wahrnehmung durch Kontaktimprovisation und andere Bewegungsformen. Seit 2019 ist sie Teil des Teams des Instituts f\u00fcr Somatische Bildung, Sexualit\u00e4t und K\u00f6rperarbeit Berlin (ISB), wo sie professionelle Ausbildungen in Sexological Bodywork gibt und auch Einzelsitzungen in ihrer eigenen Praxis anbietet. Als Workshop-Leiterin konzentriert sie sich derzeit auf die Erforschung und Transformation von Gewohnheiten und Zw\u00e4ngen durch die Dekonstruktion von Fantasien.<\/p>\n\n\n\n<div style=\"height:30px\" aria-hidden=\"true\" class=\"wp-block-spacer\"><\/div>\n\n\n\n<div class=\"ghostkit-divider ghostkit-divider-type-solid ghostkit-custom-Z1S7BKF\"><\/div>\n\n\n\n<div style=\"height:50px\" aria-hidden=\"true\" class=\"wp-block-spacer\"><\/div>\n\n\n\n<h2 id=\"dollification-julius-with-barbie\">Dollifizierung (Julius mit Barbie)<\/h2>\n\n\n\n<div style=\"height:30px\" aria-hidden=\"true\" class=\"wp-block-spacer\"><\/div>\n\n\n\n<p>Dollifizierung erm\u00f6glicht extrem passives Spiel, totale Kontrolle und die Auseinandersetzung mit Fetischen, Objektivierung und Geschlecht. Es handelt sich um ein Spielset, in dem eine Person geistig und k\u00f6rperlich in eine lebende Puppe verwandelt wird. Der Zweck der Puppe ist es, ihrem Besitzer Freude und Gl\u00fcck zu bereiten \u2013 und in dieser Probe kann diese Freude sexueller Natur sein.&nbsp;<\/p>\n\n\n\n<p>Eine Puppe zu sein oder mit einer Puppe zu spielen, beinhaltet Rollenspiele, Machtaustausch und die transformative Kraft der Verk\u00f6rperung. Der Fokus liegt auf der Dynamik von Kontrolle und Hingabe in einer spielerischen, kreativen Umgebung.&nbsp;<\/p>\n\n\n\n<p>Die Probe beinhaltet eine Einf\u00fchrung, angeleitete \u00dcbungen, Verhandlungstechniken, Proben und Spielszenen. Wenn du deine Puppe, dein Kost\u00fcm oder deinen Besitzer schon hast \u2013 bring sie gerne mit!<\/p>\n\n\n\n<div style=\"height:20px\" aria-hidden=\"true\" class=\"wp-block-spacer\"><\/div>\n\n\n\n<p><strong>Freitag 11.00-12.30 \u2013 Teil 1: Grundlagen des Puppenspiels<\/strong><\/p>\n\n\n\n<p><strong>Samstag 13.00-14.30 \u2013 Teil 2: Puppenspiel-Sessions<\/strong><\/p>\n\n\n\n<div style=\"height:30px\" aria-hidden=\"true\" class=\"wp-block-spacer\"><\/div>\n\n\n\n<div class=\"ghostkit-divider ghostkit-divider-type-solid ghostkit-custom-Ze7Uoj\"><\/div>\n\n\n\n<div style=\"height:50px\" aria-hidden=\"true\" class=\"wp-block-spacer\"><\/div>\n\n\n\n<h2 id=\"scores-for-an-orgy\">Partituren f\u00fcr eine Orgie<\/h2>\n\n\n\n<div style=\"height:30px\" aria-hidden=\"true\" class=\"wp-block-spacer\"><\/div>\n\n\n\n<p>Orgien geh\u00f6ren zu den h\u00e4ufigsten und komplexesten sexuellen Fantasien. Diese Probe bietet Partituren (Anweisungen, Richtlinien oder Aufgaben, die als Ausgangspunkt f\u00fcr Improvisation und Action dienen) f\u00fcr die Gestaltung einer Orgieszene.<\/p>\n\n\n\n<p>Wie k\u00f6nnen wir K\u00f6rper und Geist auf die Intensit\u00e4t, Komplexit\u00e4t und Lust erotischer Gruppenspiele vorbereiten? Durch praktische \u00dcbungen erkunden wir Themen wie Intimit\u00e4t, Pr\u00e4senz, Nacktheit und Ber\u00fchrung im Kontext einer Orgie. Die Probe bietet eine sicherere Umgebung, um pers\u00f6nliche Impulse und Grenzen zu erforschen, wenn verschiedene W\u00fcnsche, K\u00f6rper und Energien nebeneinander existieren.&nbsp;<\/p>\n\n\n\n<p>Diese Probe ist sowohl f\u00fcr Anf\u00e4nger als auch f\u00fcr Fortgeschrittene geeignet. Du kannst alleine, mit Partner oder in einer kleinen Gruppe teilnehmen. Die \u00dcbungen finden paarweise und in Gruppen statt. Offenheit ist erw\u00fcnscht. Bitte bring eine Unterlage und ggf. weiteres Zubeh\u00f6r mit.&nbsp;<\/p>\n\n\n\n<div style=\"height:20px\" aria-hidden=\"true\" class=\"wp-block-spacer\"><\/div>\n\n\n\n<p><strong>Freitag 13.00-14.30 \u2013 Teil 1: Orgien-Grundlagen<\/strong><\/p>\n\n\n\n<p><strong>Samstag 16.00-17.30 \u2013 Teil 2: Orgien Spiel-Sessions<\/strong><\/p>\n\n\n\n<div style=\"height:30px\" aria-hidden=\"true\" class=\"wp-block-spacer\"><\/div>\n\n\n\n<div class=\"ghostkit-divider ghostkit-divider-type-solid ghostkit-custom-ZVwAH\"><\/div>\n\n\n\n<div style=\"height:50px\" aria-hidden=\"true\" class=\"wp-block-spacer\"><\/div>\n\n\n\n<h2 id=\"kidnapped\">Entf\u00fchrt<\/h2>\n\n\n\n<div style=\"height:30px\" aria-hidden=\"true\" class=\"wp-block-spacer\"><\/div>\n\n\n\n<p>In dieser Probe erforschen wir Entf\u00fchrungsfantasien im Rollenspiel. Die Teilnehmer erarbeiten in kleinen Gruppen kurze Entf\u00fchrungsszenarien und spielen mit Unvorhersehbarkeit, Hingabe und der Dynamik der Gefangennahme. Alle Szenen finden im Rahmen klar ausgehandelter Zustimmung statt.<\/p>\n\n\n\n<p>Die Probe umfasst Aufw\u00e4rm\u00fcbungen, Szenenplanung, Experimentieren mit kurzen Inszenierungen, Nachbesprechung und Nachsorge. Sie ist ideal f\u00fcr alle, die sich f\u00fcr einvernehmliche Nichteinwilligung (CNC), emotionale Intensit\u00e4t und Rollenspiele interessieren.<\/p>\n\n\n\n<p>Bitte bringe bei Bedarf Accessoires und Requisiten mit.&nbsp;<\/p>\n\n\n\n<div style=\"height:20px\" aria-hidden=\"true\" class=\"wp-block-spacer\"><\/div>\n\n\n\n<p><strong>Freitag 18.00-19.30<\/strong><\/p>\n\n\n\n<p><strong>Samstag 18.00-19.30<\/strong><\/p>\n\n\n\n<div style=\"height:30px\" aria-hidden=\"true\" class=\"wp-block-spacer\"><\/div>\n\n\n\n<div class=\"ghostkit-divider ghostkit-divider-type-solid ghostkit-custom-Z228bmS\"><\/div>\n\n\n\n<div style=\"height:50px\" aria-hidden=\"true\" class=\"wp-block-spacer\"><\/div>\n\n\n\n<h2 id=\"lucid-masturbation-the-truth-behind-the-peak-mareen-scholl-juliette-caryl-morgan\">Luzide Masturbation \u2013 Die Wahrheit hinter dem H\u00f6hepunkt (Mareen Scholl &amp; Juliette Caryl Morgan)<\/h2>\n\n\n\n<div style=\"height:30px\" aria-hidden=\"true\" class=\"wp-block-spacer\"><\/div>\n\n\n\n<p>Sprich mit den Protagonisten deiner tiefsten Fantasien und erfahre mehr \u00fcber deine wahren W\u00fcnsche. Ein kleiner Einblick in unseren viert\u00e4gigen Workshop \u201eLass mich deine Fantasie sein\u201c: Ja, wir werden gemeinsam masturbieren. Doch das ist nur der Weg f\u00fcr den tiefen Einblick in dein Unterbewusstsein. Inspiriert vom Sexualtherapeuten David Schnarch erreichen wir durch die Aktivierung verk\u00f6rperter Lust einen luziden Zustand.<\/p>\n\n\n\n<p>Du kannst deine Fantasien erotischer gestalten. Du kannst sie auf eine Weise ver\u00e4ndern, die bereichernd, st\u00e4rkend und inspirierend ist. Du kannst eine Fantasie ganz loslassen oder eine neue erschaffen. Du kannst deine Fantasie vertiefen, variieren und erweitern. Wenn du beispielsweise bestimmte Szenarien brauchst, um erregt zu werden, kann luzide Masturbation dein Spektrum erweitern.&nbsp;<\/p>\n\n\n\n<p>Vielleicht verstehst du auch deine mentalen oder emotionalen Schw\u00e4chen und Zw\u00e4nge besser und gehst ihnen mit mehr Handlungsfreiheit entgegen. Aber Vorsicht \u2013 du, deine Fantasien und die Art und Weise, wie du dich befriedigst, sind m\u00f6glicherweise nicht mehr dieselben.<\/p>\n\n\n\n<p>Wir masturbieren in der Gruppe, um uns gegenseitig zu unterst\u00fctzen, wobei sich jeder auf sich selbst konzentriert. Es geht nicht um Performance oder Interaktion, sondern um das eigene Erleben. Erregung und Orgasmus sind willkommen, aber nicht notwendig. Eine sinnliche und neugierige Verbindung zu den Bildern gen\u00fcgt.<\/p>\n\n\n\n<p>Respektiere deine Grenzen. Nacktheit ist willkommen, Kleidung auch. Bitte bring eine Unterlage und auf Wunsch \u00d6l oder andere Accessoires mit.&nbsp;<\/p>\n\n\n\n<p>Wir freuen uns darauf, mit dir zu masturbieren,<\/p>\n\n\n\n<div style=\"height:20px\" aria-hidden=\"true\" class=\"wp-block-spacer\"><\/div>\n\n\n\n<p><strong>Freitag 16.00 \u2013 17.30 Uhr<\/strong><\/p>\n\n\n\n<p><strong>Samstag 11.00 \u2013 12.30 Uhr<\/strong><\/p>","protected":false},"excerpt":{"rendered":"<p>Julius is a performance artist working in the field of Live Art. They aim to create performance concepts, where the spectators and their interaction with the performers are the focal point of the piece. Their current interests include experiential performances for one person at a time, bodily installations, rituals and situations where spectators need to &hellip;<\/p>\n<p class=\"read-more\"> <a class=\"\" href=\"https:\/\/xplore-berlin.de\/de\/julius-elo-roleplay-fantasy\/\"> <span class=\"screen-reader-text\">Julius Elo<\/span> Weiterlesen \u00bb<\/a><\/p>","protected":false},"author":13,"featured_media":0,"parent":0,"menu_order":0,"comment_status":"closed","ping_status":"closed","template":"","meta":{"_uag_custom_page_level_css":"","ghostkit_customizer_options":"","ghostkit_custom_css":"","ghostkit_custom_js_head":"","ghostkit_custom_js_foot":"","ghostkit_typography":"","site-sidebar-layout":"default","site-content-layout":"default","ast-global-header-display":"","ast-main-header-display":"","ast-hfb-above-header-display":"","ast-hfb-below-header-display":"","ast-hfb-mobile-header-display":"","site-post-title":"","ast-breadcrumbs-content":"","ast-featured-img":"","footer-sml-layout":"","theme-transparent-header-meta":"default","adv-header-id-meta":"","stick-header-meta":"default","header-above-stick-meta":"","header-main-stick-meta":"","header-below-stick-meta":""},"uagb_featured_image_src":{"full":false,"thumbnail":false,"medium":false,"medium_large":false,"large":false,"1536x1536":false,"2048x2048":false,"trp-custom-language-flag":false},"uagb_author_info":{"display_name":"anna","author_link":"https:\/\/xplore-berlin.de\/de\/author\/anna\/"},"uagb_comment_info":0,"uagb_excerpt":"Julius is a performance artist working in the field of Live Art. They aim to create performance concepts, where the spectators and their interaction with the performers are the focal point of the piece. Their current interests include experiential performances for one person at a time, bodily installations, rituals and situations where spectators need to&hellip;","_links":{"self":[{"href":"https:\/\/xplore-berlin.de\/de\/wp-json\/wp\/v2\/pages\/3947"}],"collection":[{"href":"https:\/\/xplore-berlin.de\/de\/wp-json\/wp\/v2\/pages"}],"about":[{"href":"https:\/\/xplore-berlin.de\/de\/wp-json\/wp\/v2\/types\/page"}],"author":[{"embeddable":true,"href":"https:\/\/xplore-berlin.de\/de\/wp-json\/wp\/v2\/users\/13"}],"replies":[{"embeddable":true,"href":"https:\/\/xplore-berlin.de\/de\/wp-json\/wp\/v2\/comments?post=3947"}],"version-history":[{"count":15,"href":"https:\/\/xplore-berlin.de\/de\/wp-json\/wp\/v2\/pages\/3947\/revisions"}],"predecessor-version":[{"id":4214,"href":"https:\/\/xplore-berlin.de\/de\/wp-json\/wp\/v2\/pages\/3947\/revisions\/4214"}],"wp:attachment":[{"href":"https:\/\/xplore-berlin.de\/de\/wp-json\/wp\/v2\/media?parent=3947"}],"curies":[{"name":"wp","href":"https:\/\/api.w.org\/{rel}","templated":true}]}}