{"id":4086,"date":"2025-03-20T20:49:13","date_gmt":"2025-03-20T19:49:13","guid":{"rendered":"https:\/\/xplore-berlin.de\/?page_id=4086"},"modified":"2025-03-20T20:49:15","modified_gmt":"2025-03-20T19:49:15","slug":"xplore-berlin-2024-podcast","status":"publish","type":"page","link":"https:\/\/xplore-berlin.de\/de\/xplore-berlin-2024-podcast\/","title":{"rendered":"xplore Berlin 2024 Podcast &amp; Interviews"},"content":{"rendered":"<p><strong class=\"\">xplore Festival Berlin 2024 \/ <em class=\"\">\u201eDie Probe\u201c<\/em><\/strong>\u00a0 fand <strong class=\"\">26. \u2013 28. Juli<\/strong>, in der Malzfabrik statt.\u00a0<\/p>\n\n\n\n<p>Das ist ein sch\u00f6ner <strong class=\"\">PODCAST<\/strong> \u00fcber das Festival sowie Interviews mit einigen der Protagonisten, alles jetzt auf Spotify:<strong class=\"\"><\/strong><\/p>\n\n\n\n<div style=\"height:20px\" aria-hidden=\"true\" class=\"wp-block-spacer\"><\/div>\n\n\n\n<p>Programm zur Xplore 2024 (EN):&nbsp;<a target=\"_blank\" rel=\"noreferrer noopener\" href=\"https:\/\/open.spotify.com\/episode\/3cGQOqid7m6N20xkDxvp7J?si=30d7a97fad1b4eb6\" class=\"\">https:\/\/open.spotify.com\/episode\/3cGQOqid7m6N20xkDxvp7J?si=30d7a97fad1b4eb6<\/a><\/p>\n\n\n\n<p>Programm zu Xplore 2024 (ES):&nbsp;<a target=\"_blank\" rel=\"noreferrer noopener\" href=\"https:\/\/open.spotify.com\/episode\/2tStBHiXjgM2Cqw7MOXjur?si=3357b1e7bbfc4e3d\" class=\"\">https:\/\/open.spotify.com\/episode\/2tStBHiXjgM2Cqw7MOXjur?si=3357b1e7bbfc4e3d<\/a><\/p>\n\n\n\n<p>Vollst\u00e4ndige Interviews mit Micha Stella, Sharka Rey, Gianluca (Xplore 2024):\u00a0<a rel=\"noreferrer noopener\" class=\"\" href=\"https:\/\/open.spotify.com\/episode\/7l0VPZMuZKfWpBGpIMMiTA?si=c72c1cc2fd33461a\" target=\"_blank\">https:\/\/open.spotify.com\/episode\/7l0VPZMuZKfWpBGpIMMiTA?si=c72c1cc2fd33461a<\/a><\/p>\n\n\n\n<p>Vollst\u00e4ndige Interviews mit Felix Ruckert, Anna Natt, Mareen Scholl, Juliette Caryl Morgan (Xplore 2024):\u00a0<a rel=\"noreferrer noopener\" class=\"\" href=\"https:\/\/open.spotify.com\/episode\/2afSDNjL9ianY1sJ0ooAn4?si=be7beffbb377445c\" target=\"_blank\">https:\/\/open.spotify.com\/episode\/2afSDNjL9ianY1sJ0ooAn4?si=be7beffbb377445c<\/a><\/p>","protected":false},"excerpt":{"rendered":"<p>xplore Festival Berlin 2024 \/ \u201eThe Rehearsal\u201c fand vom 26. bis 28. Juli in der Malzfabrik statt. Dies ist ein sch\u00f6ner PODCAST \u00fcber das Festival sowie Interviews mit einigen der Protagonisten, jetzt alles auf Spotify: Programm \u00fcber Xplore 2024 (EN): https:\/\/open.spotify.com\/episode\/3cGQOqid7m6N20xkDxvp7J?si=30d7a97fad1b4eb6 Programm \u00fcber Xplore 2024 (ES): https:\/\/open.spotify.com\/episode\/2tStBHiXjgM2Cqw7MOXjur?si=3357b1e7bbfc4e3d Vollst\u00e4ndige Interviews mit Micha Stella, Sharka Rey, Gianluca (Xplore 2024): https:\/\/open.spotify.com\/episode\/7l0VPZMuZKfWpBGpIMMiTA?si=c72c1cc2fd33461a \u2026<\/p>\n<p class=\"read-more\"> <a class=\"\" href=\"https:\/\/xplore-berlin.de\/de\/xplore-berlin-2024-podcast\/\"> <span class=\"screen-reader-text\">xplore Berlin 2024 Podcast &amp; Interviews<\/span> Weiterlesen \u00bb<\/a><\/p>","protected":false},"author":13,"featured_media":0,"parent":0,"menu_order":0,"comment_status":"closed","ping_status":"closed","template":"","meta":{"_uag_custom_page_level_css":"","ghostkit_customizer_options":"","ghostkit_custom_css":"","ghostkit_custom_js_head":"","ghostkit_custom_js_foot":"","ghostkit_typography":"","site-sidebar-layout":"default","site-content-layout":"default","ast-global-header-display":"","ast-main-header-display":"","ast-hfb-above-header-display":"","ast-hfb-below-header-display":"","ast-hfb-mobile-header-display":"","site-post-title":"","ast-breadcrumbs-content":"","ast-featured-img":"","footer-sml-layout":"","theme-transparent-header-meta":"","adv-header-id-meta":"","stick-header-meta":"","header-above-stick-meta":"","header-main-stick-meta":"","header-below-stick-meta":""},"uagb_featured_image_src":{"full":false,"thumbnail":false,"medium":false,"medium_large":false,"large":false,"1536x1536":false,"2048x2048":false,"trp-custom-language-flag":false},"uagb_author_info":{"display_name":"anna","author_link":"https:\/\/xplore-berlin.de\/de\/author\/anna\/"},"uagb_comment_info":0,"uagb_excerpt":"xplore Festival Berlin 2024 \/ \u201cThe Rehearsal\u201d\u00a0 happened July 26 \u2013 28, at Malzfabrik.\u00a0 This is a lovely PODCAST about the festival as well as interviews with some of the protagonists, all on Spotify now: Program about Xplore 2024 (EN):&nbsp;https:\/\/open.spotify.com\/episode\/3cGQOqid7m6N20xkDxvp7J?si=30d7a97fad1b4eb6 Program about Xplore 2024 (ES):&nbsp;https:\/\/open.spotify.com\/episode\/2tStBHiXjgM2Cqw7MOXjur?si=3357b1e7bbfc4e3d Full interviews with Micha Stella, Sharka Rey, Gianluca (Xplore 2024):\u00a0https:\/\/open.spotify.com\/episode\/7l0VPZMuZKfWpBGpIMMiTA?si=c72c1cc2fd33461a&hellip;","_links":{"self":[{"href":"https:\/\/xplore-berlin.de\/de\/wp-json\/wp\/v2\/pages\/4086"}],"collection":[{"href":"https:\/\/xplore-berlin.de\/de\/wp-json\/wp\/v2\/pages"}],"about":[{"href":"https:\/\/xplore-berlin.de\/de\/wp-json\/wp\/v2\/types\/page"}],"author":[{"embeddable":true,"href":"https:\/\/xplore-berlin.de\/de\/wp-json\/wp\/v2\/users\/13"}],"replies":[{"embeddable":true,"href":"https:\/\/xplore-berlin.de\/de\/wp-json\/wp\/v2\/comments?post=4086"}],"version-history":[{"count":1,"href":"https:\/\/xplore-berlin.de\/de\/wp-json\/wp\/v2\/pages\/4086\/revisions"}],"predecessor-version":[{"id":4087,"href":"https:\/\/xplore-berlin.de\/de\/wp-json\/wp\/v2\/pages\/4086\/revisions\/4087"}],"wp:attachment":[{"href":"https:\/\/xplore-berlin.de\/de\/wp-json\/wp\/v2\/media?parent=4086"}],"curies":[{"name":"wp","href":"https:\/\/api.w.org\/{rel}","templated":true}]}}