{"id":4138,"date":"2025-07-07T16:37:22","date_gmt":"2025-07-07T14:37:22","guid":{"rendered":"https:\/\/xplore-berlin.de\/?page_id=4138"},"modified":"2025-07-07T16:37:24","modified_gmt":"2025-07-07T14:37:24","slug":"anna-kott","status":"publish","type":"page","link":"https:\/\/xplore-berlin.de\/de\/anna-kott\/","title":{"rendered":"Anna Kott"},"content":{"rendered":"<figure class=\"wp-block-image alignleft size-full is-resized ghostkit-custom-Z1DCuQQ\"><img src=\"https:\/\/xplore-berlin.de\/wp-content\/uploads\/Selection_027-3.png\" alt=\"\" class=\"wp-image-4139\" width=\"300\" height=\"300\" srcset=\"https:\/\/xplore-berlin.de\/wp-content\/uploads\/Selection_027-3.png 960w, https:\/\/xplore-berlin.de\/wp-content\/uploads\/Selection_027-3-300x300.png 300w, https:\/\/xplore-berlin.de\/wp-content\/uploads\/Selection_027-3-150x150.png 150w, https:\/\/xplore-berlin.de\/wp-content\/uploads\/Selection_027-3-768x768.png 768w, https:\/\/xplore-berlin.de\/wp-content\/uploads\/Selection_027-3-12x12.png 12w\" sizes=\"(max-width: 300px) 100vw, 300px\" \/><\/figure>\n\n\n\n<p><strong>Anna Kott<\/strong> ist bildende K\u00fcnstlerin. Sie arbeitet mit Malerei, Zeichnung, Installation und Performance. Ihre Arbeiten entstehen h\u00e4ufig ortsspezifisch und im Dialog mit Raum, K\u00f6rper und Natur. Zentrale Themen sind Transformation, K\u00f6rperwahrnehmung und zyklische Prozesse. Ihre Werke basieren auf Bewegung, Materialerfahrung und der Integration nat\u00fcrlicher Rhythmen.<\/p>\n\n\n\n<p>In ihrem Fr\u00fchwerk richtete sie den Blick auf den \u201einneren Menschen\u201c. Auseinandersetzungen mit Weiblichkeit, Sexualit\u00e4t, Gegens\u00e4tzen und Identit\u00e4t pr\u00e4gten ihre fr\u00fchen Arbeiten. Dabei setzte sie traditionelle Bildsymboliken in einen neuen Kontext und entwickelte daraus eine eigene, zeitgen\u00f6ssische Bildsprache. Ihre \u00d6lmalereien auf Leinwand zeichnen sich durch variierende Techniken, den experimentellen Umgang mit Farbe und spannungsreiche Kompositionen aus.<\/p>\n\n\n\n<p>Nach dem Studium an der Akademie der Bildenden K\u00fcnste in Krakau stellte Anna ihre Arbeiten international aus \u2013 unter anderem in Deutschland, Spanien, Polen, \u00d6sterreich und England. Sie lebt und arbeitet in Berlin. Neben ihrer k\u00fcnstlerischen Praxis entwickelt sie Workshops, die Kunst, K\u00f6rperwahrnehmung und kreative Prozesse verbinden.<\/p>\n\n\n\n<p><a href=\"https:\/\/www.annakott.com\/\">https:\/\/www.annakott.com\/<\/a><\/p>\n\n\n\n<div style=\"height:30px\" aria-hidden=\"true\" class=\"wp-block-spacer\"><\/div>\n\n\n\n<div class=\"ghostkit-divider ghostkit-divider-type-solid ghostkit-custom-29h4As\"><\/div>\n\n\n\n<div style=\"height:30px\" aria-hidden=\"true\" class=\"wp-block-spacer\"><\/div>\n\n\n\n<figure class=\"wp-block-image aligncenter size-large ghostkit-custom-Z1n8K5u\"><img width=\"862\" height=\"1024\" src=\"https:\/\/xplore-berlin.de\/wp-content\/uploads\/DSC6834-s-862x1024.jpeg\" alt=\"\" class=\"wp-image-4142\" srcset=\"https:\/\/xplore-berlin.de\/wp-content\/uploads\/DSC6834-s-862x1024.jpeg 862w, https:\/\/xplore-berlin.de\/wp-content\/uploads\/DSC6834-s-253x300.jpeg 253w, https:\/\/xplore-berlin.de\/wp-content\/uploads\/DSC6834-s-768x912.jpeg 768w, https:\/\/xplore-berlin.de\/wp-content\/uploads\/DSC6834-s-10x12.jpeg 10w, https:\/\/xplore-berlin.de\/wp-content\/uploads\/DSC6834-s.jpeg 960w\" sizes=\"(max-width: 862px) 100vw, 862px\" \/><\/figure>\n\n\n\n<div style=\"height:30px\" aria-hidden=\"true\" class=\"wp-block-spacer\"><\/div>\n\n\n\n<div class=\"ghostkit-divider ghostkit-divider-type-solid ghostkit-custom-PQ3VK\"><\/div>\n\n\n\n<div style=\"height:30px\" aria-hidden=\"true\" class=\"wp-block-spacer\"><\/div>\n\n\n\n<figure class=\"wp-block-image aligncenter size-large ghostkit-custom-Z164aAe\"><img width=\"1024\" height=\"836\" src=\"https:\/\/xplore-berlin.de\/wp-content\/uploads\/eofpain_30s-1024x836.jpeg\" alt=\"\" class=\"wp-image-4141\" srcset=\"https:\/\/xplore-berlin.de\/wp-content\/uploads\/eofpain_30s-1024x836.jpeg 1024w, https:\/\/xplore-berlin.de\/wp-content\/uploads\/eofpain_30s-300x245.jpeg 300w, https:\/\/xplore-berlin.de\/wp-content\/uploads\/eofpain_30s-768x627.jpeg 768w, https:\/\/xplore-berlin.de\/wp-content\/uploads\/eofpain_30s-15x12.jpeg 15w, https:\/\/xplore-berlin.de\/wp-content\/uploads\/eofpain_30s.jpeg 1176w\" sizes=\"(max-width: 1024px) 100vw, 1024px\" \/><\/figure>\n\n\n\n<div style=\"height:30px\" aria-hidden=\"true\" class=\"wp-block-spacer\"><\/div>\n\n\n\n<div class=\"ghostkit-divider ghostkit-divider-type-solid ghostkit-custom-Z8m3sC\"><\/div>\n\n\n\n<div style=\"height:30px\" aria-hidden=\"true\" class=\"wp-block-spacer\"><\/div>\n\n\n\n<figure class=\"wp-block-image aligncenter size-large ghostkit-custom-2dqBUc\"><img width=\"1024\" height=\"850\" src=\"https:\/\/xplore-berlin.de\/wp-content\/uploads\/DSC6836s-1024x850.jpeg\" alt=\"\" class=\"wp-image-4140\" srcset=\"https:\/\/xplore-berlin.de\/wp-content\/uploads\/DSC6836s-1024x850.jpeg 1024w, https:\/\/xplore-berlin.de\/wp-content\/uploads\/DSC6836s-300x249.jpeg 300w, https:\/\/xplore-berlin.de\/wp-content\/uploads\/DSC6836s-768x638.jpeg 768w, https:\/\/xplore-berlin.de\/wp-content\/uploads\/DSC6836s-14x12.jpeg 14w, https:\/\/xplore-berlin.de\/wp-content\/uploads\/DSC6836s.jpeg 1156w\" sizes=\"(max-width: 1024px) 100vw, 1024px\" \/><\/figure>\n\n\n\n<div style=\"height:30px\" aria-hidden=\"true\" class=\"wp-block-spacer\"><\/div>\n\n\n\n<div class=\"ghostkit-divider ghostkit-divider-type-solid ghostkit-custom-Z1INb06\"><\/div>\n\n\n\n<div style=\"height:50px\" aria-hidden=\"true\" class=\"wp-block-spacer\"><\/div>","protected":false},"excerpt":{"rendered":"<p>Anna Kott is a visual artist. She works with painting, drawing, installation and performance. Her works are often created site-specifically and in dialogue with space, body and nature. Central themes are transformation, body perception and cyclical processes. Her works are based on movement, material experience and the integration of natural rhythms. In her early work, &hellip;<\/p>\n<p class=\"read-more\"> <a class=\"\" href=\"https:\/\/xplore-berlin.de\/de\/anna-kott\/\"> <span class=\"screen-reader-text\">Anna Kott<\/span> Weiterlesen \u00bb<\/a><\/p>","protected":false},"author":13,"featured_media":0,"parent":0,"menu_order":0,"comment_status":"closed","ping_status":"closed","template":"","meta":{"_uag_custom_page_level_css":"","ghostkit_customizer_options":"","ghostkit_custom_css":"","ghostkit_custom_js_head":"","ghostkit_custom_js_foot":"","ghostkit_typography":"","site-sidebar-layout":"default","site-content-layout":"default","ast-global-header-display":"","ast-main-header-display":"","ast-hfb-above-header-display":"","ast-hfb-below-header-display":"","ast-hfb-mobile-header-display":"","site-post-title":"","ast-breadcrumbs-content":"","ast-featured-img":"","footer-sml-layout":"","theme-transparent-header-meta":"default","adv-header-id-meta":"","stick-header-meta":"default","header-above-stick-meta":"","header-main-stick-meta":"","header-below-stick-meta":""},"uagb_featured_image_src":{"full":false,"thumbnail":false,"medium":false,"medium_large":false,"large":false,"1536x1536":false,"2048x2048":false,"trp-custom-language-flag":false},"uagb_author_info":{"display_name":"anna","author_link":"https:\/\/xplore-berlin.de\/de\/author\/anna\/"},"uagb_comment_info":0,"uagb_excerpt":"Anna Kott is a visual artist. She works with painting, drawing, installation and performance. Her works are often created site-specifically and in dialogue with space, body and nature. Central themes are transformation, body perception and cyclical processes. Her works are based on movement, material experience and the integration of natural rhythms. In her early work,&hellip;","_links":{"self":[{"href":"https:\/\/xplore-berlin.de\/de\/wp-json\/wp\/v2\/pages\/4138"}],"collection":[{"href":"https:\/\/xplore-berlin.de\/de\/wp-json\/wp\/v2\/pages"}],"about":[{"href":"https:\/\/xplore-berlin.de\/de\/wp-json\/wp\/v2\/types\/page"}],"author":[{"embeddable":true,"href":"https:\/\/xplore-berlin.de\/de\/wp-json\/wp\/v2\/users\/13"}],"replies":[{"embeddable":true,"href":"https:\/\/xplore-berlin.de\/de\/wp-json\/wp\/v2\/comments?post=4138"}],"version-history":[{"count":1,"href":"https:\/\/xplore-berlin.de\/de\/wp-json\/wp\/v2\/pages\/4138\/revisions"}],"predecessor-version":[{"id":4143,"href":"https:\/\/xplore-berlin.de\/de\/wp-json\/wp\/v2\/pages\/4138\/revisions\/4143"}],"wp:attachment":[{"href":"https:\/\/xplore-berlin.de\/de\/wp-json\/wp\/v2\/media?parent=4138"}],"curies":[{"name":"wp","href":"https:\/\/api.w.org\/{rel}","templated":true}]}}