{"id":4222,"date":"2025-08-07T17:20:23","date_gmt":"2025-08-07T15:20:23","guid":{"rendered":"https:\/\/xplore-berlin.de\/?page_id=4222"},"modified":"2025-08-07T17:22:15","modified_gmt":"2025-08-07T15:22:15","slug":"xplore-berlin-2025-podcast","status":"publish","type":"page","link":"https:\/\/xplore-berlin.de\/de\/xplore-berlin-2025-podcast\/","title":{"rendered":"xplore Berlin 2025 Podcast"},"content":{"rendered":"<figure class=\"wp-block-image alignleft size-full ghostkit-custom-ZgAcCt\"><img width=\"270\" height=\"269\" src=\"https:\/\/xplore-berlin.de\/wp-content\/uploads\/Selection_029.png\" alt=\"\" class=\"wp-image-4223\" srcset=\"https:\/\/xplore-berlin.de\/wp-content\/uploads\/Selection_029.png 270w, https:\/\/xplore-berlin.de\/wp-content\/uploads\/Selection_029-150x150.png 150w, https:\/\/xplore-berlin.de\/wp-content\/uploads\/Selection_029-12x12.png 12w\" sizes=\"(max-width: 270px) 100vw, 270px\" \/><\/figure>\n\n\n\n<p>Tantra to go ist ein Podcast f\u00fcr alle, die sich mehr Tiefe und Echtheit in Liebe, Lust und Leben w\u00fcnschen. <strong>Christine Janson<\/strong> ist Tantralehrerin, Buchautorin und Verlegerin von erotischer Literatur und l\u00e4dt dich in jeder Folge ein, die Kunst der Pr\u00e4senz, Sinnlichkeit und bewussten Intimit\u00e4t zu entdecken \u2013 ohne R\u00e4ucherst\u00e4bchen-Klischees, aber mit Herz, Humor und einer Prise Alltagszauber. Tantra f\u00fcrs echte Leben \u2013 zum Mitnehmen, Sp\u00fcren und Sein.<br>In diesem Podcast erf\u00e4hrst du mehr \u00fcber bewusste Beziehungen, die Kunst der sinnlichen Verf\u00fchrung, lebendige Sexualit\u00e4t und einen tantrischen Lifestyle.<\/p>\n\n\n\n<div style=\"height:20px\" aria-hidden=\"true\" class=\"wp-block-spacer\"><\/div>\n\n\n\n<div class=\"ghostkit-divider ghostkit-divider-type-solid ghostkit-custom-1oM0on\"><\/div>\n\n\n\n<div style=\"height:30px\" aria-hidden=\"true\" class=\"wp-block-spacer\"><\/div>\n\n\n\n<h2 id=\"folge-15-xplore-festival-berlin-wenn-korper-kunst-und-kink-sich-kussen\">Folge 15: Xplore Festival Berlin \u2013 Wenn K\u00f6rper, Kunst und Kink sich k\u00fcssen<\/h2>\n\n\n\n<p>Was passiert, wenn Tantralehrerinnen sich auf ein Festival begeben, das Lust, Schmerz, Kunst und K\u00f6rpererforschung auf radikale Weise miteinander verbindet?<\/p>\n\n\n\n<p>In dieser Folge nehmen dich Christine Janson und Yella Cremer mit auf die Xplore Berlin \u2013 ein au\u00dfergew\u00f6hnliches Festival, auf dem sich Tantra, BDSM, Performance, Heilung und experimentelle K\u00f6rperarbeit begegnen. Gemeinsam sprechen sie \u00fcber mutige R\u00e4ume, tiefe Begegnungen, pers\u00f6nliche Aha-Momente und dar\u00fcber, warum genau solche Festivals ein wertvoller Spiegel f\u00fcr unsere Lust, unsere Scham und unsere Sehnsucht sein k\u00f6nnen.<\/p>\n\n\n\n<p>Ein intimes Gespr\u00e4ch \u00fcber K\u00f6rperintelligenz, Schattenarbeit, Ber\u00fchrbarkeit \u2013 und das gro\u00dfe Ja zu sich selbst. Offen, sinnlich, ehrlich.<\/p>\n\n\n\n<div style=\"height:20px\" aria-hidden=\"true\" class=\"wp-block-spacer\"><\/div>\n\n\n\n<p><a href=\"https:\/\/tantra-to-go.podigee.io\/15-folge-15-xplore-festival-berlin-wenn-korper-kunst-und-kink-sich-kussen\">https:\/\/tantra-to-go.podigee.io\/15-folge-15-xplore-festival-berlin-wenn-korper-kunst-und-kink-sich-kussen<\/a><\/p>\n\n\n\n<div style=\"height:50px\" aria-hidden=\"true\" class=\"wp-block-spacer\"><\/div>","protected":false},"excerpt":{"rendered":"<p>Tantra to go ist ein Podcast f\u00fcr alle, die sich mehr Tiefe und Authentizit\u00e4t in Liebe, Lust und Leben w\u00fcnschen. Christine Janson ist Tantra-Lehrerin, Autorin und Verlegerin erotischer Literatur. In jeder Folge l\u00e4dt sie dazu ein, die Kunst der Pr\u00e4senz, Sinnlichkeit und bewussten Intimit\u00e4t zu entdecken \u2013 ohne R\u00e4ucherst\u00e4bchen-Klischees, sondern mit Herz, \u2026<\/p>\n<p class=\"read-more\"> <a class=\"\" href=\"https:\/\/xplore-berlin.de\/de\/xplore-berlin-2025-podcast\/\"> <span class=\"screen-reader-text\">xplore Berlin 2025 Podcast<\/span> Weiterlesen \u00bb<\/a><\/p>","protected":false},"author":13,"featured_media":0,"parent":0,"menu_order":0,"comment_status":"closed","ping_status":"closed","template":"","meta":{"_uag_custom_page_level_css":"","ghostkit_customizer_options":"","ghostkit_custom_css":"","ghostkit_custom_js_head":"","ghostkit_custom_js_foot":"","ghostkit_typography":"","site-sidebar-layout":"default","site-content-layout":"default","ast-global-header-display":"","ast-main-header-display":"","ast-hfb-above-header-display":"","ast-hfb-below-header-display":"","ast-hfb-mobile-header-display":"","site-post-title":"","ast-breadcrumbs-content":"","ast-featured-img":"","footer-sml-layout":"","theme-transparent-header-meta":"","adv-header-id-meta":"","stick-header-meta":"","header-above-stick-meta":"","header-main-stick-meta":"","header-below-stick-meta":""},"uagb_featured_image_src":{"full":false,"thumbnail":false,"medium":false,"medium_large":false,"large":false,"1536x1536":false,"2048x2048":false,"trp-custom-language-flag":false},"uagb_author_info":{"display_name":"anna","author_link":"https:\/\/xplore-berlin.de\/de\/author\/anna\/"},"uagb_comment_info":0,"uagb_excerpt":"Tantra to go is a podcast for anyone who wants more depth and authenticity in love, lust and life. Christine Janson is a tantra teacher, author and publisher of erotic literature. In each episode, she invites you to discover the art of presence, sensuality and conscious intimacy \u2013 without incense stick clich\u00e9s, but with heart,&hellip;","_links":{"self":[{"href":"https:\/\/xplore-berlin.de\/de\/wp-json\/wp\/v2\/pages\/4222"}],"collection":[{"href":"https:\/\/xplore-berlin.de\/de\/wp-json\/wp\/v2\/pages"}],"about":[{"href":"https:\/\/xplore-berlin.de\/de\/wp-json\/wp\/v2\/types\/page"}],"author":[{"embeddable":true,"href":"https:\/\/xplore-berlin.de\/de\/wp-json\/wp\/v2\/users\/13"}],"replies":[{"embeddable":true,"href":"https:\/\/xplore-berlin.de\/de\/wp-json\/wp\/v2\/comments?post=4222"}],"version-history":[{"count":3,"href":"https:\/\/xplore-berlin.de\/de\/wp-json\/wp\/v2\/pages\/4222\/revisions"}],"predecessor-version":[{"id":4226,"href":"https:\/\/xplore-berlin.de\/de\/wp-json\/wp\/v2\/pages\/4222\/revisions\/4226"}],"wp:attachment":[{"href":"https:\/\/xplore-berlin.de\/de\/wp-json\/wp\/v2\/media?parent=4222"}],"curies":[{"name":"wp","href":"https:\/\/api.w.org\/{rel}","templated":true}]}}