{"id":4285,"date":"2026-03-12T10:34:16","date_gmt":"2026-03-12T09:34:16","guid":{"rendered":"https:\/\/xplore-berlin.de\/?page_id=4285"},"modified":"2026-03-24T10:13:22","modified_gmt":"2026-03-24T09:13:22","slug":"rituals-of-collective-descent","status":"publish","type":"page","link":"https:\/\/xplore-berlin.de\/de\/rituals-of-collective-descent\/","title":{"rendered":"RITUALE DES KOLLEKTIVEN ABSTIEGS"},"content":{"rendered":"<h3 id=\"anso-copenhagen-jac-fabian-copenhagen-max-copenhagen-axel-camilla-oslo\">Anso (Copenhagen), Jac Fabian (Copenhagen), Max (Copenhagen), Axel-Camilla (Oslo)<\/h3>\n\n\n\n<div class=\"ghostkit-divider ghostkit-divider-type-solid ghostkit-custom-Z1WiJGS\"><\/div>\n\n\n\n<div style=\"height:20px\" aria-hidden=\"true\" class=\"wp-block-spacer\"><\/div>\n\n\n\n<h4 id=\"playing-times-friday-11-00-21-00-saturday-11-00-21-00location-lichtkeller-basement\">Spielzeiten: Freitag 11:00 \u2013 21:00 \/ Samstag 11:00 \u2013 21:00<\/h4>\n\n\n\n<h4 id=\"playing-times-friday-11-00-21-00-saturday-11-00-21-00location-lichtkeller-basement\">Ort: Lichtkeller (Kachelhaus, Keller)<\/h4>\n\n\n\n<div style=\"height:20px\" aria-hidden=\"true\" class=\"wp-block-spacer\"><\/div>\n\n\n\n<div class=\"ghostkit-divider ghostkit-divider-type-solid ghostkit-custom-QxLqC\"><\/div>\n\n\n\n<div style=\"height:20px\" aria-hidden=\"true\" class=\"wp-block-spacer\"><\/div>\n\n\n\n<figure class=\"wp-block-image aligncenter size-large\"><img width=\"819\" height=\"1024\" src=\"https:\/\/xplore-berlin.de\/wp-content\/uploads\/xplore_norn_1-819x1024.jpg\" alt=\"\" class=\"wp-image-4286\" srcset=\"https:\/\/xplore-berlin.de\/wp-content\/uploads\/xplore_norn_1-819x1024.jpg 819w, https:\/\/xplore-berlin.de\/wp-content\/uploads\/xplore_norn_1-240x300.jpg 240w, https:\/\/xplore-berlin.de\/wp-content\/uploads\/xplore_norn_1-768x960.jpg 768w, https:\/\/xplore-berlin.de\/wp-content\/uploads\/xplore_norn_1-10x12.jpg 10w, https:\/\/xplore-berlin.de\/wp-content\/uploads\/xplore_norn_1.jpg 1080w\" sizes=\"(max-width: 819px) 100vw, 819px\" \/><\/figure>\n\n\n\n<div style=\"height:20px\" aria-hidden=\"true\" class=\"wp-block-spacer\"><\/div>\n\n\n\n<h3 id=\"the-eternal-now-an-architecture-of-descent\">DAS EWIGE JETZT \u2013 Eine Architektur des Abstiegs<\/h3>\n\n\n\n<p>The Ewige Jetzt ist ein zeitlich ausgedehntes Ritual, in dem BDSM, k\u00fcnstlerische Praxis, moderierte Interaktion und reaktionsf\u00e4hige Technologie als eine integrierte Architektur zusammenwirken.<\/p>\n\n\n\n<div style=\"height:20px\" aria-hidden=\"true\" class=\"wp-block-spacer\"><\/div>\n\n\n\n<figure class=\"wp-block-image aligncenter size-large\"><img width=\"1024\" height=\"683\" src=\"https:\/\/xplore-berlin.de\/wp-content\/uploads\/xplore_norn_2-1024x683.jpg\" alt=\"\" class=\"wp-image-4287\" srcset=\"https:\/\/xplore-berlin.de\/wp-content\/uploads\/xplore_norn_2-1024x683.jpg 1024w, https:\/\/xplore-berlin.de\/wp-content\/uploads\/xplore_norn_2-300x200.jpg 300w, https:\/\/xplore-berlin.de\/wp-content\/uploads\/xplore_norn_2-768x512.jpg 768w, https:\/\/xplore-berlin.de\/wp-content\/uploads\/xplore_norn_2-1536x1024.jpg 1536w, https:\/\/xplore-berlin.de\/wp-content\/uploads\/xplore_norn_2-2048x1365.jpg 2048w, https:\/\/xplore-berlin.de\/wp-content\/uploads\/xplore_norn_2-18x12.jpg 18w\" sizes=\"(max-width: 1024px) 100vw, 1024px\" \/><\/figure>\n\n\n\n<div style=\"height:20px\" aria-hidden=\"true\" class=\"wp-block-spacer\"><\/div>\n\n\n\n<p>Das Werk entfaltet sich in aufeinanderfolgenden Zonen, wobei jede Zone einen menschlichen Impuls wie Begierde, Exzess, Scham, Kontrolle oder Hingabe widerspiegelt und diesen als verk\u00f6rperte Konsequenz und Pr\u00e4senz zur\u00fcckgibt. Kollektives Leiden, bewusst eingegangen und behutsam aufrechterhalten, wird zu einer Probe des Abstiegs. Spirituell konfrontiert dies die Illusion, dass Wachstum bequem ist.<\/p>\n\n\n\n<p>Szenografie, Live-Sound und reaktionsf\u00e4hige Algorithmen bilden eine Feedback-Matrix: K\u00f6rper ver\u00e4ndern Licht, Projektion und Puls; die Umgebung moduliert im Gegenzug die K\u00f6rper. Intensit\u00e4t wird sichtbar. Rhythmus wird r\u00e4umlich. Schmerz wird kollektiv. Der \u00dcbergang wird auf der Haut markiert. Spuren bleiben zur\u00fcck. Bekenntnisse werden niedergeschrieben und archiviert. Der Raum h\u00e4lt fest, was geschieht, und faltet jede Handlung in die n\u00e4chste, um ein Ewiges Jetzt zu bilden, w\u00e4hrend sich die Installation durch die K\u00f6rper erstreckt, die sich durch Xplore bewegen.<\/p>\n\n\n\n<div style=\"height:20px\" aria-hidden=\"true\" class=\"wp-block-spacer\"><\/div>\n\n\n\n<figure class=\"wp-block-image aligncenter size-large\"><img width=\"768\" height=\"1024\" src=\"https:\/\/xplore-berlin.de\/wp-content\/uploads\/xplore_norn_4-768x1024.jpeg\" alt=\"\" class=\"wp-image-4288\" srcset=\"https:\/\/xplore-berlin.de\/wp-content\/uploads\/xplore_norn_4-768x1024.jpeg 768w, https:\/\/xplore-berlin.de\/wp-content\/uploads\/xplore_norn_4-225x300.jpeg 225w, https:\/\/xplore-berlin.de\/wp-content\/uploads\/xplore_norn_4-1152x1536.jpeg 1152w, https:\/\/xplore-berlin.de\/wp-content\/uploads\/xplore_norn_4-9x12.jpeg 9w, https:\/\/xplore-berlin.de\/wp-content\/uploads\/xplore_norn_4.jpeg 1536w\" sizes=\"(max-width: 768px) 100vw, 768px\" \/><\/figure>\n\n\n\n<div style=\"height:20px\" aria-hidden=\"true\" class=\"wp-block-spacer\"><\/div>\n\n\n\n<div class=\"ghostkit-divider ghostkit-divider-type-solid ghostkit-custom-Z14GSKu\"><\/div>\n\n\n\n<div style=\"height:20px\" aria-hidden=\"true\" class=\"wp-block-spacer\"><\/div>\n\n\n\n<figure class=\"wp-block-image alignleft size-full is-resized ghostkit-custom-Z263q4W\"><img src=\"https:\/\/xplore-berlin.de\/wp-content\/uploads\/Selection_085-1.png\" alt=\"\" class=\"wp-image-4290\" width=\"300\" height=\"300\" srcset=\"https:\/\/xplore-berlin.de\/wp-content\/uploads\/Selection_085-1.png 1004w, https:\/\/xplore-berlin.de\/wp-content\/uploads\/Selection_085-1-300x300.png 300w, https:\/\/xplore-berlin.de\/wp-content\/uploads\/Selection_085-1-150x150.png 150w, https:\/\/xplore-berlin.de\/wp-content\/uploads\/Selection_085-1-768x768.png 768w, https:\/\/xplore-berlin.de\/wp-content\/uploads\/Selection_085-1-12x12.png 12w\" sizes=\"(max-width: 300px) 100vw, 300px\" \/><\/figure>\n\n\n\n<p><strong>Anso<\/strong>(sie\/ihr) schafft in ihrer aktuellen k\u00fcnstlerischen Arbeit R\u00e4ume, in denen Macht, Intimit\u00e4t und Begehren bewusst und zielgerichtet erforscht werden k\u00f6nnen. Sie entwickelt immersive Formate, die als Laboratorien f\u00fcr Hingabe, Autorit\u00e4t, Vertrauen und Verantwortung fungieren, wobei sie BDSM sowohl als k\u00fcnstlerische Sprache als auch als Mittel zur Erforschung zwischenmenschlicher Beziehungen einsetzt.<br>Daneben bewegt sich ihre kuratorische Praxis in gr\u00f6\u00dferen kulturellen Rahmenbedingungen und gestaltet internationale Kooperationen und Plattformen, die untersuchen, wie Kunst und Kultur die Wahrnehmung beeinflussen, zu strukturellem Wandel beitragen und Verbundenheit in einer fragmentierten Welt f\u00f6rdern k\u00f6nnen.<\/p>\n\n\n\n<div style=\"height:20px\" aria-hidden=\"true\" class=\"wp-block-spacer\"><\/div>\n\n\n\n<figure class=\"wp-block-image alignright size-full is-resized ghostkit-custom-1D1nqs\"><img src=\"https:\/\/xplore-berlin.de\/wp-content\/uploads\/Selection_088.png\" alt=\"\" class=\"wp-image-4292\" width=\"300\" height=\"300\" srcset=\"https:\/\/xplore-berlin.de\/wp-content\/uploads\/Selection_088.png 1003w, https:\/\/xplore-berlin.de\/wp-content\/uploads\/Selection_088-300x300.png 300w, https:\/\/xplore-berlin.de\/wp-content\/uploads\/Selection_088-150x150.png 150w, https:\/\/xplore-berlin.de\/wp-content\/uploads\/Selection_088-768x768.png 768w, https:\/\/xplore-berlin.de\/wp-content\/uploads\/Selection_088-12x12.png 12w\" sizes=\"(max-width: 300px) 100vw, 300px\" \/><\/figure>\n\n\n\n<p><strong>Jac Fabian<\/strong> (er\/ihm) ist ein erfahrener Praktiker im Bereich Seilbondage und Kink, der seit mehr als einem Jahrzehnt unterrichtet und Workshops leitet. Sein Schwerpunkt liegt an der Schnittstelle von Perversion, Machtdynamiken, \u00c4sthetik, Gruppenmoderation und Co-Creation-Prozessen, k\u00fcnstlerischem Experimentieren und Bewusstsein. Er ist Gr\u00fcnder und Leiter von House of Play in Kopenhagen, einem kollaborativen und multidisziplin\u00e4ren Veranstaltungsort, der Arbeit mit bewusster Sexualit\u00e4t, Einwilligung, K\u00f6rperarbeit, Kink, Seil, Tanz und Kunst unter einem Dach vereint. Er ist in Tokio, am D\u00e4nischen K\u00f6niglichen Theater und an vielen anderen Kink- und Kunstveranstaltungsorten aufgetreten.<\/p>\n\n\n\n<div style=\"height:20px\" aria-hidden=\"true\" class=\"wp-block-spacer\"><\/div>\n\n\n\n<figure class=\"wp-block-image alignleft size-full is-resized ghostkit-custom-Z2kCly5\"><img src=\"https:\/\/xplore-berlin.de\/wp-content\/uploads\/Selection_084-1.png\" alt=\"\" class=\"wp-image-4289\" width=\"300\" height=\"300\" srcset=\"https:\/\/xplore-berlin.de\/wp-content\/uploads\/Selection_084-1.png 766w, https:\/\/xplore-berlin.de\/wp-content\/uploads\/Selection_084-1-300x300.png 300w, https:\/\/xplore-berlin.de\/wp-content\/uploads\/Selection_084-1-150x150.png 150w, https:\/\/xplore-berlin.de\/wp-content\/uploads\/Selection_084-1-12x12.png 12w\" sizes=\"(max-width: 300px) 100vw, 300px\" \/><\/figure>\n\n\n\n<p><strong>Max<\/strong> (er\/ihm) ist ein interaktiver K\u00fcnstler mit einem Doktortitel in Interaktionsdesign. Als Mitbegr\u00fcnder des illutron Interactive Art Collective, des Kinky Salon Copenhagen und von House of Play \/ The Playlab hat er einen aktiven Beitrag zur k\u00fcnstlerischen und aktivistischen Szene (in Kopenhagen) an der Schnittstelle von Sexpositivismus und interaktiven Kunstpraktiken geleistet. Seine Arbeit untersucht, wie digitale Medien soziale Interaktion vermitteln und transformieren k\u00f6nnen, indem sie R\u00e4ume f\u00fcr Verspieltheit, Reflexion und Intimit\u00e4t schaffen. Er n\u00e4hert sich diesem Thema entweder durch die Schaffung physischer interaktiver Kunstinstallationen oder durch die Organisation von R\u00e4umen, in denen Gruppen unterschiedlicher Menschen bef\u00e4higt werden, zusammenzuarbeiten, Wissen auszutauschen und gemeinsam etwas zu schaffen.<\/p>\n\n\n\n<div style=\"height:20px\" aria-hidden=\"true\" class=\"wp-block-spacer\"><\/div>\n\n\n\n<figure class=\"wp-block-image alignright size-full is-resized ghostkit-custom-ZGvdAE\"><img src=\"https:\/\/xplore-berlin.de\/wp-content\/uploads\/Selection_087.png\" alt=\"\" class=\"wp-image-4291\" width=\"300\" height=\"300\" srcset=\"https:\/\/xplore-berlin.de\/wp-content\/uploads\/Selection_087.png 1004w, https:\/\/xplore-berlin.de\/wp-content\/uploads\/Selection_087-300x300.png 300w, https:\/\/xplore-berlin.de\/wp-content\/uploads\/Selection_087-150x150.png 150w, https:\/\/xplore-berlin.de\/wp-content\/uploads\/Selection_087-768x768.png 768w, https:\/\/xplore-berlin.de\/wp-content\/uploads\/Selection_087-12x12.png 12w\" sizes=\"(max-width: 300px) 100vw, 300px\" \/><\/figure>\n\n\n\n<p><strong>Axel-Camilla Barratt-Due<\/strong> ist Klangk\u00fcnstler, Komponist und Instrumentenbauer. In their Arbeiten untersucht they die Verschmelzung von alten Akkordeons, mechanisch gesteuerten Luft- und Fl\u00fcssigkeitssystemen sowie selbstgebauter Elektronik zu elektromechanischen Instrumentensystemen, die mittels Live-Coding gespielt werden.<\/p>\n\n\n\n<p>Axel-Camilla arbeitet seit mehr als 15 Jahren als Komponist f\u00fcr B\u00fchnenproduktionen in ganz Europa. Their Arbeiten wurden an Veranstaltungsorten und auf Festivals pr\u00e4sentiert, darunter das Royal Opera House, das Nationaltheater, das Black Box Theatre Oslo, das Stamsund International Theatre Festival, das MDT Stockholm, das Insomnia Festival Troms\u00f8, die Nicolai Kunsthal Kopenhagen und das Bergen International Festival.<\/p>\n\n\n\n<p>Axel-Camilla studierte Akkordeon an der K\u00f6niglich D\u00e4nischen Musikakademie und Klangkunst an der Universit\u00e4t der K\u00fcnste Berlin, wo they 2016 their Abschluss machte. Derzeit ist they Forschungsstipendiat an der Norwegischen Musikakademie.<\/p>\n\n\n\n<div style=\"height:50px\" aria-hidden=\"true\" class=\"wp-block-spacer\"><\/div>","protected":false},"excerpt":{"rendered":"<p>Anso (Copenhagen), Jac Fabian (Copenhagen), Max (Copenhagen), Axel-Camilla (Oslo) Playing Times: Friday 11:00 \u2013 21:00 \/ Saturday 11:00 \u2013 21:00 Location: Lichtkeller (Kachelhaus, basement) THE ETERNAL NOW &#8211; An architecture of Descent The Eternal Now is a durational ritual where BDSM, artistic practice, facilitated interaction and responsive technology operate as one integrated architecture. The work &hellip;<\/p>\n<p class=\"read-more\"> <a class=\"\" href=\"https:\/\/xplore-berlin.de\/de\/rituals-of-collective-descent\/\"> <span class=\"screen-reader-text\">RITUALE DES KOLLEKTIVEN ABSTIEGS<\/span> Weiterlesen \u00bb<\/a><\/p>","protected":false},"author":13,"featured_media":0,"parent":0,"menu_order":0,"comment_status":"closed","ping_status":"closed","template":"","meta":{"_uag_custom_page_level_css":"","ghostkit_customizer_options":"","ghostkit_custom_css":"","ghostkit_custom_js_head":"","ghostkit_custom_js_foot":"","ghostkit_typography":"","site-sidebar-layout":"default","site-content-layout":"default","ast-global-header-display":"","ast-main-header-display":"","ast-hfb-above-header-display":"","ast-hfb-below-header-display":"","ast-hfb-mobile-header-display":"","site-post-title":"","ast-breadcrumbs-content":"","ast-featured-img":"","footer-sml-layout":"","theme-transparent-header-meta":"","adv-header-id-meta":"","stick-header-meta":"","header-above-stick-meta":"","header-main-stick-meta":"","header-below-stick-meta":""},"uagb_featured_image_src":{"full":false,"thumbnail":false,"medium":false,"medium_large":false,"large":false,"1536x1536":false,"2048x2048":false,"trp-custom-language-flag":false},"uagb_author_info":{"display_name":"anna","author_link":"https:\/\/xplore-berlin.de\/de\/author\/anna\/"},"uagb_comment_info":0,"uagb_excerpt":"Anso (Copenhagen), Jac Fabian (Copenhagen), Max (Copenhagen), Axel-Camilla (Oslo) Playing Times: Friday 11:00 \u2013 21:00 \/ Saturday 11:00 \u2013 21:00 Location: Lichtkeller (Kachelhaus, basement) THE ETERNAL NOW &#8211; An architecture of Descent The Eternal Now is a durational ritual where BDSM, artistic practice, facilitated interaction and responsive technology operate as one integrated architecture. The work&hellip;","_links":{"self":[{"href":"https:\/\/xplore-berlin.de\/de\/wp-json\/wp\/v2\/pages\/4285"}],"collection":[{"href":"https:\/\/xplore-berlin.de\/de\/wp-json\/wp\/v2\/pages"}],"about":[{"href":"https:\/\/xplore-berlin.de\/de\/wp-json\/wp\/v2\/types\/page"}],"author":[{"embeddable":true,"href":"https:\/\/xplore-berlin.de\/de\/wp-json\/wp\/v2\/users\/13"}],"replies":[{"embeddable":true,"href":"https:\/\/xplore-berlin.de\/de\/wp-json\/wp\/v2\/comments?post=4285"}],"version-history":[{"count":6,"href":"https:\/\/xplore-berlin.de\/de\/wp-json\/wp\/v2\/pages\/4285\/revisions"}],"predecessor-version":[{"id":4387,"href":"https:\/\/xplore-berlin.de\/de\/wp-json\/wp\/v2\/pages\/4285\/revisions\/4387"}],"wp:attachment":[{"href":"https:\/\/xplore-berlin.de\/de\/wp-json\/wp\/v2\/media?parent=4285"}],"curies":[{"name":"wp","href":"https:\/\/api.w.org\/{rel}","templated":true}]}}