{"id":4302,"date":"2026-03-15T10:36:14","date_gmt":"2026-03-15T09:36:14","guid":{"rendered":"https:\/\/xplore-berlin.de\/?page_id=4302"},"modified":"2026-03-24T10:01:15","modified_gmt":"2026-03-24T09:01:15","slug":"kids-in-the-basement","status":"publish","type":"page","link":"https:\/\/xplore-berlin.de\/de\/kids-in-the-basement\/","title":{"rendered":"KELLERKINDER"},"content":{"rendered":"<h3 id=\"ashraf-berlin-jule-velvet-berlin-noemi-berlin-dennis-berlin-kat-berlin\">Ashraf (Berlin), Jule Velvet (Berlin), Noemi (Berlin), Dennis (Berlin), Kat (Berlin)<\/h3>\n\n\n\n<div class=\"ghostkit-divider ghostkit-divider-type-solid ghostkit-custom-Z23d22G\"><\/div>\n\n\n\n<div style=\"height:20px\" aria-hidden=\"true\" class=\"wp-block-spacer\"><\/div>\n\n\n\n<h4 id=\"playing-times-friday-11-00-21-00-saturday-11-00-21-00location-tankraum-basement\">Spielzeiten: Freitag 11:00 \u2013 21:00 \/ Samstag 11:00 \u2013 21:00<\/h4>\n\n\n\n<h4 id=\"playing-times-friday-11-00-21-00-saturday-11-00-21-00location-tankraum-basement\">Ort: Keimkasten II (Alte M\u00e4lzerei)<\/h4>\n\n\n\n<div style=\"height:20px\" aria-hidden=\"true\" class=\"wp-block-spacer\"><\/div>\n\n\n\n<div class=\"ghostkit-divider ghostkit-divider-type-solid ghostkit-custom-Z16ruO\"><\/div>\n\n\n\n<div style=\"height:20px\" aria-hidden=\"true\" class=\"wp-block-spacer\"><\/div>\n\n\n\n<figure class=\"wp-block-image aligncenter size-large\"><img width=\"1024\" height=\"683\" src=\"https:\/\/xplore-berlin.de\/wp-content\/uploads\/3FA57124-E11A-4F98-A463-AB61984AD863_1_105_c-1024x683.jpeg\" alt=\"\" class=\"wp-image-4329\" srcset=\"https:\/\/xplore-berlin.de\/wp-content\/uploads\/3FA57124-E11A-4F98-A463-AB61984AD863_1_105_c-1024x683.jpeg 1024w, https:\/\/xplore-berlin.de\/wp-content\/uploads\/3FA57124-E11A-4F98-A463-AB61984AD863_1_105_c-300x200.jpeg 300w, https:\/\/xplore-berlin.de\/wp-content\/uploads\/3FA57124-E11A-4F98-A463-AB61984AD863_1_105_c-768x512.jpeg 768w, https:\/\/xplore-berlin.de\/wp-content\/uploads\/3FA57124-E11A-4F98-A463-AB61984AD863_1_105_c-18x12.jpeg 18w, https:\/\/xplore-berlin.de\/wp-content\/uploads\/3FA57124-E11A-4F98-A463-AB61984AD863_1_105_c.jpeg 1086w\" sizes=\"(max-width: 1024px) 100vw, 1024px\" \/><\/figure>\n\n\n\n<div style=\"height:20px\" aria-hidden=\"true\" class=\"wp-block-spacer\"><\/div>\n\n\n\n<p>KELLERKINDER ist ein Raum f\u00fcr die verschiedenen Facetten der Kindheit. In neugieriger Verspieltheit begegnen wir einander, vertrauen unseren Gef\u00fchlen und Impulsen und lassen sie unmittelbaren Ausdruck finden. In der zwielichtigen Atmosph\u00e4re des Keimkastens spielen wir dabei auch mit den verborgeneren Anteilen unserer inneren Kinder.<\/p>\n\n\n\n<div style=\"height:20px\" aria-hidden=\"true\" class=\"wp-block-spacer\"><\/div>\n\n\n\n<figure class=\"wp-block-image aligncenter size-large\"><img width=\"1024\" height=\"683\" src=\"https:\/\/xplore-berlin.de\/wp-content\/uploads\/AEF38316-3E4F-4338-A217-BD2D12FEEF5F_1_105_c-1024x683.jpeg\" alt=\"\" class=\"wp-image-4330\" srcset=\"https:\/\/xplore-berlin.de\/wp-content\/uploads\/AEF38316-3E4F-4338-A217-BD2D12FEEF5F_1_105_c-1024x683.jpeg 1024w, https:\/\/xplore-berlin.de\/wp-content\/uploads\/AEF38316-3E4F-4338-A217-BD2D12FEEF5F_1_105_c-300x200.jpeg 300w, https:\/\/xplore-berlin.de\/wp-content\/uploads\/AEF38316-3E4F-4338-A217-BD2D12FEEF5F_1_105_c-768x512.jpeg 768w, https:\/\/xplore-berlin.de\/wp-content\/uploads\/AEF38316-3E4F-4338-A217-BD2D12FEEF5F_1_105_c-18x12.jpeg 18w, https:\/\/xplore-berlin.de\/wp-content\/uploads\/AEF38316-3E4F-4338-A217-BD2D12FEEF5F_1_105_c.jpeg 1086w\" sizes=\"(max-width: 1024px) 100vw, 1024px\" \/><\/figure>\n\n\n\n<div style=\"height:20px\" aria-hidden=\"true\" class=\"wp-block-spacer\"><\/div>\n\n\n\n<p>Am Freitag und Samstag finden zwischen 11 und 21 Uhr Workshops und Interventionen statt \u2013 angeboten von Ashraf Alali, Katrine Bregnum, Noemi Ferrari, Julie Velvet und Dennis Trendelberend (alle Berlin). Fast alle von ihnen veranstalten zum ersten Mal etwas auf der Xplore und schaffen neue Zug\u00e4nge zu Storytelling und Embodiment, Chanting und Kink oder Bewegung und Meditation.<\/p>\n\n\n\n<div style=\"height:20px\" aria-hidden=\"true\" class=\"wp-block-spacer\"><\/div>\n\n\n\n<figure class=\"wp-block-image aligncenter size-large\"><img width=\"1024\" height=\"683\" src=\"https:\/\/xplore-berlin.de\/wp-content\/uploads\/5A4CE366-F229-44C6-B0AF-FF0630FDB7F4_1_105_c-1024x683.jpeg\" alt=\"\" class=\"wp-image-4331\" srcset=\"https:\/\/xplore-berlin.de\/wp-content\/uploads\/5A4CE366-F229-44C6-B0AF-FF0630FDB7F4_1_105_c-1024x683.jpeg 1024w, https:\/\/xplore-berlin.de\/wp-content\/uploads\/5A4CE366-F229-44C6-B0AF-FF0630FDB7F4_1_105_c-300x200.jpeg 300w, https:\/\/xplore-berlin.de\/wp-content\/uploads\/5A4CE366-F229-44C6-B0AF-FF0630FDB7F4_1_105_c-768x512.jpeg 768w, https:\/\/xplore-berlin.de\/wp-content\/uploads\/5A4CE366-F229-44C6-B0AF-FF0630FDB7F4_1_105_c-18x12.jpeg 18w, https:\/\/xplore-berlin.de\/wp-content\/uploads\/5A4CE366-F229-44C6-B0AF-FF0630FDB7F4_1_105_c.jpeg 1086w\" sizes=\"(max-width: 1024px) 100vw, 1024px\" \/><\/figure>\n\n\n\n<div style=\"height:20px\" aria-hidden=\"true\" class=\"wp-block-spacer\"><\/div>\n\n\n\n<div class=\"ghostkit-divider ghostkit-divider-type-solid ghostkit-custom-Z2QaAA\"><\/div>\n\n\n\n<div style=\"height:50px\" aria-hidden=\"true\" class=\"wp-block-spacer\"><\/div>","protected":false},"excerpt":{"rendered":"<p>Ashraf (Berlin), Jule Velvet (Berlin), Noemi (Berlin), Dennis (Berlin), Kat (Berlin) Playing Times: Friday 11:00 \u2013 21:00 \/ Saturday 11:00 \u2013 21:00 Location: Keimkasten II (Alte M\u00e4lzerei) As KIDS IN THE BASEMENT we explore the many facets of childhood. In curious playfulness we encounter one another, trusting our feelings and impulses and allowing them to &hellip;<\/p>\n<p class=\"read-more\"> <a class=\"\" href=\"https:\/\/xplore-berlin.de\/de\/kids-in-the-basement\/\"> <span class=\"screen-reader-text\">KELLERKINDER<\/span> Weiterlesen \u00bb<\/a><\/p>","protected":false},"author":13,"featured_media":0,"parent":0,"menu_order":0,"comment_status":"closed","ping_status":"closed","template":"","meta":{"_uag_custom_page_level_css":"","ghostkit_customizer_options":"","ghostkit_custom_css":"","ghostkit_custom_js_head":"","ghostkit_custom_js_foot":"","ghostkit_typography":"","site-sidebar-layout":"default","site-content-layout":"default","ast-global-header-display":"","ast-main-header-display":"","ast-hfb-above-header-display":"","ast-hfb-below-header-display":"","ast-hfb-mobile-header-display":"","site-post-title":"","ast-breadcrumbs-content":"","ast-featured-img":"","footer-sml-layout":"","theme-transparent-header-meta":"","adv-header-id-meta":"","stick-header-meta":"","header-above-stick-meta":"","header-main-stick-meta":"","header-below-stick-meta":""},"uagb_featured_image_src":{"full":false,"thumbnail":false,"medium":false,"medium_large":false,"large":false,"1536x1536":false,"2048x2048":false,"trp-custom-language-flag":false},"uagb_author_info":{"display_name":"anna","author_link":"https:\/\/xplore-berlin.de\/de\/author\/anna\/"},"uagb_comment_info":0,"uagb_excerpt":"Ashraf (Berlin), Jule Velvet (Berlin), Noemi (Berlin), Dennis (Berlin), Kat (Berlin) Playing Times: Friday 11:00 \u2013 21:00 \/ Saturday 11:00 \u2013 21:00 Location: Keimkasten II (Alte M\u00e4lzerei) As KIDS IN THE BASEMENT we explore the many facets of childhood. In curious playfulness we encounter one another, trusting our feelings and impulses and allowing them to&hellip;","_links":{"self":[{"href":"https:\/\/xplore-berlin.de\/de\/wp-json\/wp\/v2\/pages\/4302"}],"collection":[{"href":"https:\/\/xplore-berlin.de\/de\/wp-json\/wp\/v2\/pages"}],"about":[{"href":"https:\/\/xplore-berlin.de\/de\/wp-json\/wp\/v2\/types\/page"}],"author":[{"embeddable":true,"href":"https:\/\/xplore-berlin.de\/de\/wp-json\/wp\/v2\/users\/13"}],"replies":[{"embeddable":true,"href":"https:\/\/xplore-berlin.de\/de\/wp-json\/wp\/v2\/comments?post=4302"}],"version-history":[{"count":4,"href":"https:\/\/xplore-berlin.de\/de\/wp-json\/wp\/v2\/pages\/4302\/revisions"}],"predecessor-version":[{"id":4380,"href":"https:\/\/xplore-berlin.de\/de\/wp-json\/wp\/v2\/pages\/4302\/revisions\/4380"}],"wp:attachment":[{"href":"https:\/\/xplore-berlin.de\/de\/wp-json\/wp\/v2\/media?parent=4302"}],"curies":[{"name":"wp","href":"https:\/\/api.w.org\/{rel}","templated":true}]}}