{"id":4304,"date":"2026-03-15T10:45:25","date_gmt":"2026-03-15T09:45:25","guid":{"rendered":"https:\/\/xplore-berlin.de\/?page_id=4304"},"modified":"2026-03-24T10:12:46","modified_gmt":"2026-03-24T09:12:46","slug":"bitches-on-top","status":"publish","type":"page","link":"https:\/\/xplore-berlin.de\/de\/bitches-on-top\/","title":{"rendered":"SCHLAMPEN GANZ OBEN"},"content":{"rendered":"<h3 id=\"anna-natt-berlin-juliette-caryl-morgan-torienne-bands-manchester-serene-chaos-manchester\">Anna Natt (Berlin), Juliette Caryl Morgan, Torienne Bands (Manchester), Serene Chaos (Manchester)<\/h3>\n\n\n\n<div class=\"ghostkit-divider ghostkit-divider-type-solid ghostkit-custom-Z1shOsq\"><\/div>\n\n\n\n<div style=\"height:20px\" aria-hidden=\"true\" class=\"wp-block-spacer\"><\/div>\n\n\n\n<h4 id=\"opening-times-friday-11-00-21-00-saturday-11-00-21-00-kachelhalle\">Spielzeiten: Freitag 11:00 \u2013 21:00 <\/h4>\n\n\n\n<h4 id=\"opening-times-friday-11-00-21-00-saturday-11-00-21-00-kachelhalle\">Ort: Speicher (Kachelhaus, Dachboden)<\/h4>\n\n\n\n<div style=\"height:20px\" aria-hidden=\"true\" class=\"wp-block-spacer\"><\/div>\n\n\n\n<div class=\"ghostkit-divider ghostkit-divider-type-solid ghostkit-custom-1rLRsh\"><\/div>\n\n\n\n<div style=\"height:20px\" aria-hidden=\"true\" class=\"wp-block-spacer\"><\/div>\n\n\n\n<figure class=\"wp-block-image aligncenter size-large\"><img width=\"1024\" height=\"683\" src=\"https:\/\/xplore-berlin.de\/wp-content\/uploads\/492B7A01-1932-48A9-96DE-285BE485E453_1_105_c-1024x683.jpeg\" alt=\"\" class=\"wp-image-4322\" srcset=\"https:\/\/xplore-berlin.de\/wp-content\/uploads\/492B7A01-1932-48A9-96DE-285BE485E453_1_105_c-1024x683.jpeg 1024w, https:\/\/xplore-berlin.de\/wp-content\/uploads\/492B7A01-1932-48A9-96DE-285BE485E453_1_105_c-300x200.jpeg 300w, https:\/\/xplore-berlin.de\/wp-content\/uploads\/492B7A01-1932-48A9-96DE-285BE485E453_1_105_c-768x512.jpeg 768w, https:\/\/xplore-berlin.de\/wp-content\/uploads\/492B7A01-1932-48A9-96DE-285BE485E453_1_105_c-18x12.jpeg 18w, https:\/\/xplore-berlin.de\/wp-content\/uploads\/492B7A01-1932-48A9-96DE-285BE485E453_1_105_c.jpeg 1086w\" sizes=\"(max-width: 1024px) 100vw, 1024px\" \/><\/figure>\n\n\n\n<div style=\"height:20px\" aria-hidden=\"true\" class=\"wp-block-spacer\"><\/div>\n\n\n\n<p>Alle Angebote in diesem Raum legen den Schwerpunkt auf verschiedene Arten des Gruppenspiels. Gemeinsam werden wir die Grenzen des Individuums aufl\u00f6sen und in einen kollektiven K\u00f6rper aus unvollkommenen, verletzlichen, m\u00f6glicherweise lauten und riechenden Menschen schl\u00fcpfen. K\u00f6rper, die schwitzen, spielen, atmen, lachen, scheitern und es erneut versuchen.<\/p>\n\n\n\n<p>Der Fokus bei Schlampen Ganz Oben ist es gemeinsam zu sein, im Chaos.<\/p>\n\n\n\n<p>Der Tag ist nicht als eine Sammlung separater Workshops konzipiert, sondern als eine sich entfaltende Reise. Ein Bogen, der sich in dem Moment spannt, wenn das Festival er\u00f6ffnet -  mit einem einfachen Rhythmus von Einatme und Ausatmens. Dort bildet sich der kollektive K\u00f6rper, l\u00f6st sich auf und gestaltet sich neu. Stimmen \u00fcberlagern sich. Energie zirkuliert. Die Intensit\u00e4t steigt. Verbindung, Absurdit\u00e4t und Z\u00e4rtlichkeit werden geteilt.<\/p>\n\n\n\n<p>Es endet, wenn der kollektive K\u00f6rper sich nicht mehr in einem gemeinsamen, unapologetisch-orgastischen Schrei zur\u00fcckhalten kann.<\/p>\n\n\n\n<div style=\"height:20px\" aria-hidden=\"true\" class=\"wp-block-spacer\"><\/div>\n\n\n\n<figure class=\"wp-block-image size-large\"><img width=\"1024\" height=\"683\" src=\"https:\/\/xplore-berlin.de\/wp-content\/uploads\/F794060E-839B-49CE-BD52-54330884104C_1_105_c-1024x683.jpeg\" alt=\"\" class=\"wp-image-4321\" srcset=\"https:\/\/xplore-berlin.de\/wp-content\/uploads\/F794060E-839B-49CE-BD52-54330884104C_1_105_c-1024x683.jpeg 1024w, https:\/\/xplore-berlin.de\/wp-content\/uploads\/F794060E-839B-49CE-BD52-54330884104C_1_105_c-300x200.jpeg 300w, https:\/\/xplore-berlin.de\/wp-content\/uploads\/F794060E-839B-49CE-BD52-54330884104C_1_105_c-768x512.jpeg 768w, https:\/\/xplore-berlin.de\/wp-content\/uploads\/F794060E-839B-49CE-BD52-54330884104C_1_105_c-18x12.jpeg 18w, https:\/\/xplore-berlin.de\/wp-content\/uploads\/F794060E-839B-49CE-BD52-54330884104C_1_105_c.jpeg 1086w\" sizes=\"(max-width: 1024px) 100vw, 1024px\" \/><\/figure>\n\n\n\n<div style=\"height:20px\" aria-hidden=\"true\" class=\"wp-block-spacer\"><\/div>\n\n\n\n<div class=\"ghostkit-divider ghostkit-divider-type-solid ghostkit-custom-4tlGs\"><\/div>\n\n\n\n<div style=\"height:20px\" aria-hidden=\"true\" class=\"wp-block-spacer\"><\/div>\n\n\n\n<figure class=\"wp-block-image alignleft size-full is-resized ghostkit-custom-1W6nnL\"><img src=\"https:\/\/xplore-berlin.de\/wp-content\/uploads\/Selection_027.png\" alt=\"\" class=\"wp-image-4096\" width=\"300\" height=\"300\" srcset=\"https:\/\/xplore-berlin.de\/wp-content\/uploads\/Selection_027.png 672w, https:\/\/xplore-berlin.de\/wp-content\/uploads\/Selection_027-300x300.png 300w, https:\/\/xplore-berlin.de\/wp-content\/uploads\/Selection_027-150x150.png 150w, https:\/\/xplore-berlin.de\/wp-content\/uploads\/Selection_027-12x12.png 12w\" sizes=\"(max-width: 300px) 100vw, 300px\" \/><\/figure>\n\n\n\n<p><strong>Anna Natt<\/strong> ist eine darstellende K\u00fcnstlerin und Domina, deren multimediale Arbeit die \u00dcberschneidung von Tanz, Performance und visueller Kunst erforscht. Ihre Videoarbeiten, B\u00fchnenperformances und interaktiven St\u00fccke wurden international sowohl in Theatern als auch in Galerien und alternativen R\u00e4umen gezeigt. Ihr Hintergrund umfasst neben anderen Praktiken Tanz, BDSM, Body Weather, Hypnose und Tantra-Massage, und sie sch\u00f6pft aus diesen Erfahrungen f\u00fcr ihre k\u00fcnstlerische Arbeit.<\/p>\n\n\n\n<p>Obwohl sie urspr\u00fcnglich als Flamenco-T\u00e4nzerin ausgebildet wurde, bezieht sie somatische und zeitgen\u00f6ssische Praktiken ein, um den K\u00f6rper zu abstrahieren. Durch diesen Prozess versucht sie, die Texturen und Qualit\u00e4ten der Bewegung zu erforschen und ein tieferes Verst\u00e4ndnis f\u00fcr den K\u00f6rper und seine Nuancen zu entwickeln.<\/p>\n\n\n\n<p>Auch die Verbindung zu Trance- und Traumzust\u00e4nden ist ein zentrales Thema in ihrer Arbeit. Sie wuchs als charismatische Christin auf, ein Zweig des evangelikalen Christentums, der Techniken wie das Sprechen in Zungen und das Empfangen von Visionen anwendet. Der fr\u00fche Kontakt mit diesen mystischen Praktiken brachte sie dazu, mit s\u00e4kularen Methoden zu experimentieren, die \u00e4hnliche Zust\u00e4nde erm\u00f6glichen, wie zum Beispiel Vipassana und Osho Dynamic Meditation, holotropes Atmen und experimentelle K\u00f6rperarbeit. Dies f\u00f6rderte ihr Interesse an Metamorphose und Transformation und daran, wie sich subtile, oft unausgesprochene Formen von Intimit\u00e4t und verk\u00f6rperter Kommunikation im Alltag manifestieren.<\/p>\n\n\n\n<p>Sie hat interaktive R\u00e4ume geschaffen, den dreit\u00e4gigen Rollenspiel-Performance-Raum beim Berlin Xplore Festival kuratiert und bietet immersive Workshops sowohl im Online- als auch im Offline-Kontext an.<\/p>\n\n\n\n<p><a rel=\"noreferrer noopener\" href=\"http:\/\/www.annanatt.com\/\" target=\"_blank\">www.annanatt.com<\/a><\/p>\n\n\n\n<div style=\"height:50px\" aria-hidden=\"true\" class=\"wp-block-spacer\"><\/div>","protected":false},"excerpt":{"rendered":"<p>Anna Natt (Berlin), Juliette Caryl Morgan, Torienne Bands (Manchester), Serene Chaos (Manchester) Playing Times: Friday 11:00 &#8211; 21:00 Location: Speicher (Kachelhaus, attic) All proposals within this space will emphasize different kinds of group play. Together we will dissolve the boundaries of the individual and slip into a collective body of imperfect, vulnerable, possibly loud, possibly &hellip;<\/p>\n<p class=\"read-more\"> <a class=\"\" href=\"https:\/\/xplore-berlin.de\/de\/bitches-on-top\/\"> <span class=\"screen-reader-text\">SCHLAMPEN GANZ OBEN<\/span> Weiterlesen \u00bb<\/a><\/p>","protected":false},"author":13,"featured_media":0,"parent":0,"menu_order":0,"comment_status":"closed","ping_status":"closed","template":"","meta":{"_uag_custom_page_level_css":"","ghostkit_customizer_options":"","ghostkit_custom_css":"","ghostkit_custom_js_head":"","ghostkit_custom_js_foot":"","ghostkit_typography":"","site-sidebar-layout":"default","site-content-layout":"default","ast-global-header-display":"","ast-main-header-display":"","ast-hfb-above-header-display":"","ast-hfb-below-header-display":"","ast-hfb-mobile-header-display":"","site-post-title":"","ast-breadcrumbs-content":"","ast-featured-img":"","footer-sml-layout":"","theme-transparent-header-meta":"","adv-header-id-meta":"","stick-header-meta":"","header-above-stick-meta":"","header-main-stick-meta":"","header-below-stick-meta":""},"uagb_featured_image_src":{"full":false,"thumbnail":false,"medium":false,"medium_large":false,"large":false,"1536x1536":false,"2048x2048":false,"trp-custom-language-flag":false},"uagb_author_info":{"display_name":"anna","author_link":"https:\/\/xplore-berlin.de\/de\/author\/anna\/"},"uagb_comment_info":0,"uagb_excerpt":"Anna Natt (Berlin), Juliette Caryl Morgan, Torienne Bands (Manchester), Serene Chaos (Manchester) Playing Times: Friday 11:00 &#8211; 21:00 Location: Speicher (Kachelhaus, attic) All proposals within this space will emphasize different kinds of group play. Together we will dissolve the boundaries of the individual and slip into a collective body of imperfect, vulnerable, possibly loud, possibly&hellip;","_links":{"self":[{"href":"https:\/\/xplore-berlin.de\/de\/wp-json\/wp\/v2\/pages\/4304"}],"collection":[{"href":"https:\/\/xplore-berlin.de\/de\/wp-json\/wp\/v2\/pages"}],"about":[{"href":"https:\/\/xplore-berlin.de\/de\/wp-json\/wp\/v2\/types\/page"}],"author":[{"embeddable":true,"href":"https:\/\/xplore-berlin.de\/de\/wp-json\/wp\/v2\/users\/13"}],"replies":[{"embeddable":true,"href":"https:\/\/xplore-berlin.de\/de\/wp-json\/wp\/v2\/comments?post=4304"}],"version-history":[{"count":5,"href":"https:\/\/xplore-berlin.de\/de\/wp-json\/wp\/v2\/pages\/4304\/revisions"}],"predecessor-version":[{"id":4386,"href":"https:\/\/xplore-berlin.de\/de\/wp-json\/wp\/v2\/pages\/4304\/revisions\/4386"}],"wp:attachment":[{"href":"https:\/\/xplore-berlin.de\/de\/wp-json\/wp\/v2\/media?parent=4304"}],"curies":[{"name":"wp","href":"https:\/\/api.w.org\/{rel}","templated":true}]}}