{"id":4306,"date":"2026-03-15T11:02:24","date_gmt":"2026-03-15T10:02:24","guid":{"rendered":"https:\/\/xplore-berlin.de\/?page_id=4306"},"modified":"2026-03-24T10:07:39","modified_gmt":"2026-03-24T09:07:39","slug":"liminal-millenials","status":"publish","type":"page","link":"https:\/\/xplore-berlin.de\/de\/liminal-millenials\/","title":{"rendered":"LIMINAL MILLENIALS"},"content":{"rendered":"<h3 id=\"beata-absalon-berlin-rebecca-frances-berlin\">Beata Absalon (Berlin), Rebecca Frances (Berlin)<\/h3>\n\n\n\n<div class=\"ghostkit-divider ghostkit-divider-type-solid ghostkit-custom-ZnBE1r\"><\/div>\n\n\n\n<div style=\"height:20px\" aria-hidden=\"true\" class=\"wp-block-spacer\"><\/div>\n\n\n\n<h4 id=\"playing-times-friday-11-00-21-00-saturday-11-00-21-00location-kachelhalle\">Spielzeiten: Freitag 11:00 \u2013 21:00 \/ Samstag 11:00 \u2013 21:00<\/h4>\n\n\n\n<h4 id=\"playing-times-friday-11-00-21-00-saturday-11-00-21-00location-kachelhalle\">Ort: Studio (Kachelhaus, Obergeschoss)<\/h4>\n\n\n\n<div style=\"height:20px\" aria-hidden=\"true\" class=\"wp-block-spacer\"><\/div>\n\n\n\n<div class=\"ghostkit-divider ghostkit-divider-type-solid ghostkit-custom-ZFXrAu\"><\/div>\n\n\n\n<div style=\"height:20px\" aria-hidden=\"true\" class=\"wp-block-spacer\"><\/div>\n\n\n\n<figure class=\"wp-block-image aligncenter size-large\"><img width=\"819\" height=\"1024\" src=\"https:\/\/xplore-berlin.de\/wp-content\/uploads\/Untitled-design-6-819x1024.png\" alt=\"\" class=\"wp-image-4314\" srcset=\"https:\/\/xplore-berlin.de\/wp-content\/uploads\/Untitled-design-6-819x1024.png 819w, https:\/\/xplore-berlin.de\/wp-content\/uploads\/Untitled-design-6-240x300.png 240w, https:\/\/xplore-berlin.de\/wp-content\/uploads\/Untitled-design-6-768x960.png 768w, https:\/\/xplore-berlin.de\/wp-content\/uploads\/Untitled-design-6-10x12.png 10w, https:\/\/xplore-berlin.de\/wp-content\/uploads\/Untitled-design-6.png 1080w\" sizes=\"(max-width: 819px) 100vw, 819px\" \/><\/figure>\n\n\n\n<div style=\"height:20px\" aria-hidden=\"true\" class=\"wp-block-spacer\"><\/div>\n\n\n\n<p>Es ist anstrengend, eine Person zu sein und anderen in ihrer Ganzheitlichkeit gerecht zu werden. Warum also nicht Schritt f\u00fcr Schritt das Ganze in seine Einzelteile zerlegen und sich den Fragmenten zuwenden, aus denen wir gemacht sind? Das ist viel einfacher! Hier kannst du fasziniert sein von Details und musst nicht mehr dich selbst finden oder verwirklichen oder du selbst sein.<\/p>\n\n\n\n<p>Zwei Kr\u00e4fte interessieren uns: 1.) der Schlummer, 2.) die Nerdigkeit. Es wird Zeiten tiefer Ruhe und ver\u00e4nderter Bewusstseinszust\u00e4nde geben, aus denen trancige oder herrlich unambitionierte Interaktionen entstehen k\u00f6nnen. Zu anderen Zeiten werden wir pr\u00e4zise sein wie Wissenschaftler\"innen, Bastler*innen oder Fetischist*innen.<\/p>\n\n\n\n<p>Was genau k\u00f6nnte passieren?<br>Vielleicht ist es stockfinster, und eine einzelne Taschenlampe beleuchtet blo\u00df den Mund einer Person in Ekstase, w\u00e4hrend wir alle zusehen.\nVielleicht liegen K\u00f6rper schwer auf dem Boden, die Arme ausgestreckt, und greifen nach den Vorbeigehenden. Vielleicht wanderst du hindurch und l\u00e4sst deine Kleidung von ihnen langsam - wie an Wiederhaken h\u00e4ngen bleibend - vom Leib rei\u00dfen. Vielleicht singen wir Gutenachtlieder und wiegen uns in den Schlaf. Vielleicht reflektieren wir unser Bed\u00fcrfnis nach immer mehr Stimulation. Vielleicht gibt es Bananenkisten, die zu Glory Holes f\u00fcr jedes Geschlecht und jedes Genital umfunktioniert wurden (was genau ist eigentlich ein Genital?). Vielleicht gibt es Gefl\u00fcster. Vielleicht gibt es Pornosexualit\u00e4t. Vielleicht gibt es vervielfachte Gliedma\u00dfen. Was auch immer geschieht \u2013 vertr\u00e4umt soll es werden oder fiebrig. Und Sexualit\u00e4t soll als etwas erfahrbar werden, das sich wenig um unsere Pers\u00f6nlichkeit schert.<\/p>\n\n\n\n<p>Au\u00dferdem wird eine Paartherapeutin vor Ort sein, um in ruhigen Gespr\u00e4chen das Thema Eifersucht aufzugreifen.<\/p>\n\n\n\n<p>Was dich erwartet:<br>\u2022 somatische Neugier<br>\u2022 Massagen, die sich einzelnen K\u00f6rperteilen widmen<br>\u2022 spielerische Erkundungen von K\u00f6rperempfindungen<br>\u2022 Kartonarchitekturen und seltsame Werkzeuge<br>\u2022 die angenehme Unsch\u00e4rfe einer LSD- oder Ketamin-artigen D\u00e4mmerstimmung<br>\u2022 lustige, unheimliche, leicht albtraumhafte Intimit\u00e4t<\/p>\n\n\n\n<div style=\"height:20px\" aria-hidden=\"true\" class=\"wp-block-spacer\"><\/div>\n\n\n\n<figure class=\"wp-block-image size-large\"><img width=\"1024\" height=\"683\" src=\"https:\/\/xplore-berlin.de\/wp-content\/uploads\/7D3BC3B5-191A-4DE9-A443-11FD35BF1B50_1_105_c-1024x683.jpeg\" alt=\"\" class=\"wp-image-4318\" srcset=\"https:\/\/xplore-berlin.de\/wp-content\/uploads\/7D3BC3B5-191A-4DE9-A443-11FD35BF1B50_1_105_c-1024x683.jpeg 1024w, https:\/\/xplore-berlin.de\/wp-content\/uploads\/7D3BC3B5-191A-4DE9-A443-11FD35BF1B50_1_105_c-300x200.jpeg 300w, https:\/\/xplore-berlin.de\/wp-content\/uploads\/7D3BC3B5-191A-4DE9-A443-11FD35BF1B50_1_105_c-768x512.jpeg 768w, https:\/\/xplore-berlin.de\/wp-content\/uploads\/7D3BC3B5-191A-4DE9-A443-11FD35BF1B50_1_105_c-18x12.jpeg 18w, https:\/\/xplore-berlin.de\/wp-content\/uploads\/7D3BC3B5-191A-4DE9-A443-11FD35BF1B50_1_105_c.jpeg 1086w\" sizes=\"(max-width: 1024px) 100vw, 1024px\" \/><\/figure>\n\n\n\n<div style=\"height:20px\" aria-hidden=\"true\" class=\"wp-block-spacer\"><\/div>\n\n\n\n<div class=\"ghostkit-divider ghostkit-divider-type-solid ghostkit-custom-1xxT7H\"><\/div>\n\n\n\n<div style=\"height:20px\" aria-hidden=\"true\" class=\"wp-block-spacer\"><\/div>\n\n\n\n<figure class=\"wp-block-image alignleft size-full is-resized ghostkit-custom-1CMHQT\"><img src=\"https:\/\/xplore-berlin.de\/wp-content\/uploads\/Selection_084-2.png\" alt=\"\" class=\"wp-image-4307\" width=\"300\" height=\"300\" srcset=\"https:\/\/xplore-berlin.de\/wp-content\/uploads\/Selection_084-2.png 803w, https:\/\/xplore-berlin.de\/wp-content\/uploads\/Selection_084-2-300x300.png 300w, https:\/\/xplore-berlin.de\/wp-content\/uploads\/Selection_084-2-150x150.png 150w, https:\/\/xplore-berlin.de\/wp-content\/uploads\/Selection_084-2-768x769.png 768w, https:\/\/xplore-berlin.de\/wp-content\/uploads\/Selection_084-2-12x12.png 12w\" sizes=\"(max-width: 300px) 100vw, 300px\" \/><\/figure>\n\n\n\n<p><strong>Beata<\/strong> und <strong>Rebecca<\/strong> lesen B\u00fccher, scrollen durch Instagram, h\u00f6ren Podcasts, sprechen miteinander und mit anderen, nehmen Substanzen, machen Atem\u00fcbungen, schreiben ihre Tr\u00e4ume auf, h\u00f6ren Musik, gehen tanzen, gehen shoppen. Sie haben etwas mit Kunst und Literatur und Sexualit\u00e4t und Geschichte studiert, massieren Menschen, lassen sich massieren, schlagen Menschen, werden geschlagen, fesseln Menschen, wurden gefesselt. Sie machen Qi-Gong, Yoga, Therapie, gehen ins Fitnessstudio, gehen ins Kino, gehen schwimmen, schauen Nachrichten, schreiben B\u00fccher, geben Kurse, leiten Workshops, beraten und coachen Menschen, gehen zu Demos und ber\u00fchren gelegentlich etwas Gras.<\/p>\n\n\n\n<div style=\"height:50px\" aria-hidden=\"true\" class=\"wp-block-spacer\"><\/div>","protected":false},"excerpt":{"rendered":"<p>Beata Absalon (Berlin), Rebecca Frances (Berlin) Playing Times: Friday 11:00 \u2013 21:00 \/ Saturday 11:00 \u2013 21:00 Location: Studio (Kachelhaus, upper floor) It&#8217;s exhausting to be a person and to deal with other people as a whole. So let&#8217;s break it down and focus on the fragments that make us up and make up us. &hellip;<\/p>\n<p class=\"read-more\"> <a class=\"\" href=\"https:\/\/xplore-berlin.de\/de\/liminal-millenials\/\"> <span class=\"screen-reader-text\">LIMINAL MILLENIALS<\/span> Weiterlesen \u00bb<\/a><\/p>","protected":false},"author":13,"featured_media":0,"parent":0,"menu_order":0,"comment_status":"closed","ping_status":"closed","template":"","meta":{"_uag_custom_page_level_css":"","ghostkit_customizer_options":"","ghostkit_custom_css":"","ghostkit_custom_js_head":"","ghostkit_custom_js_foot":"","ghostkit_typography":"","site-sidebar-layout":"default","site-content-layout":"default","ast-global-header-display":"","ast-main-header-display":"","ast-hfb-above-header-display":"","ast-hfb-below-header-display":"","ast-hfb-mobile-header-display":"","site-post-title":"","ast-breadcrumbs-content":"","ast-featured-img":"","footer-sml-layout":"","theme-transparent-header-meta":"","adv-header-id-meta":"","stick-header-meta":"","header-above-stick-meta":"","header-main-stick-meta":"","header-below-stick-meta":""},"uagb_featured_image_src":{"full":false,"thumbnail":false,"medium":false,"medium_large":false,"large":false,"1536x1536":false,"2048x2048":false,"trp-custom-language-flag":false},"uagb_author_info":{"display_name":"anna","author_link":"https:\/\/xplore-berlin.de\/de\/author\/anna\/"},"uagb_comment_info":0,"uagb_excerpt":"Beata Absalon (Berlin), Rebecca Frances (Berlin) Playing Times: Friday 11:00 \u2013 21:00 \/ Saturday 11:00 \u2013 21:00 Location: Studio (Kachelhaus, upper floor) It&#8217;s exhausting to be a person and to deal with other people as a whole. So let&#8217;s break it down and focus on the fragments that make us up and make up us.&hellip;","_links":{"self":[{"href":"https:\/\/xplore-berlin.de\/de\/wp-json\/wp\/v2\/pages\/4306"}],"collection":[{"href":"https:\/\/xplore-berlin.de\/de\/wp-json\/wp\/v2\/pages"}],"about":[{"href":"https:\/\/xplore-berlin.de\/de\/wp-json\/wp\/v2\/types\/page"}],"author":[{"embeddable":true,"href":"https:\/\/xplore-berlin.de\/de\/wp-json\/wp\/v2\/users\/13"}],"replies":[{"embeddable":true,"href":"https:\/\/xplore-berlin.de\/de\/wp-json\/wp\/v2\/comments?post=4306"}],"version-history":[{"count":7,"href":"https:\/\/xplore-berlin.de\/de\/wp-json\/wp\/v2\/pages\/4306\/revisions"}],"predecessor-version":[{"id":4383,"href":"https:\/\/xplore-berlin.de\/de\/wp-json\/wp\/v2\/pages\/4306\/revisions\/4383"}],"wp:attachment":[{"href":"https:\/\/xplore-berlin.de\/de\/wp-json\/wp\/v2\/media?parent=4306"}],"curies":[{"name":"wp","href":"https:\/\/api.w.org\/{rel}","templated":true}]}}