{"id":4335,"date":"2026-03-17T13:59:43","date_gmt":"2026-03-17T12:59:43","guid":{"rendered":"https:\/\/xplore-berlin.de\/?page_id=4335"},"modified":"2026-03-24T09:36:21","modified_gmt":"2026-03-24T08:36:21","slug":"massage-and-bodywork-and-shibari-lounge","status":"publish","type":"page","link":"https:\/\/xplore-berlin.de\/de\/massage-and-bodywork-and-shibari-lounge\/","title":{"rendered":"MASSAGE- UND K\u00d6RPERARBEITS-LOUNGE \/ SHIBARI-LOUNGE"},"content":{"rendered":"<h3 id=\"shadow-antwerpen-lorenzo-colucci-copenhagen-arlis-berlin-hagen-berlin-seilartig-berlin-frl-lilly-berlin\">Shadow (Antwerpen), Lorenzo Colucci (Copenhagen), Arlis (Berlin), Hagen (Berlin), Seilartig (Berlin), Frl Lilly (Berlin)<\/h3>\n\n\n\n<div class=\"ghostkit-divider ghostkit-divider-type-solid ghostkit-custom-2oevMV\"><\/div>\n\n\n\n<div style=\"height:20px\" aria-hidden=\"true\" class=\"wp-block-spacer\"><\/div>\n\n\n\n<h4 id=\"opening-times-friday-11-00-21-00-saturday-11-00-21-00location-kachelhalle\">Spielzeiten: Freitag 11:00 \u2013 21:00 \/ Samstag 11:00 \u2013 21:00<\/h4>\n\n\n\n<h4 id=\"opening-times-friday-11-00-21-00-saturday-11-00-21-00location-kachelhalle\">Ort: Au\u00dfenbereich<\/h4>\n\n\n\n<div style=\"height:20px\" aria-hidden=\"true\" class=\"wp-block-spacer\"><\/div>\n\n\n\n<div class=\"ghostkit-divider ghostkit-divider-type-solid ghostkit-custom-Z21a7yn\"><\/div>\n\n\n\n<div style=\"height:20px\" aria-hidden=\"true\" class=\"wp-block-spacer\"><\/div>\n\n\n\n<figure class=\"wp-block-image aligncenter size-large\"><img width=\"1024\" height=\"683\" src=\"https:\/\/xplore-berlin.de\/wp-content\/uploads\/B07B002D-A132-4CA3-8F35-F5EEA2D6C2F9_1_105_c-1024x683.jpeg\" alt=\"\" class=\"wp-image-4337\" srcset=\"https:\/\/xplore-berlin.de\/wp-content\/uploads\/B07B002D-A132-4CA3-8F35-F5EEA2D6C2F9_1_105_c-1024x683.jpeg 1024w, https:\/\/xplore-berlin.de\/wp-content\/uploads\/B07B002D-A132-4CA3-8F35-F5EEA2D6C2F9_1_105_c-300x200.jpeg 300w, https:\/\/xplore-berlin.de\/wp-content\/uploads\/B07B002D-A132-4CA3-8F35-F5EEA2D6C2F9_1_105_c-768x512.jpeg 768w, https:\/\/xplore-berlin.de\/wp-content\/uploads\/B07B002D-A132-4CA3-8F35-F5EEA2D6C2F9_1_105_c-18x12.jpeg 18w, https:\/\/xplore-berlin.de\/wp-content\/uploads\/B07B002D-A132-4CA3-8F35-F5EEA2D6C2F9_1_105_c.jpeg 1086w\" sizes=\"(max-width: 1024px) 100vw, 1024px\" \/><\/figure>\n\n\n\n<div style=\"height:20px\" aria-hidden=\"true\" class=\"wp-block-spacer\"><\/div>\n\n\n\n<h3 id=\"massage-and-bodywork-lounge\">MASSAGE- UND K\u00d6RPERARBEITS-LOUNGE<\/h3>\n\n\n\n<p>Dies ist ein Raum, der f\u00fcr K\u00f6rperarbeit, Seilbondage und alle Arten von Massagen ausgestattet ist. xplore-G\u00e4ste sind eingeladen, zu einem Treffpunkt zu kommen und alle m\u00f6glichen Formen von Behandlungen zu tauschen - von akademisch\/professionell bis hin zu improvisiert\/intuitiv, unterst\u00fctzt von einer Gruppe von Expert*innen. Ein Ort f\u00fcr sanfte Aktivit\u00e4ten und Entspannung, begleitet von elektronischer Musik und Fl\u00f6tenspiel.<\/p>\n\n\n\n<div style=\"height:20px\" aria-hidden=\"true\" class=\"wp-block-spacer\"><\/div>\n\n\n\n<figure class=\"wp-block-image aligncenter size-large\"><img width=\"1024\" height=\"683\" src=\"https:\/\/xplore-berlin.de\/wp-content\/uploads\/357EC021-8979-4416-9C68-7D12F135E36B_1_105_c-1-1024x683.jpeg\" alt=\"\" class=\"wp-image-4338\" srcset=\"https:\/\/xplore-berlin.de\/wp-content\/uploads\/357EC021-8979-4416-9C68-7D12F135E36B_1_105_c-1-1024x683.jpeg 1024w, https:\/\/xplore-berlin.de\/wp-content\/uploads\/357EC021-8979-4416-9C68-7D12F135E36B_1_105_c-1-300x200.jpeg 300w, https:\/\/xplore-berlin.de\/wp-content\/uploads\/357EC021-8979-4416-9C68-7D12F135E36B_1_105_c-1-768x512.jpeg 768w, https:\/\/xplore-berlin.de\/wp-content\/uploads\/357EC021-8979-4416-9C68-7D12F135E36B_1_105_c-1-18x12.jpeg 18w, https:\/\/xplore-berlin.de\/wp-content\/uploads\/357EC021-8979-4416-9C68-7D12F135E36B_1_105_c-1.jpeg 1086w\" sizes=\"(max-width: 1024px) 100vw, 1024px\" \/><\/figure>\n\n\n\n<div style=\"height:20px\" aria-hidden=\"true\" class=\"wp-block-spacer\"><\/div>\n\n\n\n<h3 id=\"shibari-lounge\">SHIBARI-LOUNGE<\/h3>\n\n\n\n<p>In der xplore K\u00f6rperarbeitsb\u00f6rse ist ein permanenter Ort eingerichtet, an dem Teilnehmer*innen ihre (ersten) Erfahrungen im Seil mit den Trainerinnen und Trainern des Osada Kinbaku e.V. machen k\u00f6nnen, der seit den Anf\u00e4ngen der xplore ein fester Bestandteil des Festivals ist.<\/p>\n\n\n\n<p>Wie sich die Session gestaltet, h\u00e4ngt von Deinen W\u00fcnschen und Vorstellungen ab. Ob am Boden oder in der Luft, das Spiel mit N\u00e4he und Distanz, Schmerz und Lust oder einfach eine technische Fesselung; Du kannst erleben, wie sich Seil an Deinem K\u00f6rper anf\u00fchlt und was es mit Dir macht. Ihr k\u00f6nnt die Trainer und Trainerinnen ansprechen, wenn sie gerade nicht fesseln und nach einem kurzen kl\u00e4renden Einweisungsgespr\u00e4ch kann es meist schon losgehen.<\/p>\n\n\n\n<p>Die Shibari Lounge l\u00e4dt ebenso diejenigen ein, die einen ruhigeren Ort zum Verweilen suchen, zusehen und die Eindr\u00fccke auf sich wirken lassen wollen.<\/p>\n\n\n\n<div style=\"height:20px\" aria-hidden=\"true\" class=\"wp-block-spacer\"><\/div>\n\n\n\n<figure class=\"wp-block-image size-large\"><img width=\"1024\" height=\"683\" src=\"https:\/\/xplore-berlin.de\/wp-content\/uploads\/175E2773-BFA5-418C-A45D-301147833ADB_1_105_c-1024x683.jpeg\" alt=\"\" class=\"wp-image-4336\" srcset=\"https:\/\/xplore-berlin.de\/wp-content\/uploads\/175E2773-BFA5-418C-A45D-301147833ADB_1_105_c-1024x683.jpeg 1024w, https:\/\/xplore-berlin.de\/wp-content\/uploads\/175E2773-BFA5-418C-A45D-301147833ADB_1_105_c-300x200.jpeg 300w, https:\/\/xplore-berlin.de\/wp-content\/uploads\/175E2773-BFA5-418C-A45D-301147833ADB_1_105_c-768x512.jpeg 768w, https:\/\/xplore-berlin.de\/wp-content\/uploads\/175E2773-BFA5-418C-A45D-301147833ADB_1_105_c-18x12.jpeg 18w, https:\/\/xplore-berlin.de\/wp-content\/uploads\/175E2773-BFA5-418C-A45D-301147833ADB_1_105_c.jpeg 1086w\" sizes=\"(max-width: 1024px) 100vw, 1024px\" \/><\/figure>\n\n\n\n<div style=\"height:20px\" aria-hidden=\"true\" class=\"wp-block-spacer\"><\/div>\n\n\n\n<div class=\"ghostkit-divider ghostkit-divider-type-solid ghostkit-custom-24lff0\"><\/div>\n\n\n\n<div style=\"height:50px\" aria-hidden=\"true\" class=\"wp-block-spacer\"><\/div>","protected":false},"excerpt":{"rendered":"<p>Shadow (Antwerpen), Lorenzo Colucci (Copenhagen), Arlis (Berlin), Hagen (Berlin), Seilartig (Berlin), Frl Lilly (Berlin) Playing Times: Friday 11:00 \u2013 21:00 \/ Saturday 11:00 \u2013 21:00 Location: Outdoor Area MASSAGE AND BODYWORK LOUNGE This is a space equipped for bodywork, rope bondage and all kinds of massages. Xplore guests are invited to come to a meeting &hellip;<\/p>\n<p class=\"read-more\"> <a class=\"\" href=\"https:\/\/xplore-berlin.de\/de\/massage-and-bodywork-and-shibari-lounge\/\"> <span class=\"screen-reader-text\">MASSAGE- UND K\u00d6RPERARBEITS-LOUNGE \/ SHIBARI-LOUNGE<\/span> Weiterlesen \u00bb<\/a><\/p>","protected":false},"author":13,"featured_media":0,"parent":0,"menu_order":0,"comment_status":"closed","ping_status":"closed","template":"","meta":{"_uag_custom_page_level_css":"","ghostkit_customizer_options":"","ghostkit_custom_css":"","ghostkit_custom_js_head":"","ghostkit_custom_js_foot":"","ghostkit_typography":"","site-sidebar-layout":"default","site-content-layout":"default","ast-global-header-display":"","ast-main-header-display":"","ast-hfb-above-header-display":"","ast-hfb-below-header-display":"","ast-hfb-mobile-header-display":"","site-post-title":"","ast-breadcrumbs-content":"","ast-featured-img":"","footer-sml-layout":"","theme-transparent-header-meta":"","adv-header-id-meta":"","stick-header-meta":"","header-above-stick-meta":"","header-main-stick-meta":"","header-below-stick-meta":""},"uagb_featured_image_src":{"full":false,"thumbnail":false,"medium":false,"medium_large":false,"large":false,"1536x1536":false,"2048x2048":false,"trp-custom-language-flag":false},"uagb_author_info":{"display_name":"anna","author_link":"https:\/\/xplore-berlin.de\/de\/author\/anna\/"},"uagb_comment_info":0,"uagb_excerpt":"Shadow (Antwerpen), Lorenzo Colucci (Copenhagen), Arlis (Berlin), Hagen (Berlin), Seilartig (Berlin), Frl Lilly (Berlin) Playing Times: Friday 11:00 \u2013 21:00 \/ Saturday 11:00 \u2013 21:00 Location: Outdoor Area MASSAGE AND BODYWORK LOUNGE This is a space equipped for bodywork, rope bondage and all kinds of massages. Xplore guests are invited to come to a meeting&hellip;","_links":{"self":[{"href":"https:\/\/xplore-berlin.de\/de\/wp-json\/wp\/v2\/pages\/4335"}],"collection":[{"href":"https:\/\/xplore-berlin.de\/de\/wp-json\/wp\/v2\/pages"}],"about":[{"href":"https:\/\/xplore-berlin.de\/de\/wp-json\/wp\/v2\/types\/page"}],"author":[{"embeddable":true,"href":"https:\/\/xplore-berlin.de\/de\/wp-json\/wp\/v2\/users\/13"}],"replies":[{"embeddable":true,"href":"https:\/\/xplore-berlin.de\/de\/wp-json\/wp\/v2\/comments?post=4335"}],"version-history":[{"count":4,"href":"https:\/\/xplore-berlin.de\/de\/wp-json\/wp\/v2\/pages\/4335\/revisions"}],"predecessor-version":[{"id":4366,"href":"https:\/\/xplore-berlin.de\/de\/wp-json\/wp\/v2\/pages\/4335\/revisions\/4366"}],"wp:attachment":[{"href":"https:\/\/xplore-berlin.de\/de\/wp-json\/wp\/v2\/media?parent=4335"}],"curies":[{"name":"wp","href":"https:\/\/api.w.org\/{rel}","templated":true}]}}