{"id":4342,"date":"2026-03-18T02:30:39","date_gmt":"2026-03-18T01:30:39","guid":{"rendered":"https:\/\/xplore-berlin.de\/?page_id=4342"},"modified":"2026-03-31T12:30:27","modified_gmt":"2026-03-31T10:30:27","slug":"the-silent-space","status":"publish","type":"page","link":"https:\/\/xplore-berlin.de\/de\/the-silent-space\/","title":{"rendered":"DER STILLE RAUM"},"content":{"rendered":"<h3 id=\"yuva-jurgen-grozinger-berlin-anna-clementi-berlin\">Yuva J\u00fcrgen Gr\u00f6zinger (Berlin), Anna Clementi (Berlin)<\/h3>\n\n\n\n<div class=\"ghostkit-divider ghostkit-divider-type-solid ghostkit-custom-2bNCsC\"><\/div>\n\n\n\n<div style=\"height:20px\" aria-hidden=\"true\" class=\"wp-block-spacer\"><\/div>\n\n\n\n<h4 id=\"playing-times-friday-11-00-21-00location-speicher-attic\">Spielzeiten: Samstag 13:00 \u2013 21:00 \/ Sonntag 13:00 \u2013 21:00<\/h4>\n\n\n\n<h4 id=\"playing-times-friday-11-00-21-00location-speicher-attic\">Ort: Speicher (Kachelhaus, Dachboden)<\/h4>\n\n\n\n<div style=\"height:20px\" aria-hidden=\"true\" class=\"wp-block-spacer\"><\/div>\n\n\n\n<div class=\"ghostkit-divider ghostkit-divider-type-solid ghostkit-custom-Z1r2Hgo\"><\/div>\n\n\n\n<div style=\"height:20px\" aria-hidden=\"true\" class=\"wp-block-spacer\"><\/div>\n\n\n\n<figure class=\"wp-block-image aligncenter size-large\"><img width=\"1024\" height=\"683\" src=\"https:\/\/xplore-berlin.de\/wp-content\/uploads\/CDA41635-C79D-4CAA-93ED-9EA734E83462_1_105_c-1024x683.jpeg\" alt=\"\" class=\"wp-image-4345\" srcset=\"https:\/\/xplore-berlin.de\/wp-content\/uploads\/CDA41635-C79D-4CAA-93ED-9EA734E83462_1_105_c-1024x683.jpeg 1024w, https:\/\/xplore-berlin.de\/wp-content\/uploads\/CDA41635-C79D-4CAA-93ED-9EA734E83462_1_105_c-300x200.jpeg 300w, https:\/\/xplore-berlin.de\/wp-content\/uploads\/CDA41635-C79D-4CAA-93ED-9EA734E83462_1_105_c-768x512.jpeg 768w, https:\/\/xplore-berlin.de\/wp-content\/uploads\/CDA41635-C79D-4CAA-93ED-9EA734E83462_1_105_c-18x12.jpeg 18w, https:\/\/xplore-berlin.de\/wp-content\/uploads\/CDA41635-C79D-4CAA-93ED-9EA734E83462_1_105_c.jpeg 1086w\" sizes=\"(max-width: 1024px) 100vw, 1024px\" \/><\/figure>\n\n\n\n<div style=\"height:20px\" aria-hidden=\"true\" class=\"wp-block-spacer\"><\/div>\n\n\n\n<h3 id=\"concert-playground\">KONZERT &amp; SPIELWIESE<\/h3>\n\n\n\n<p>Im Silent Space schaffen Licht, Klang und Stille eine konzentrierte Atmosph\u00e4re f\u00fcr individuelle Prozesse, gemeinsame Aktionen und tiefes Spiel. Drei herausragende Musiker sorgen f\u00fcr Tempo, Rhythmus und Farbe in einer sich st\u00e4ndig ver\u00e4ndernden Zelebration.<\/p>\n\n\n\n<div style=\"height:20px\" aria-hidden=\"true\" class=\"wp-block-spacer\"><\/div>\n\n\n\n<figure class=\"wp-block-image aligncenter size-large\"><img width=\"1024\" height=\"683\" src=\"https:\/\/xplore-berlin.de\/wp-content\/uploads\/59239DFE-6857-4A37-88D4-ECFA784A6221_1_105_c-1024x683.jpeg\" alt=\"\" class=\"wp-image-4344\" srcset=\"https:\/\/xplore-berlin.de\/wp-content\/uploads\/59239DFE-6857-4A37-88D4-ECFA784A6221_1_105_c-1024x683.jpeg 1024w, https:\/\/xplore-berlin.de\/wp-content\/uploads\/59239DFE-6857-4A37-88D4-ECFA784A6221_1_105_c-300x200.jpeg 300w, https:\/\/xplore-berlin.de\/wp-content\/uploads\/59239DFE-6857-4A37-88D4-ECFA784A6221_1_105_c-768x512.jpeg 768w, https:\/\/xplore-berlin.de\/wp-content\/uploads\/59239DFE-6857-4A37-88D4-ECFA784A6221_1_105_c-18x12.jpeg 18w, https:\/\/xplore-berlin.de\/wp-content\/uploads\/59239DFE-6857-4A37-88D4-ECFA784A6221_1_105_c.jpeg 1086w\" sizes=\"(max-width: 1024px) 100vw, 1024px\" \/><\/figure>\n\n\n\n<div style=\"height:20px\" aria-hidden=\"true\" class=\"wp-block-spacer\"><\/div>\n\n\n\n<p><strong>HINWEIS<\/strong>: Dies ist ein stiller Raum. Kein verbaler Ausdruck, Kommunikation nur durch kleine Notizen und Nachrichten. Um die besondere Atmosph\u00e4re zu unterstreichen, ist eine gewisse Verkleidung (wei\u00dfe Kleidung) erw\u00fcnscht.<\/p>\n\n\n\n<div style=\"height:20px\" aria-hidden=\"true\" class=\"wp-block-spacer\"><\/div>\n\n\n\n<figure class=\"wp-block-image aligncenter size-large\"><img width=\"1024\" height=\"683\" src=\"https:\/\/xplore-berlin.de\/wp-content\/uploads\/9FC7B8B9-E704-4E58-A89F-E9FBC8580238_1_105_c-1024x683.jpeg\" alt=\"\" class=\"wp-image-4343\" srcset=\"https:\/\/xplore-berlin.de\/wp-content\/uploads\/9FC7B8B9-E704-4E58-A89F-E9FBC8580238_1_105_c-1024x683.jpeg 1024w, https:\/\/xplore-berlin.de\/wp-content\/uploads\/9FC7B8B9-E704-4E58-A89F-E9FBC8580238_1_105_c-300x200.jpeg 300w, https:\/\/xplore-berlin.de\/wp-content\/uploads\/9FC7B8B9-E704-4E58-A89F-E9FBC8580238_1_105_c-768x512.jpeg 768w, https:\/\/xplore-berlin.de\/wp-content\/uploads\/9FC7B8B9-E704-4E58-A89F-E9FBC8580238_1_105_c-18x12.jpeg 18w, https:\/\/xplore-berlin.de\/wp-content\/uploads\/9FC7B8B9-E704-4E58-A89F-E9FBC8580238_1_105_c.jpeg 1086w\" sizes=\"(max-width: 1024px) 100vw, 1024px\" \/><\/figure>\n\n\n\n<div style=\"height:20px\" aria-hidden=\"true\" class=\"wp-block-spacer\"><\/div>\n\n\n\n<div class=\"ghostkit-divider ghostkit-divider-type-solid ghostkit-custom-Z1B3kkX\"><\/div>\n\n\n\n<div style=\"height:50px\" aria-hidden=\"true\" class=\"wp-block-spacer\"><\/div>","protected":false},"excerpt":{"rendered":"<p>Yuva J\u00fcrgen Gr\u00f6zinger (Berlin), Anna Clementi (Berlin) Playing Times: Saturday 13:00 \u2013 21:00 \/ Sunday 13:00 \u2013 21:00 Location: Speicher (Kachelhaus, attic) CONCERT &amp; PLAYGROUND In the Silent Space light, sound and silence create a concentrated atmosphere for individual processes, collective actions and deep play. Three exceptional musicians provide tempo, rhythm and color for an &hellip;<\/p>\n<p class=\"read-more\"> <a class=\"\" href=\"https:\/\/xplore-berlin.de\/de\/the-silent-space\/\"> <span class=\"screen-reader-text\">DER STILLE RAUM<\/span> Weiterlesen \u00bb<\/a><\/p>","protected":false},"author":13,"featured_media":0,"parent":0,"menu_order":0,"comment_status":"closed","ping_status":"closed","template":"","meta":{"_uag_custom_page_level_css":"","ghostkit_customizer_options":"","ghostkit_custom_css":"","ghostkit_custom_js_head":"","ghostkit_custom_js_foot":"","ghostkit_typography":"","site-sidebar-layout":"default","site-content-layout":"default","ast-global-header-display":"","ast-main-header-display":"","ast-hfb-above-header-display":"","ast-hfb-below-header-display":"","ast-hfb-mobile-header-display":"","site-post-title":"","ast-breadcrumbs-content":"","ast-featured-img":"","footer-sml-layout":"","theme-transparent-header-meta":"","adv-header-id-meta":"","stick-header-meta":"","header-above-stick-meta":"","header-main-stick-meta":"","header-below-stick-meta":""},"uagb_featured_image_src":{"full":false,"thumbnail":false,"medium":false,"medium_large":false,"large":false,"1536x1536":false,"2048x2048":false,"trp-custom-language-flag":false},"uagb_author_info":{"display_name":"anna","author_link":"https:\/\/xplore-berlin.de\/de\/author\/anna\/"},"uagb_comment_info":0,"uagb_excerpt":"Yuva J\u00fcrgen Gr\u00f6zinger (Berlin), Anna Clementi (Berlin) Playing Times: Saturday 13:00 \u2013 21:00 \/ Sunday 13:00 \u2013 21:00 Location: Speicher (Kachelhaus, attic) CONCERT &amp; PLAYGROUND In the Silent Space light, sound and silence create a concentrated atmosphere for individual processes, collective actions and deep play. Three exceptional musicians provide tempo, rhythm and color for an&hellip;","_links":{"self":[{"href":"https:\/\/xplore-berlin.de\/de\/wp-json\/wp\/v2\/pages\/4342"}],"collection":[{"href":"https:\/\/xplore-berlin.de\/de\/wp-json\/wp\/v2\/pages"}],"about":[{"href":"https:\/\/xplore-berlin.de\/de\/wp-json\/wp\/v2\/types\/page"}],"author":[{"embeddable":true,"href":"https:\/\/xplore-berlin.de\/de\/wp-json\/wp\/v2\/users\/13"}],"replies":[{"embeddable":true,"href":"https:\/\/xplore-berlin.de\/de\/wp-json\/wp\/v2\/comments?post=4342"}],"version-history":[{"count":5,"href":"https:\/\/xplore-berlin.de\/de\/wp-json\/wp\/v2\/pages\/4342\/revisions"}],"predecessor-version":[{"id":4405,"href":"https:\/\/xplore-berlin.de\/de\/wp-json\/wp\/v2\/pages\/4342\/revisions\/4405"}],"wp:attachment":[{"href":"https:\/\/xplore-berlin.de\/de\/wp-json\/wp\/v2\/media?parent=4342"}],"curies":[{"name":"wp","href":"https:\/\/api.w.org\/{rel}","templated":true}]}}