{"id":7,"date":"2018-11-16T19:30:55","date_gmt":"2018-11-16T18:30:55","guid":{"rendered":"https:\/\/xplore-berlin.de\/?page_id=7"},"modified":"2026-02-03T13:05:16","modified_gmt":"2026-02-03T12:05:16","slug":"tickets","status":"publish","type":"page","link":"https:\/\/xplore-berlin.de\/de\/tickets\/","title":{"rendered":"Tickets"},"content":{"rendered":"<div style=\"height:50px\" aria-hidden=\"true\" class=\"wp-block-spacer\"><\/div>\n\n\n\n<div class=\"ghostkit-divider ghostkit-divider-type-solid ghostkit-custom-1Xw9XE\"><\/div>\n\n\n\n<h2 id=\"please-register-with-jana-via-email-jana-felixruckert-gmx-de\">Bitte melde Dich bei Jana per E-Mail an: <strong>jana.felixruckert@gmx.de<\/strong><\/h2>\n\n\n\n<div class=\"ghostkit-divider ghostkit-divider-type-solid ghostkit-custom-20QorY\"><\/div>\n\n\n\n<div style=\"height:20px\" aria-hidden=\"true\" class=\"wp-block-spacer\"><\/div>\n\n\n\n<h3 id=\"ticket-categories-2026\"><strong>Ticketkategorien 2026:<\/strong><\/h3>\n\n\n\n<p><strong>Unterst\u00fctzer:<\/strong> 325,00 \u20ac<br><strong>normal:<\/strong> 300,00 \u20ac<br><strong>niedriges Einkommen: <\/strong>275,00 \u20ac<\/p>\n\n\n\n<div style=\"height:20px\" aria-hidden=\"true\" class=\"wp-block-spacer\"><\/div>\n\n\n\n<div class=\"ghostkit-divider ghostkit-divider-type-solid ghostkit-custom-NPawR\"><\/div>\n\n\n\n<h3 id=\"notes\"><strong>Anmerkungen:<\/strong><\/h3>\n\n\n\n<p><strong>Unterst\u00fctzer:<\/strong> Mit dem Kauf eines Unterst\u00fctzer-Tickets unterst\u00fctzt du den Verein und die M\u00f6glichkeit, Tickets f\u00fcr Geringverdiener anzubieten.<br><strong>niedriges Einkommen:<\/strong> Diese Kategorie gilt f\u00fcr Studierende, Arbeitslose, Sozialhilfe-\/Hartz4-Beziehende. Bitte sende einen entsprechenden Nachweis bei der Anmeldung mit.<\/p>\n\n\n\n<div style=\"height:30px\" aria-hidden=\"true\" class=\"wp-block-spacer\"><\/div>\n\n\n\n<div style=\"height:20px\" aria-hidden=\"true\" class=\"wp-block-spacer\"><\/div>\n\n\n\n<div style=\"height:20px\" aria-hidden=\"true\" class=\"wp-block-spacer\"><\/div>","protected":false},"excerpt":{"rendered":"<p>Please register with Jana via email: jana.felixruckert@gmx.de Ticket categories 2026: supporter: 325,00 \u20acnormal: 300,00 \u20aclow income: 275,00 \u20ac Notes: supporter: With the purchase of a supporter ticket you support the association and the possibility to offer low income tickets.low income: This category is valid for students, unemployed people, people living on social welfare\/Hartz4. Please send &hellip;<\/p>\n<p class=\"read-more\"> <a class=\"\" href=\"https:\/\/xplore-berlin.de\/de\/tickets\/\"> <span class=\"screen-reader-text\">Tickets<\/span> Weiterlesen \u00bb<\/a><\/p>","protected":false},"author":1,"featured_media":0,"parent":0,"menu_order":0,"comment_status":"closed","ping_status":"closed","template":"","meta":{"_uag_custom_page_level_css":"","ghostkit_customizer_options":"","ghostkit_custom_css":"","ghostkit_custom_js_head":"","ghostkit_custom_js_foot":"","ghostkit_typography":"","site-sidebar-layout":"no-sidebar","site-content-layout":"boxed-container","ast-global-header-display":"","ast-main-header-display":"","ast-hfb-above-header-display":"","ast-hfb-below-header-display":"","ast-hfb-mobile-header-display":"","site-post-title":"","ast-breadcrumbs-content":"","ast-featured-img":"disabled","footer-sml-layout":"","theme-transparent-header-meta":"default","adv-header-id-meta":"","stick-header-meta":"default","header-above-stick-meta":"","header-main-stick-meta":"","header-below-stick-meta":""},"uagb_featured_image_src":{"full":false,"thumbnail":false,"medium":false,"medium_large":false,"large":false,"1536x1536":false,"2048x2048":false,"trp-custom-language-flag":false},"uagb_author_info":{"display_name":"xpad01","author_link":"https:\/\/xplore-berlin.de\/de\/author\/xpad01\/"},"uagb_comment_info":0,"uagb_excerpt":"Please register with Jana via email: jana.felixruckert@gmx.de Ticket categories 2026: supporter: 325,00 \u20acnormal: 300,00 \u20aclow income: 275,00 \u20ac Notes: supporter: With the purchase of a supporter ticket you support the association and the possibility to offer low income tickets.low income: This category is valid for students, unemployed people, people living on social welfare\/Hartz4. Please send&hellip;","_links":{"self":[{"href":"https:\/\/xplore-berlin.de\/de\/wp-json\/wp\/v2\/pages\/7"}],"collection":[{"href":"https:\/\/xplore-berlin.de\/de\/wp-json\/wp\/v2\/pages"}],"about":[{"href":"https:\/\/xplore-berlin.de\/de\/wp-json\/wp\/v2\/types\/page"}],"author":[{"embeddable":true,"href":"https:\/\/xplore-berlin.de\/de\/wp-json\/wp\/v2\/users\/1"}],"replies":[{"embeddable":true,"href":"https:\/\/xplore-berlin.de\/de\/wp-json\/wp\/v2\/comments?post=7"}],"version-history":[{"count":48,"href":"https:\/\/xplore-berlin.de\/de\/wp-json\/wp\/v2\/pages\/7\/revisions"}],"predecessor-version":[{"id":4248,"href":"https:\/\/xplore-berlin.de\/de\/wp-json\/wp\/v2\/pages\/7\/revisions\/4248"}],"wp:attachment":[{"href":"https:\/\/xplore-berlin.de\/de\/wp-json\/wp\/v2\/media?parent=7"}],"curies":[{"name":"wp","href":"https:\/\/api.w.org\/{rel}","templated":true}]}}