{"id":832,"date":"2019-01-25T01:30:24","date_gmt":"2019-01-25T00:30:24","guid":{"rendered":"https:\/\/xplore-berlin.de\/?page_id=832"},"modified":"2020-08-04T23:12:15","modified_gmt":"2020-08-04T21:12:15","slug":"felix-ruckert","status":"publish","type":"page","link":"https:\/\/xplore-berlin.de\/de\/felix-ruckert\/","title":{"rendered":"Felix Ruckert"},"content":{"rendered":"<div class=\"wp-block-image\"><figure class=\"alignleft is-resized\"><img src=\"https:\/\/roma2019.xplore-festival.com\/wp-content\/uploads\/RuckertFelix_01wSw.jpg\" alt=\"Felix Ruckert presenter portrait\" class=\"wp-image-836\" width=\"300\" height=\"414\"\/><\/figure><\/div>\n\n\n\n<p>Felix Ruckert ist T\u00e4nzer, Choreograf und Kurator. Er kreiert Events, gibt Vortr\u00e4ge und gibt Workshops - oft kombiniert er sein Wissen aus dem Tanz mit einer einzigartigen Herangehensweise an BDSM-Praktiken und bewusster Sexualit\u00e4t. Er macht auch gerne Musik.<br> Er begann als T\u00e4nzer und arbeitete mit verschiedenen renommierten Kompanien (<strong>Mathilde Monnier, Wuppertaler Tanztheater von Pina Bausch)<\/strong>\n bevor er sich auf Choreografie, konzeptuelle Arbeiten und choreographische Installationen konzentrierte. Zwischen 1993 und 2008 schuf er mehr als 30 abendliche Auff\u00fchrungen f\u00fcr sein Berliner Unternehmen. einige davon tourten weltweit. Er beeinflusste die darstellenden K\u00fcnste stark, indem er die B\u00fchne auf den physischen K\u00f6rper des Publikums ausdehnte und ihm eine aktive Rolle in seinen Performances verleiht. Seine experimentellen Tanzst\u00fccke, seine Partizipationsarbeiten und seine Choreographien f\u00fcr Ballettkompanien machten ihn international bekannt als einer der vielseitigsten und innovativsten zeitgen\u00f6ssischen Choreographen.<\/p>\n\n\n\n<p> Felix Hauptinteresse gilt den endlosen M\u00f6glichkeiten des menschlichen K\u00f6rpers. Er studierte Ballett, Moderner und Zeitgen\u00f6ssischer Tanz, Improvisation, Feldenkrais, Pilates, Kontinuumsbewegung, Yoga, Chi Kung, Kinomichi, Kyudo, Tao Yoga, verschiedene Massagetechniken, Tantra, Kinbaku, Chor und Solo-Gesang und vieles mehr. In den letzten zwanzig Jahren wurde er bekannt durch seine praktische und theoretische Erforschung des BDSM und die Untersuchung der Verbindungen zwischen BDSM-Techniken und k\u00fcnstlerischen Praktiken, wobei er eine Ber\u00fchrungskunst und eine Philosophie der sinnlichen Kommunikation entwickelte.<br>Von 2007 bis 2016 leitete er den Kunstort <strong>schwelle7<\/strong>  in Berlin als Fusion aus einem versauten Club, einem Tanzstudio, einem Theater und einem privaten Wohnzimmer: eine permanente Performance an der Schwelle zwischen Privatem und Publikum. schwelle7 produzierte auch zahlreiche Auff\u00fchrungen und Workshops mit japanischen Meistern und spielte daher eine entscheidende Rolle bei der Popularisierung von Kinbaku - der japanischen Rope Bondage - in Europa. Eine Dokumentation \u00fcber schwelle7,&nbsp;<strong>Violently Happy von Paola Calvo<\/strong>, wurde im Jahr 2017 ver\u00f6ffentlicht.<br>Seit 2004 leitet Felix das j\u00e4hrliche Festival <strong>xplore<\/strong> in Berlin und kuratiert seine internationalen Ableger mit 28 Ausgaben in bisher sieben L\u00e4ndern. Seit 2012 leitet er auch <strong>EURIX - The European Rigger&amp;Model Exchange<\/strong>, ein halbj\u00e4hrliches Festival in Berlin, das sich der Entwicklung von Seilfesselung als Kunstform widmet.<\/p>\n\n\n\n<p>Mehr Informationen: <a href=\"http:\/\/www.felixruckert.de\">www.felixruckert.de<\/a><\/p>","protected":false},"excerpt":{"rendered":"<p>Felix Ruckert ist T\u00e4nzer, Choreograf und Kurator. Er kreiert Events, f\u00fchrt auf, h\u00e4lt Vortr\u00e4ge und unterrichtet Workshops - oft verbindet er sein Wissen aus dem Tanz mit einem einzigartigen Ansatz f\u00fcr Praktiken von BDSM und bewusster Sexualit\u00e4t. Er macht auch gerne Musik. Er begann als T\u00e4nzer bei mehreren renommierten Kompanien (Mathilde Monnier, Pina Bauschs Wuppertaler\u2026<\/p>\n<p class=\"read-more\"> <a class=\"\" href=\"https:\/\/xplore-berlin.de\/de\/felix-ruckert\/\"> <span class=\"screen-reader-text\">Felix Ruckert<\/span> Weiterlesen \u00bb<\/a><\/p>","protected":false},"author":1,"featured_media":0,"parent":0,"menu_order":0,"comment_status":"closed","ping_status":"closed","template":"","meta":{"_uag_custom_page_level_css":"","ghostkit_customizer_options":"","ghostkit_custom_css":"","ghostkit_custom_js_head":"","ghostkit_custom_js_foot":"","ghostkit_typography":"","site-sidebar-layout":"default","site-content-layout":"default","ast-global-header-display":"","ast-main-header-display":"","ast-hfb-above-header-display":"","ast-hfb-below-header-display":"","ast-hfb-mobile-header-display":"","site-post-title":"","ast-breadcrumbs-content":"","ast-featured-img":"","footer-sml-layout":"","theme-transparent-header-meta":"default","adv-header-id-meta":"","stick-header-meta":"default","header-above-stick-meta":"","header-main-stick-meta":"","header-below-stick-meta":""},"uagb_featured_image_src":{"full":false,"thumbnail":false,"medium":false,"medium_large":false,"large":false,"1536x1536":false,"2048x2048":false,"trp-custom-language-flag":false},"uagb_author_info":{"display_name":"xpad01","author_link":"https:\/\/xplore-berlin.de\/de\/author\/xpad01\/"},"uagb_comment_info":0,"uagb_excerpt":"Felix Ruckert is a dancer, choreographer and curator. He creates events, performs, gives lectures and teaches workshops \u2013 often fusing his knowledge from dance with an unique approach to practices of BDSM and conscious sexuality. He also enjoys making music. He started as a dancer working with several renowned companies (Mathilde Monnier, Pina Bausch\u2019s Wuppertaler&hellip;","_links":{"self":[{"href":"https:\/\/xplore-berlin.de\/de\/wp-json\/wp\/v2\/pages\/832"}],"collection":[{"href":"https:\/\/xplore-berlin.de\/de\/wp-json\/wp\/v2\/pages"}],"about":[{"href":"https:\/\/xplore-berlin.de\/de\/wp-json\/wp\/v2\/types\/page"}],"author":[{"embeddable":true,"href":"https:\/\/xplore-berlin.de\/de\/wp-json\/wp\/v2\/users\/1"}],"replies":[{"embeddable":true,"href":"https:\/\/xplore-berlin.de\/de\/wp-json\/wp\/v2\/comments?post=832"}],"version-history":[{"count":5,"href":"https:\/\/xplore-berlin.de\/de\/wp-json\/wp\/v2\/pages\/832\/revisions"}],"predecessor-version":[{"id":2720,"href":"https:\/\/xplore-berlin.de\/de\/wp-json\/wp\/v2\/pages\/832\/revisions\/2720"}],"wp:attachment":[{"href":"https:\/\/xplore-berlin.de\/de\/wp-json\/wp\/v2\/media?parent=832"}],"curies":[{"name":"wp","href":"https:\/\/api.w.org\/{rel}","templated":true}]}}